{"id":999,"date":"2013-11-22T00:00:00","date_gmt":"2013-11-21T23:00:00","guid":{"rendered":"http:\/\/www.grappa.no\/albums\/uncategorized\/nattas-floyel-blir-til-stal\/"},"modified":"2016-08-16T09:37:07","modified_gmt":"2016-08-16T08:37:07","slug":"nattas-floyel-blir-til-stal","status":"publish","type":"product","link":"https:\/\/grappa.no\/no\/albums\/heilo\/nattas-floyel-blir-til-stal\/","title":{"rendered":"Nattas Fl\u00f8yel Blir til St\u00e5l"},"content":{"rendered":"<p><\/p>\n<p>Sagene Ring tilbake med nytt album<\/p>\n<p>\u00abNattas fl\u00f8yel blir til st\u00e5l\u00bb er Sagene Rings nye album. De 15 l\u00e5tene er f\u00f8rst og fremst en hyllest til menneskene i som bor i byen. Bak hver l\u00e5t er det en historie eller et sted langs Akerselva eller \u00f8st for elva. Sagene Ring ble etablert i 1988 og har spilt med n\u00e5v\u00e6rende besetning siden 1992. Bandet best\u00e5r av \u00c5smund Johansen sang og fele, Erik Fosse, sang, gitar og munnspill, Petter Udland Johansen, sang, tangentinstrumenter, mandolin og fele og Per David Martinsen, kor, kontrabass, perkusjon og gitar.<\/p>\n<p>Bandet ga ut f\u00f8rste album \u201dRett opp fra elva\u201d i 1997. Andre album, \u201dSporskift\u201d kom i 2000. \u201dNattas fl\u00f8yel blir til st\u00e5l\u201d er bandets tredje album. Alle er utgitt p\u00e5 folkemusikkselskapet Heilo. Medlemmene skriver all musikk selv, tekstene er hovedsakelig skrevet av Erik Fosse og forfatteren Rolf Egil Moe. Alle sangene tar utgangspunkt i livet i Oslo og spesielt p\u00e5 Sagene.<\/p>\n<p><!--more--><\/p>\n<p>Sagene Ring er tilbake med sitt tredje album<\/p>\n<h4>En historie bak hver l\u00e5t<\/h4>\n<p>Bak hver l\u00e5t er det en historie eller et sted langs Akerselva eller \u00f8st for elva.<\/p>\n<p>\u00ab=Oslo\u00bb er til de som g\u00e5r p\u00e5 gata for \u00e5 skaffe penger til dop. \u00abJonny p\u00e5 benken\u00bb er til entusiasten som ofret seg for fotballaget selv om han aldri hadde noe talent.<\/p>\n<p>\u00abSpartacus\u00bb var det f\u00f8rste arbeideridrettslaget i Norge, stiftet i 1920. Lagets motto var \u00abIkke som et yrke, men i klassens interesse\u00bb.<\/p>\n<p>L\u00e5ta \u00abNattas fl\u00f8yel blir til st\u00e5l\u00bb er en hyllest til morgengryet over vinterbyen, der folk lever bak vinduene. Der forelsker de seg, som i \u00abFloriss\u00bb og \u00abSuzanne\u00bb, men det blir komplisert i<br \/>\n\u00abJenta fra Arendal\u00bb og ender med brudd i \u00abIkke skap deg mer n\u00e5\u00bb. Tyveriet av Munch-maleriene i august 2004 inspirerte til \u00abBalladen om Skrik og Madonna\u00bb.<\/p>\n<p>\u00abLinda\u00bb om den nyf\u00f8dte Linda som ble kastet i Akerselva av sin unge mor, er et tilbakeblikk p\u00e5 den n\u00e6re fortida da et u\u00f8nsket barn kunne v\u00e6re en katastrofe for en ung fabrikkjente. <\/p>\n<p>Historien ruller videre og vi er alle \u00abSpor i sanden\u00bb som gradvis vil forsvinne. Mens nye barn blir f\u00f8dt og sovner inn til \u00abKaris vuggesang\u00bb.<\/p>\n<h4>Sagene Ring<\/h4>\n<p>Sagene Ring ble etablert i 1988 og har spilt med n\u00e5v\u00e6rende besetning siden 1992. Bandet best\u00e5r av \u00c5smund Johansen sang og fele, Erik Fosse, sang, gitar og munnspill, Petter Udland Johansen, sang, tangentinstrumenter, mandolin og fele og Per David Martinsen, kor, kontrabass, perkusjon og gitar.<br \/>\nBandet ga ut f\u00f8rste album \u201dRett opp fra elva\u201d i 1997. Andre album, \u201dSporskift\u201d kom i 2000. \u201dNattas fl\u00f8yel blir til st\u00e5l\u201d er bandets tredje album. Alle er utgitt p\u00e5 folkemusikkselskapet Heilo. Medlemmene skriver all musikk selv, tekstene er hovedsakelig skrevet av Erik Fosse og forfatteren Rolf Egil Moe. Alle sangene tar utgangspunkt i livet i Oslo og spesielt p\u00e5 Sagene.<\/p>\n<h4><\/h4>\n<\/p>\n<p><\/p>","protected":false},"excerpt":{"rendered":"<p>Bak hver l\u00e5t er det en historie eller et sted langs Akerselva eller \u00f8st for elva.<\/p>\n","protected":false},"featured_media":27322,"comment_status":"closed","ping_status":"open","template":"","meta":[],"product_brand":[],"product_cat":[35],"product_tag":[],"class_list":{"0":"post-999","1":"product","2":"type-product","3":"status-publish","4":"has-post-thumbnail","6":"product_cat-heilo","7":"product_shipping_class-cddvd-shipping","8":"uni_artist_tag-asmund-johansen","9":"uni_artist_tag-christer-lovold","10":"uni_artist_tag-erik-fosse","11":"uni_artist_tag-kai-andersen","12":"uni_artist_tag-per-martinsen","13":"uni_artist_tag-petter-udland-johansen","14":"uni_artist_tag-sagene-ring","15":"uni_main_artist_tag-sagene-ring","16":"uni_artist_genre-folk-music","17":"uni_artist_genre-norwegian","18":"uni_artist_genre-singersongwriter","20":"first","21":"instock","22":"taxable","23":"shipping-taxable","24":"purchasable","25":"product-type-simple"},"_links":{"self":[{"href":"https:\/\/grappa.no\/no\/wp-json\/wp\/v2\/product\/999","targetHints":{"allow":["GET"]}}],"collection":[{"href":"https:\/\/grappa.no\/no\/wp-json\/wp\/v2\/product"}],"about":[{"href":"https:\/\/grappa.no\/no\/wp-json\/wp\/v2\/types\/product"}],"replies":[{"embeddable":true,"href":"https:\/\/grappa.no\/no\/wp-json\/wp\/v2\/comments?post=999"}],"wp:featuredmedia":[{"embeddable":true,"href":"https:\/\/grappa.no\/no\/wp-json\/wp\/v2\/media\/27322"}],"wp:attachment":[{"href":"https:\/\/grappa.no\/no\/wp-json\/wp\/v2\/media?parent=999"}],"wp:term":[{"taxonomy":"product_brand","embeddable":true,"href":"https:\/\/grappa.no\/no\/wp-json\/wp\/v2\/product_brand?post=999"},{"taxonomy":"product_cat","embeddable":true,"href":"https:\/\/grappa.no\/no\/wp-json\/wp\/v2\/product_cat?post=999"},{"taxonomy":"product_tag","embeddable":true,"href":"https:\/\/grappa.no\/no\/wp-json\/wp\/v2\/product_tag?post=999"}],"curies":[{"name":"wp","href":"https:\/\/api.w.org\/{rel}","templated":true}]}}