{"id":993,"date":"2014-01-17T00:00:00","date_gmt":"2014-01-16T23:00:00","guid":{"rendered":"http:\/\/www.grappa.no\/albums\/uncategorized\/harald-herresthal-nystedt-hovland-baden-and-nordheim\/"},"modified":"2016-11-18T16:39:23","modified_gmt":"2016-11-18T15:39:23","slug":"harald-herresthal-nystedt-hovland-baden-and-nordheim","status":"publish","type":"product","link":"https:\/\/grappa.no\/no\/albums\/simax-classics\/harald-herresthal-nystedt-hovland-baden-and-nordheim\/","title":{"rendered":"Harald Herresthal: Nystedt, Hovland, Baden and Nordheim"},"content":{"rendered":"<p><\/p>\n<p>Harald Herresthal spiller Nystedt, Hovland, Baden og Nordheim<\/p>\n<p>Organisten Harald Herresthal fyller 70 \u00e5r 15. januar 2014. I den anledning har vi samlet noe av hans fineste innspillinger gjennom tidene til en jubileumsutgivelse med norsk orgelmusikk.<\/p>\n<p>Det er storverk i norsk orgellitteratur som det er funnet plass til p\u00e5 denne utgivelsen. Herresthal har jobbet tett med alle komponistene p\u00e5 platen, og flere av verkene er tilegnet ham. Som organist har han v\u00e6rt en inspirasjon for norske komponister i mer enn 40 \u00e5r og fremf\u00f8rt verkene p\u00e5 konserter i inn- og utland.<\/p>\n<p><!--more--><\/p>\n<p>Organisten Harald Herresthal fyller 70 \u00e5r 15. januar 2014. I den anledning har vi samlet noe av hans fineste innspillinger gjennom tidene til en jubileumsutgivelse med norsk orgelmusikk.<\/p>\n<h4>En sjelden drivkraft i norsk musikkliv<\/h4>\n<p>Harald Herresthal (1944) er professor i kirkemusikk ved Norges musikkh\u00f8gskole og leder av Arne Nordheimsenteret samme sted. Som organist, pedagog, musikkanmelder og faglitter\u00e6r forfatter, har Herresthal siden 1970-\u00e5rene spilt en aktiv rolle i norsk musikkliv. Han har publisert en lang rekke b\u00f8ker om musikk p\u00e5 europeiske og amerikanske forlag og har v\u00e6rt en sentral akt\u00f8r i utviklingen og fornyelsen av norsk kirkemusikk. Herresthal regnes ogs\u00e5 for \u00e5 v\u00e6re en av de fremste ekspertene  p\u00e5 norsk musikkhistorie.<\/p>\n<h4>Samarbeid med norske komponister<\/h4>\n<p>Det er storverk i norsk orgellitteratur som det er funnet plass til p\u00e5 denne utgivelsen. Herresthal har jobbet tett med alle komponistene p\u00e5 platen, og flere av verkene er tilegnet ham. Som organist har han v\u00e6rt en inspirasjon for norske komponister i mer enn 40 \u00e5r og fremf\u00f8rt verkene p\u00e5 konserter i inn- og utland.<\/p>\n<h4>Musikkforsker og faglitter\u00e6r forfatter<\/h4>\n<p>Som skribent har Herresthal v\u00e6rt aktiv i spennet fra musikkanmeldelser til ruvende biografier. Han har publisert en rekke fagartikler og musikkb\u00f8ker p\u00e5 nasjonale og internasjonale forlag og f\u00e5tt priser og utmerkelser for sitt virke for norsk musikk. Fra 1990-\u00e5rene har Herresthal ogs\u00e5 arbeidet med norsk musikkhistorie p\u00e5 et bredere felt. Boken &#8216;Med Spark i Gulvet og Quinter i Bassen&#8217;. Musikalske bilder fra nasjonalromantikkens gjennombrudd i Norge, er en skildring musikkens rolle i nasjonsbyggingens tid. I 2010 avsluttet Herresthal en monumental firebindsbiografi om Ole Bull, som h\u00f8stet str\u00e5lende kritikker. <\/p>\n<p>Harald Herresthal mottok 2001 Lindemanprisen for sitt arbeid med \u00e5 formidle kunnskap om og interesse for norsk musikk. 2003 ble han utnevnt til \u00e6resdoktor ved Universit\u00e4t der Kunste i Berlin.<\/p>\n<p><\/p>","protected":false},"excerpt":{"rendered":"<p>Som organist har Herresthal v\u00e6rt en inspirasjon for norske komponister i mer enn 40 \u00e5r.<\/p>\n","protected":false},"featured_media":27532,"comment_status":"closed","ping_status":"open","template":"","meta":[],"product_brand":[],"product_cat":[180],"product_tag":[],"class_list":{"0":"post-993","1":"product","2":"type-product","3":"status-publish","4":"has-post-thumbnail","6":"product_cat-simax-classics","7":"product_shipping_class-cddvd-shipping","8":"uni_artist_tag-arne-nordheim","9":"uni_artist_tag-conrad-baden","10":"uni_artist_tag-egil-hovland","11":"uni_artist_tag-harald-herresthal","12":"uni_artist_tag-knut-nystedt","13":"uni_artist_tag-peter-kates","14":"uni_artist_tag-terje-viken","15":"uni_main_artist_tag-harald-herresthal","16":"uni_artist_genre-church-music","17":"uni_artist_genre-organ","19":"first","20":"instock","21":"taxable","22":"shipping-taxable","23":"purchasable","24":"product-type-simple"},"_links":{"self":[{"href":"https:\/\/grappa.no\/no\/wp-json\/wp\/v2\/product\/993","targetHints":{"allow":["GET"]}}],"collection":[{"href":"https:\/\/grappa.no\/no\/wp-json\/wp\/v2\/product"}],"about":[{"href":"https:\/\/grappa.no\/no\/wp-json\/wp\/v2\/types\/product"}],"replies":[{"embeddable":true,"href":"https:\/\/grappa.no\/no\/wp-json\/wp\/v2\/comments?post=993"}],"wp:featuredmedia":[{"embeddable":true,"href":"https:\/\/grappa.no\/no\/wp-json\/wp\/v2\/media\/27532"}],"wp:attachment":[{"href":"https:\/\/grappa.no\/no\/wp-json\/wp\/v2\/media?parent=993"}],"wp:term":[{"taxonomy":"product_brand","embeddable":true,"href":"https:\/\/grappa.no\/no\/wp-json\/wp\/v2\/product_brand?post=993"},{"taxonomy":"product_cat","embeddable":true,"href":"https:\/\/grappa.no\/no\/wp-json\/wp\/v2\/product_cat?post=993"},{"taxonomy":"product_tag","embeddable":true,"href":"https:\/\/grappa.no\/no\/wp-json\/wp\/v2\/product_tag?post=993"}],"curies":[{"name":"wp","href":"https:\/\/api.w.org\/{rel}","templated":true}]}}