{"id":992,"date":"2013-10-04T00:00:00","date_gmt":"2013-10-03T23:00:00","guid":{"rendered":"http:\/\/www.grappa.no\/albums\/uncategorized\/erlend-apneseth-blikkspor\/"},"modified":"2018-08-30T09:07:28","modified_gmt":"2018-08-30T08:07:28","slug":"blikkspor","status":"publish","type":"product","link":"https:\/\/grappa.no\/no\/albums\/heilo\/blikkspor\/","title":{"rendered":"Blikkspor"},"content":{"rendered":"<p><\/p>\n<p>Dreven debutant<\/p>\n<p>Erlend Apneseth (23) er en ut\u00f8ver som st\u00e5r trygt plantet med begge beina i den norske tradisjonsmusikken, men som samtidig  improviserer og s\u00f8ker nye uttrykk \u2013 hele tiden med klangene fra hardingfela og folkemusikken som utgangspunkt.  Debutalbumet Blikkspor best\u00e5r b\u00e5de av inspirerte improvisasjoner og kraftfulle tolkninger av sl\u00e5tter som er viktige for Erlend.  Apneseth er s\u00e5kalt elitespelemann, og stiller i A-klassen under Landskappleiken. Under \u00e5rets landskappleik spilte han seg til finalen og fikk tildelt Fureprisen \u2013 en talentpris for musikere under 25 \u00e5r.  Erlend har studert ved Ole Bull Akademiet p\u00e5 Voss og g\u00e5tt i l\u00e6re hos  H\u00e5kon H\u00f8gemo. \u00abDen improviserte musikken tiltaler meg. Den forteller historiene p\u00e5 en annen m\u00e5te; den skildrer noe jeg forst\u00e5r men likevel ikke helt kan gripe.\u00bb skriver Apneseth i omslagsteksten.  \u00abBlikkspor\u00bb ble innspilt i Rainbow Studio i Oslo med tekniker Jan Erik Kongshaug og produsent Arve Henriksen. Henriksen er ogs\u00e5 gjestemusiker p\u00e5 albumet sammen med gitarist Stephan Meidell og trommeslager \u00d8yvind Hegg-Lunde.<\/p>\n<p>I fjor ble Apneseth, som den sjette i rekken etter Valkyrien Allstars, Gjermund Larsen, Siri Nilsen, Frida \u00c5nnevik og Moskus tildelt Grappas debutantpris. I juryuttalelsen ble det fremhevet at Apneseth \u00aber en musiker med sterk personlighet og vilje til \u00e5 tr\u00e5kke opp sin egen sti.\u00bb<\/p>\n<p><!--more--><\/p>\n<p>Erlend Apneseth (23) er en ut\u00f8ver som st\u00e5r trygt plantet med begge beina i den norske tradisjonsmusikken, men som samtidig  improviserer og s\u00f8ker nye uttrykk \u2013 hele tiden med klangene fra hardingfela og folkemusikken som utgangspunkt. Debutalbumet Blikkspor best\u00e5r b\u00e5de av inspirerte improvisasjoner og kraftfulle tolkninger av sl\u00e5tter som er viktige for Erlend.<\/p>\n<h4>Debutantprisvinner<\/h4>\n<p>I fjor ble Apneseth, som den sjette i rekken etter Valkyrien Allstars, Gjermund Larsen, Siri Nilsen, Frida \u00c5nnevik og Moskus tildelt Grappas debutantpris. I juryuttalelsen ble det fremhevet at Apneseth \u00aber en musiker med sterk personlighet og vilje til \u00e5 tr\u00e5kke opp sin egen sti.\u00bb<\/p>\n<p>Apneseth,  som er f\u00f8dt og oppvokst i J\u00f8lster i Sunnfjord, kom som ti\u00e5ring i kontakt med folkemusikken n\u00e6rmest ved en tilfeldighet: \u00abFaren min kj\u00f8pte med ei lita fele fra Burma en gang han var p\u00e5 jobb der. N\u00e5r spellemannslaget hjemme, som p\u00e5 den tida hadde et ganske aktivt ungdomsmilj\u00f8, tilb\u00f8d oppl\u00e6ring, var det bare \u00e5 slenge seg p\u00e5 med den fela jeg hadde.\u00bb Allerede som 14-\u00e5ring vant Apneseth C-klassen under Landskappleiken p\u00e5 R\u00f8ros. Sigmund Eik\u00e5s var en av hans f\u00f8rste l\u00e6rere: \u00aballe m\u00f8ter, samtaler og all spilling med Sigmund Eik\u00e5s opp igjennom \u00e5ra og milj\u00f8et hjemme har selvsagt hatt veldig stor betydning.\u00bb sier Apneseth. Apneseth deltok p\u00e5 albumet \u00abJ\u00f8lster 2012\u00bb sammen med Sigmund Eik\u00e5s, Synn\u00f8ve Bj\u00f8rset og Gro Marie Svidal. Albumet ble nominert til en Folkelarmpris i 2012.<\/p>\n<h4>Improvisasjoner<\/h4>\n<p>\u00abDen improviserte musikken tiltaler meg. Den forteller historiene p\u00e5 en annen m\u00e5te; den skildrer noe jeg forst\u00e5r men likevel ikke helt kan gripe.\u00bb skriver Apneseth i omslagsteksten. Musiker Nils \u00d8kland var en av dem som vakte interessen hans for improvisasjon. \u00abJeg var veldig begeistret for m\u00e5ten han brukte fela p\u00e5, og hvordan han utformet musikken sin. F\u00f8rste gang jeg og Nils skulle m\u00f8tes for en time, bestod den av at vi bare spilte sammen, helt fritt. <\/p>\n<p>H\u00f8sten 2011 fekk Apneseth en jobb med dansekompaniet Carte Blanche i Bergen der rollen hans var \u00e5 improvisere p\u00e5 solo hardingfele. \u00abDet var skremmende, moro, og framfor alt utrolig utviklende \u00e5 bare bli kasta ut i improvisasjonen p\u00e5 den m\u00e5ten foran et betalende publikum. Jeg f\u00f8lte plutselig jeg hadde utdanna meg to \u00e5r fram i tid.\u00bb  Apneseth har senere gjort prosjekter med st\u00f8rre improvisasjonsensembler og folk- og jazzbaserte grupper, med strupesanger og joiker Torgeir Vassvik og med poet Erlend O. N\u00f8dtvedt. Han har ogs\u00e5 v\u00e6rt solist med Bergen Filharmoniske Orkester, og er &quot;m\u00e5nedens artist&quot; p\u00e5 Riksscenen h\u00f8sten 2013.<\/p>\n<h4>Blikkspor<\/h4>\n<p>\u00abBlikkspor\u00bb ble innspilt i Rainbow Studio i Oslo med tekniker Jan Erik Kongshaug og produsent Arve Henriksen. Henriksen er ogs\u00e5 gjestemusiker p\u00e5 albumet sammen med gitarist Stephan Meidell og trommeslager \u00d8yvind Hegg-Lunde.<\/p>\n<p><\/p>","protected":false},"excerpt":{"rendered":"<p>Debutalbumet Blikkspor best\u00e5r b\u00e5de av inspirerte improvisasjoner og kraftfulle tolkninger av sl\u00e5tter som er viktige for Erlend.<\/p>\n","protected":false},"featured_media":27318,"comment_status":"closed","ping_status":"open","template":"","meta":[],"product_brand":[],"product_cat":[35],"product_tag":[],"class_list":{"0":"post-992","1":"product","2":"type-product","3":"status-publish","4":"has-post-thumbnail","6":"product_cat-heilo","7":"product_shipping_class-cddvd-shipping","8":"uni_artist_tag-arve-henriksen","9":"uni_artist_tag-erlend-apneseth","10":"uni_artist_tag-oyvind-hegg-lunde","11":"uni_artist_tag-stephan-meidell","12":"uni_artist_tag-trad","13":"uni_main_artist_tag-erlend-apneseth","14":"uni_artist_genre-folk-music","15":"uni_artist_genre-improvised-music","17":"first","18":"instock","19":"taxable","20":"shipping-taxable","21":"purchasable","22":"product-type-simple"},"_links":{"self":[{"href":"https:\/\/grappa.no\/no\/wp-json\/wp\/v2\/product\/992","targetHints":{"allow":["GET"]}}],"collection":[{"href":"https:\/\/grappa.no\/no\/wp-json\/wp\/v2\/product"}],"about":[{"href":"https:\/\/grappa.no\/no\/wp-json\/wp\/v2\/types\/product"}],"replies":[{"embeddable":true,"href":"https:\/\/grappa.no\/no\/wp-json\/wp\/v2\/comments?post=992"}],"wp:featuredmedia":[{"embeddable":true,"href":"https:\/\/grappa.no\/no\/wp-json\/wp\/v2\/media\/27318"}],"wp:attachment":[{"href":"https:\/\/grappa.no\/no\/wp-json\/wp\/v2\/media?parent=992"}],"wp:term":[{"taxonomy":"product_brand","embeddable":true,"href":"https:\/\/grappa.no\/no\/wp-json\/wp\/v2\/product_brand?post=992"},{"taxonomy":"product_cat","embeddable":true,"href":"https:\/\/grappa.no\/no\/wp-json\/wp\/v2\/product_cat?post=992"},{"taxonomy":"product_tag","embeddable":true,"href":"https:\/\/grappa.no\/no\/wp-json\/wp\/v2\/product_tag?post=992"}],"curies":[{"name":"wp","href":"https:\/\/api.w.org\/{rel}","templated":true}]}}