{"id":985,"date":"2013-08-09T00:00:00","date_gmt":"2013-08-08T23:00:00","guid":{"rendered":"http:\/\/www.grappa.no\/albums\/uncategorized\/in-sugartown\/"},"modified":"2022-08-17T14:07:05","modified_gmt":"2022-08-17T13:07:05","slug":"in-sugartown","status":"publish","type":"product","link":"https:\/\/grappa.no\/no\/albums\/grappa\/in-sugartown\/","title":{"rendered":"In Sugartown"},"content":{"rendered":"<p><\/p>\n<p>Gudfedrene av autentisk norsk Rhythm &amp; Blues<\/p>\n<p>Good Time Charlie ble dannet i Bergen tidlig p\u00e5 80-tallet, og ble raskt et av Norges favoritt liveband. Deres blanding av amerikansk musikk fra 40- og 50-tallet bidrog til \u00e5 definere deres r\u00e5e, sjelfulle og autentiske sound &#8211; gjerne kalt &#8220;The Good Time Charlie signature&#8221;.<\/p>\n<p>Den nye platen inneholder en str\u00f8ken miks av l\u00e5ter inspirert av 50-tallets Rhythm &amp; Blues, New Orleans- og Swamp Blues. GTC presenterer her sitt unike, autentiske sound og den store stilmessige spennvidden bandet behersker.<\/p>\n<p>GTC er blitt kalt gudfedrene av autentisk norsk Rhythm &amp; Blues \u2013 og det med god grunn.<br \/>\n30 \u00e5r p\u00e5 veien som et av de viktigste pionerbandene innenfor autentisk blues og soul har gitt dem status som det beste R&amp;B-bandet utenfor USA p\u00e5 lang tid. De har v\u00e6rt instrumentelle i \u00e5 sette den h\u00f8ye standarden som n\u00e5 blir fulgt av den nye generasjonen av norske blues band.<\/p>\n<p><!--more--><\/p>\n<p>\u00abIn Sugartown\u00bb er en samling av l\u00e5ter fra tidligere GTC album som \u00abComin&#8217; Down With The Blues\u00bb, \u00abOochie Coochie!\u00bb og \u00abIt&#8217;s Alright\u00bb. Her vil du finne mye bra orginalmateriale kombinert med noen obskure men klassiske rythm &amp; blues sanger.<\/p>\n<h4>GTC som inspirasjonskilde<\/h4>\n<p>Bandet har spilt en viktig rolle som inspirasjonskilde for hele det norske bluessamfunnet, og har hatt stor innflytelse p\u00e5 b\u00e5de musikere, foreninger og klubber. Gjennom 80- og 90-tallet fungerte de som en bluesskole for andre band og aspirerende musikere, og de har v\u00e6rt instrumentelle i \u00e5 sette den h\u00f8ye standarden som n\u00e5 blir fulgt av den nye generasjonen av norske blues band.<\/p>\n<h4>Gudfedrene av autentisk norsk rythm &amp; blues<\/h4>\n<p>GTC er blitt kalt gudfedrene av autentisk norsk rhythm &amp; blues \u2013 og det med god grunn.<br \/>\n30 \u00e5r p\u00e5 veien som et av de viktigste pionerbandene innenfor autentisk blues og soul har gitt dem status som det beste R&amp;B-bandet utenfor USA p\u00e5 lang tid.<\/p>\n<h4>Stor stilmessig spennvidde<\/h4>\n<p>Deres solide backbeat, samt den groove og generelt rene stilen har sikret bandet plassen som back-up band for slike storhelter som Lowell Fulson, Hubert Sumlin, James Cotton, Pinetop Perkins og Jimmy Dawkins. Good Time Charlie har imponert alle legendene. Hvofor? Nettopp p\u00e5 grunn av deres unike, autentiske sound og den store stilmessige spennvidden bandet behersker. Den nye platen inneholder en str\u00f8ken miks av l\u00e5ter inspirert av 50-tallets Rhythm &amp; Blues, New Orleans- og Swamp Blues.<\/p>\n<p><\/p>","protected":false},"excerpt":{"rendered":"<p>\u00abIn Sugartown\u00bb er en potent og energifylt godbit fra et band som har satt store spor etter seg!<\/p>\n","protected":false},"featured_media":27111,"comment_status":"closed","ping_status":"closed","template":"","meta":[],"product_brand":[],"product_cat":[6],"product_tag":[],"class_list":{"0":"post-985","1":"product","2":"type-product","3":"status-publish","4":"has-post-thumbnail","6":"product_cat-grappa","7":"product_shipping_class-cddvd-shipping","8":"uni_artist_tag-a-neville","9":"uni_artist_tag-alf-emil-eik","10":"uni_artist_tag-arle-hjelmeland","11":"uni_artist_tag-burns","12":"uni_artist_tag-d-covay","13":"uni_artist_tag-good-time-charlie","14":"uni_artist_tag-j-berry","15":"uni_artist_tag-j-otis","16":"uni_artist_tag-j-watson","17":"uni_artist_tag-jarle-olsen","18":"uni_artist_tag-johnny-augland","19":"uni_artist_tag-k-pheiffer","20":"uni_artist_tag-kjetil-grande","21":"uni_artist_tag-lassiter","22":"uni_artist_tag-leif-korsnes","23":"uni_artist_tag-lisbet-svardal","24":"uni_artist_tag-m-vincent","25":"uni_artist_tag-marte-solvag","26":"uni_artist_tag-mercer","27":"uni_artist_tag-oivind-lunde","28":"uni_artist_tag-oystein-lydvo","29":"uni_artist_tag-per-fredriksen","30":"uni_artist_tag-steinar-karlsen","31":"uni_artist_tag-thibodeaux","32":"uni_artist_tag-vince","33":"uni_artist_tag-warren","34":"uni_artist_tag-williams","35":"uni_artist_tag-yngve-leidulv-saetre","36":"uni_main_artist_tag-good-time-charlie","37":"uni_artist_genre-blues","38":"uni_artist_genre-rhythm-and-blues","39":"uni_artist_genre-rock","40":"uni_artist_genre-roots","42":"first","43":"outofstock","44":"taxable","45":"shipping-taxable","46":"purchasable","47":"product-type-simple"},"_links":{"self":[{"href":"https:\/\/grappa.no\/no\/wp-json\/wp\/v2\/product\/985","targetHints":{"allow":["GET"]}}],"collection":[{"href":"https:\/\/grappa.no\/no\/wp-json\/wp\/v2\/product"}],"about":[{"href":"https:\/\/grappa.no\/no\/wp-json\/wp\/v2\/types\/product"}],"replies":[{"embeddable":true,"href":"https:\/\/grappa.no\/no\/wp-json\/wp\/v2\/comments?post=985"}],"wp:featuredmedia":[{"embeddable":true,"href":"https:\/\/grappa.no\/no\/wp-json\/wp\/v2\/media\/27111"}],"wp:attachment":[{"href":"https:\/\/grappa.no\/no\/wp-json\/wp\/v2\/media?parent=985"}],"wp:term":[{"taxonomy":"product_brand","embeddable":true,"href":"https:\/\/grappa.no\/no\/wp-json\/wp\/v2\/product_brand?post=985"},{"taxonomy":"product_cat","embeddable":true,"href":"https:\/\/grappa.no\/no\/wp-json\/wp\/v2\/product_cat?post=985"},{"taxonomy":"product_tag","embeddable":true,"href":"https:\/\/grappa.no\/no\/wp-json\/wp\/v2\/product_tag?post=985"}],"curies":[{"name":"wp","href":"https:\/\/api.w.org\/{rel}","templated":true}]}}