{"id":983,"date":"2013-06-28T00:00:00","date_gmt":"2013-06-27T23:00:00","guid":{"rendered":"http:\/\/www.grappa.no\/albums\/uncategorized\/moya-som-droymde\/"},"modified":"2016-08-16T09:36:38","modified_gmt":"2016-08-16T08:36:38","slug":"moya-som-droymde","status":"publish","type":"product","link":"https:\/\/grappa.no\/no\/albums\/heilo\/moya-som-droymde\/","title":{"rendered":"M\u00f8ya som dr\u00f8ymde"},"content":{"rendered":"<p><\/p>\n<p>Olav Sandes ur\u00f8rte balladar fra Hardanger og Voss vekt til live i ei ny og fri drakt av Lajla Renate Buer Storli<\/p>\n<p>Riddargarden og Lagmannstova p\u00e5 Aga i Hardanger viser at mellomalderen var ei tid for vekst i fjorden. Bygningar og gjenstandar etter dette finnest fortsatt, og er noko av den eldste dokumentasjonen me har fr\u00e5 denne tida i Noreg. Det er ganske sikkert at balladane vart bruka i Hardanger, men kvar vart dei av?<br \/>\nFolkemusikkinnsamlarane Ludvig Mathias Lindemann og J\u00f8rgen Moe var berre nokre f\u00e5 innsamlingsturar til Hardanger, og ein finn lite vokal- materiale fr\u00e5 fjorden i samlingane deira.Olav Sande var l\u00e6rar i Hardanger nokre \u00e5r, og fekk med seg eit st\u00f8rre knippe songar fr\u00e5 b\u00e5de Hardanger og Voss. Olav skreiv ned omlag 2000 songar fr\u00e5 Vestlandet og S\u00f8r-Noreg, og mesteparten av dei er lite kjende. <\/p>\n<p>D\u00e5 Lajla Renate byrja \u00e5 jobbe med dette historiske materialet, s\u00e5g ho at det ikkje var skrive ned meir enn nokre fr\u00e5 vers. Difor m\u00e5tte ho leite seg fram etter den manglande teksten ved \u00e5 hente ut vers fr\u00e5 liknande balladar som l\u00e5g i balladearkivet.<br \/>\nEtter mykje arbeid og r\u00e5d fr\u00e5 Kirsten Br\u00e5ten Berg, sit ho att med eit repertoar p\u00e5 mellomalderballadar fr\u00e5 Hardanger og Voss som ingen brukar! Dette har vorte til cd-en \u00abM\u00f8ya som dr\u00f8ymde!\u00bb<\/p>\n<p>Saman med John Ole Morken har ho ogs\u00e5 teke fram lite bruka hardingfelesl\u00e5ttar fr\u00e5 samlingane etter Arne Bj\u00f8rndal. I samarbeid med den kjende hardingfelespelaren Knut Hamre, har desse sl\u00e5ttane vorte vekt til live i ei ny og fri drakt!\u00a0\u00a0Dette er sm\u00e5 perler, som framtrer som sm\u00e5 dikt imellom dei store balladetekstane.<\/p>\n<p><!--more--><\/p>\n<p>Lajla seier om arbeidet med den nye plata;\u00a0\u201d\u00a0Nedteikningane etter Olav er som prydsaum for augo, og dette er ein skatt eg ynskjer \u00e5 setje fram i ljoset. Ved \u00e5 studere materiale fr\u00e5 desse samlingane, har eg f\u00e5tt sett meg meir inn i den eldre delen av folkesong og pr\u00f8va \u00e5 f\u00e5 den i samanheng med den enormt spanande og bortg\u00f8ymde\u00a0mellomalderhisoria,\u00a0som ligg l\u00f8ynd i fjordlandskapet. D\u00e5 me spela inn plata i den mellomalderske Lagmannstova i Hardanger, fekk eg ei heilt klar kjensle p\u00e5 at musikken var komen heim. Dette materialet har nok levd eit liv der saman med adelen, riddaren, munkane og bonden i fjorden.\u201d<\/p>\n<h4>Folkemusikkinnsamlarane<\/h4>\n<p>Riddargarden og Lagmannstova p\u00e5 Aga i Hardanger viser at mellomalderen var ei tid for vekst i fjorden. Bygningar og gjenstandar etter dette finnest fortsatt, og er noko av den eldste dokumentasjonen me har fr\u00e5 denne tida i Noreg. Det er ganske sikkert at balladane vart bruka i Hardanger, men kvar vart dei av?<br \/>\nFolkemusikkinnsamlarane Ludvig Mathias Lindemann og J\u00f8rgen Moe var berre nokre f\u00e5 innsamlingsturar til Hardanger, og ein finn lite vokal- materiale fr\u00e5 fjorden i samlingane deira.Olav Sande var l\u00e6rar i Hardanger nokre \u00e5r, og fekk med seg eit st\u00f8rre knippe songar fr\u00e5 b\u00e5de Hardanger og Voss. Olav skreiv ned omlag 2000 songar fr\u00e5 Vestlandet og S\u00f8r-Noreg, og mesteparten av dei er lite kjende. Desse samlingane er \u00e5 finne p\u00e5 Nasjonalbiblioteket.<\/p>\n<h4>Vers fra balladearkivet<\/h4>\n<p>D\u00e5 Lajla Renate byrja \u00e5 jobbe med dette historiske materialet, s\u00e5g ho at det ikkje var skrive ned meir enn nokre fr\u00e5 vers. Difor m\u00e5tte ho leite seg fram etter den manglande teksten ved \u00e5 hente ut vers fr\u00e5 liknande balladar som l\u00e5g i balladearkivet.<br \/>\nEtter mykje arbeid og r\u00e5d fr\u00e5 Kirsten Br\u00e5ten Berg, sit ho att med eit repertoar p\u00e5 mellomalderballadar fr\u00e5 Hardanger og Voss som ingen brukar! Dette har vorte til cd-en \u00abM\u00f8ya som dr\u00f8ymde!\u00bb<\/p>\n<h4>Hardingfelesl\u00e5ttar vekt til live i ei ny og fri drakt<\/h4>\n<p>Saman med John Ole Morken har ho ogs\u00e5 teke fram lite bruka hardingfelesl\u00e5ttar fr\u00e5 samlingane etter Arne Bj\u00f8rndal. I samarbeid med den kjende hardingfelespelaren Knut Hamre, har desse sl\u00e5ttane vorte vekt til live i ei ny og fri drakt!\u00a0\u00a0Dette er sm\u00e5 perler, som framtrer som sm\u00e5 dikt imellom dei store balladetekstane.<\/p>\n<p><\/p>","protected":false},"excerpt":{"rendered":"<p>Kvedaren og musikaren Kirsten Br\u00e5ten Berg har vore med p\u00e5 \u00e5 forme balladane, og var ogs\u00e5 med som vokalprodusent under innspelinga i Agatunet. Ho deltek p\u00e5 nokre av spora. Folkemusikaren Stein Villa fr\u00e5 Gj\u00f8vik som spelar lyre, harpe, langeleik og andre mellomalderinstrument, har vore med p\u00e5 \u00e5 setja tonar til songane og  gjeve det eit tiln\u00e6rma autentisk lydbilete.<\/p>\n<p>Hardingfelespelaren Knut Hamre har vore delaktig p\u00e5 plata, og songaren Kim Andr\u00e8 Rysstad syng saman med Lajla p\u00e5 nokre av spora p\u00e5 cd-en. John Ole Morken er produsent p\u00e5 innspelinga.<\/p>\n","protected":false},"featured_media":27311,"comment_status":"closed","ping_status":"open","template":"","meta":[],"product_brand":[],"product_cat":[35],"product_tag":[],"class_list":{"0":"post-983","1":"product","2":"type-product","3":"status-publish","4":"has-post-thumbnail","6":"product_cat-heilo","7":"product_shipping_class-cddvd-shipping","8":"uni_artist_tag-john-ole-morken","9":"uni_artist_tag-kim-andre-rysstad","10":"uni_artist_tag-kirsten-braten-berg","11":"uni_artist_tag-knut-hamre","12":"uni_artist_tag-lajla-renate-buer-storli","13":"uni_artist_tag-stein-villa","14":"uni_artist_tag-trad","15":"uni_main_artist_tag-lajla-renate-buer-storli","16":"uni_artist_genre-folk-music","18":"first","19":"instock","20":"taxable","21":"shipping-taxable","22":"purchasable","23":"product-type-simple"},"_links":{"self":[{"href":"https:\/\/grappa.no\/no\/wp-json\/wp\/v2\/product\/983","targetHints":{"allow":["GET"]}}],"collection":[{"href":"https:\/\/grappa.no\/no\/wp-json\/wp\/v2\/product"}],"about":[{"href":"https:\/\/grappa.no\/no\/wp-json\/wp\/v2\/types\/product"}],"replies":[{"embeddable":true,"href":"https:\/\/grappa.no\/no\/wp-json\/wp\/v2\/comments?post=983"}],"wp:featuredmedia":[{"embeddable":true,"href":"https:\/\/grappa.no\/no\/wp-json\/wp\/v2\/media\/27311"}],"wp:attachment":[{"href":"https:\/\/grappa.no\/no\/wp-json\/wp\/v2\/media?parent=983"}],"wp:term":[{"taxonomy":"product_brand","embeddable":true,"href":"https:\/\/grappa.no\/no\/wp-json\/wp\/v2\/product_brand?post=983"},{"taxonomy":"product_cat","embeddable":true,"href":"https:\/\/grappa.no\/no\/wp-json\/wp\/v2\/product_cat?post=983"},{"taxonomy":"product_tag","embeddable":true,"href":"https:\/\/grappa.no\/no\/wp-json\/wp\/v2\/product_tag?post=983"}],"curies":[{"name":"wp","href":"https:\/\/api.w.org\/{rel}","templated":true}]}}