{"id":972,"date":"2013-05-10T00:00:00","date_gmt":"2013-05-09T23:00:00","guid":{"rendered":"http:\/\/www.grappa.no\/albums\/uncategorized\/bergen-mandolinband-flotmyr-gumbo-lp\/"},"modified":"2016-09-08T08:32:37","modified_gmt":"2016-09-08T07:32:37","slug":"bergen-mandolinband-flotmyr-gumbo-lp","status":"publish","type":"product","link":"https:\/\/grappa.no\/no\/albums\/grappa\/bergen-mandolinband-flotmyr-gumbo-lp\/","title":{"rendered":"Bergen Mandolinband: Flotmyr Gumbo LP"},"content":{"rendered":"<p><\/p>\n<p>Godlynt tungsinn og livlig festmusikk<\/p>\n<p>T\u00e5rer og latter, feler og mandoliner, fullt bluegrasskj\u00f8r og skj\u00f8re countryviser p\u00e5 Haugesund-dialekt. Livet blir faktisk ikke helt det samme etterp\u00e5.<br \/>\nDagbladet<\/p>\n<p>\u201dFlotmyr Gumbo\u201d er Bergen Mandolinbands tredje album p\u00e5 Grappa Musikkforlag og uten tvil deres beste og mest personlige s\u00e5 langt. Albumet f\u00f8lger opp kritikerroste \u201dTil Skogen\u201d fra 2010. P\u00e5 \u201dFlotmyr Gumbo\u201d blandes egenprodusert l\u00e5tmateriale med tradisjonelle nordamerikanske cajun- og old-time l\u00e5ter.  Godlynt tungsinn, s\u00e5r heimstadsdiktning, hverdagstristesse, etterp\u00e5kloke drikkeviser og livlig danse- og festmusikk. Tekstene er det for en stor del vokalist (og forfatter) Gaute M. Sortland som st\u00e5r bak.<\/p>\n<p>Anne Lise Fr\u00f8kedal fra Harrys Gym\/I Was A King er ogs\u00e5 denne  gangen med som gjestevokalist p\u00e5 flere spor.<\/p>\n<p><!--more--><\/p>\n<p>\u201dFlotmyr Gumbo\u201d er Bergen Mandolinbands tredje album p\u00e5 Grappa Musikkforlag og uten tvil deres beste og mest personlige s\u00e5 langt. Albumet f\u00f8lger opp kritikerroste \u201dTil Skogen\u201d fra 2010.<\/p>\n<h4>Cajunmusikk<\/h4>\n<p>P\u00e5 \u201dFlotmyr Gumbo\u201d blandes egenprodusert l\u00e5tmateriale med tradisjonelle nordamerikanske cajun- og old-time l\u00e5ter.  Godlynt tungsinn, s\u00e5r heimstadsdiktning, hverdagstristesse, etterp\u00e5kloke drikkeviser og livlig danse- og festmusikk. Tekstene er det for en stor del vokalist (og forfatter) Gaute M. Sortland som st\u00e5r bak. Om \u201dFlotmyr Gumbo\u201d sier bandet: \u201dVi er veldig forn\u00f8yde med oss selv denne gangen. Mer enn noen gang kjenner vi at vi n\u00e6rmer oss det musikalske beinet vi s\u00e5 gjerne vil skj\u00e6re oss inn til. Fra cajuntradisjonen har vi b\u00e5de hentet flere melodier og mye inspirasjon denne gangen. I cajunmusikken blandes s\u00e5rhet og intensitet, t\u00f8rst og livslyst, men \u201dFlotmyr Gumbo\u201d har nok en annen smak enn Cajun Gumbo.<\/p>\n<h4>Flotmyr<\/h4>\n<p>Flotmyr er et omr\u00e5de n\u00e6r Haugesund sentrum, kanskje mest kjent som stedet der byens slitte bussterminal befinner seg, \u201dB\u00e5de tittelen og tematikken i flere av l\u00e5tene kretser rundt det blandede forholdet til stedet vi kommer fra, reisen bort og den umulige reisen tilbake igjen. Alt det som er vakkert og alt det som er stygt, og alt det som er en skitten realitet i byen v\u00e5r.\u201d<\/p>\n<p>Anne Lise Fr\u00f8kedal fra Harrys Gym\/I Was A King er ogs\u00e5 denne  gangen med som gjestevokalist p\u00e5 flere spor.<\/p>\n<h4><\/h4>\n<\/p>\n<p><\/p>","protected":false},"excerpt":{"rendered":"<p>\u201dFlotmyr Gumbo\u201d er Bergen Mandolinbands tredje album p\u00e5 Grappa Musikkforlag og uten tvil deres beste og mest personlige s\u00e5 langt.<\/p>\n","protected":false},"featured_media":27211,"comment_status":"closed","ping_status":"open","template":"","meta":[],"product_brand":[],"product_cat":[6],"product_tag":[],"class_list":{"0":"post-972","1":"product","2":"type-product","3":"status-publish","4":"has-post-thumbnail","6":"product_cat-grappa","7":"product_shipping_class-vinyl-shipping","8":"uni_artist_genre-folk-music","9":"uni_artist_genre-singersongwriter","11":"first","12":"instock","13":"taxable","14":"shipping-taxable","15":"purchasable","16":"product-type-simple"},"_links":{"self":[{"href":"https:\/\/grappa.no\/no\/wp-json\/wp\/v2\/product\/972","targetHints":{"allow":["GET"]}}],"collection":[{"href":"https:\/\/grappa.no\/no\/wp-json\/wp\/v2\/product"}],"about":[{"href":"https:\/\/grappa.no\/no\/wp-json\/wp\/v2\/types\/product"}],"replies":[{"embeddable":true,"href":"https:\/\/grappa.no\/no\/wp-json\/wp\/v2\/comments?post=972"}],"wp:featuredmedia":[{"embeddable":true,"href":"https:\/\/grappa.no\/no\/wp-json\/wp\/v2\/media\/27211"}],"wp:attachment":[{"href":"https:\/\/grappa.no\/no\/wp-json\/wp\/v2\/media?parent=972"}],"wp:term":[{"taxonomy":"product_brand","embeddable":true,"href":"https:\/\/grappa.no\/no\/wp-json\/wp\/v2\/product_brand?post=972"},{"taxonomy":"product_cat","embeddable":true,"href":"https:\/\/grappa.no\/no\/wp-json\/wp\/v2\/product_cat?post=972"},{"taxonomy":"product_tag","embeddable":true,"href":"https:\/\/grappa.no\/no\/wp-json\/wp\/v2\/product_tag?post=972"}],"curies":[{"name":"wp","href":"https:\/\/api.w.org\/{rel}","templated":true}]}}