{"id":971,"date":"2013-05-03T00:00:00","date_gmt":"2013-05-02T23:00:00","guid":{"rendered":"http:\/\/www.grappa.no\/albums\/uncategorized\/ostfolk-ostfolk\/"},"modified":"2016-08-16T09:20:20","modified_gmt":"2016-08-16T08:20:20","slug":"ostfolk-ostfolk","status":"publish","type":"product","link":"https:\/\/grappa.no\/no\/albums\/heilo\/ostfolk-ostfolk\/","title":{"rendered":"\u00d8stfolk: \u00d8stfolk"},"content":{"rendered":"<p><\/p>\n<p>Musikk fra \u00d8stfold<\/p>\n<p>For mange er \u00d8stfold en hvit flekk p\u00e5 folkemusikkartet. Men er \u00d8stfold virkelig fritt for folkemusikk? De tre drevne musikerne i trioen \u00d8stfolk tok saken. De lette, og fant; viser, sl\u00e5ttestev, religi\u00f8se toner og ballader; vilt og vakkert, fengende og lyrisk.\u00a0\u00d8stfolk startet som et skolekonsertprosjekt i \u00d8stfold. Det finnes sv\u00e6rt lite innspilt folkemusikk fra \u00d8stfold, og folkemusiker Vegar V\u00e5rdal gjorde en stor innsats med arkivgraving og vurdering av materiale. Han fikk med seg Linn Andrea Fuglseth (Trio Medi\u00e6val) og \u00c5smund Reistad (Aasmund Nordstoga), og sammen har laget de trioen \u00d8stfolk. Gruppen rakk \u00e5 holde konserter med \u00f8stfoldmusikken for tusenvis av barn f\u00f8r de bestemte seg for \u00e5 gj\u00f8re en innspilling i \u00d8stre Fredrikstad Kirke med tekniker Tor Magne Hallibakken.<\/p>\n<p><!--more--><\/p>\n<p>For mange er \u00d8stfold en hvit flekk p\u00e5 folkemusikkartet. Men er \u00d8stfold virkelig fritt for folkemusikk? De tre drevne musikerne i trioen \u00d8stfolk tok saken. De lette, og fant; viser, sl\u00e5ttestev, religi\u00f8se toner og ballader; vilt og vakkert, fengende og lyrisk.\u00a0<\/p>\n<h4>Om gruppen<\/h4>\n<p>V\u00e5rdal fikk med seg Linn Andrea Fuglseth (Trio Medi\u00e6val) og \u00c5smund Reistad (Aasmund Nordstoga), og sammen har laget de trioen \u00d8stfolk. Gruppen rakk \u00e5 holde konserter med \u00f8stfoldmusikken for tusenvis av barn f\u00f8r de bestemte seg for \u00e5 gj\u00f8re en innspilling i \u00d8stre Fredrikstad Kirke med tekniker Tor Magne Hallibakken. <\/p>\n<p>Vegar V\u00e5rdal \u2013 feler og sang, er en allsidig artist og pedagog, med faglig bakgrunn bl.a. fra\u00a0Norges Musikkh\u00f8gskole\u00a0og NTNU i Trondheim. Han jobber b\u00e5de som danser og musiker, med\u00a0fele og hardingfele som hovedinstrument. Som folkemusiker virker han for det meste som soloartist, og som studiomusiker, eller i grupper som RUSK, Stolen from Norway,\u00a0fant &amp; fente,\u00a0Patrik &amp; Vegar\u00a0og strengekompaniet. V\u00e5rdal underviser ogs\u00e5 ved bla Norges Musikkh\u00f8gskole, Ole Bull- studiet p\u00e5 Voss.<\/p>\n<p>Linn Andrea Fuglseth \u2013 sang, orgel og stavklokker, har diplomutdannelse fra\u00a0Norges Musikkh\u00f8gskole\u00a0og Guildhall School of Music &amp; Drama. I tillegg til at hun har spesialisert seg innen\u00a0tidligmusikkfeltet, er Fuglseth kjent som en av medlemmene i Trio Medi\u00e6val, en vokalgruppe hun startet i 1997. Trio Medi\u00e6val turnerer i USA, Asia og Europa, har utgitt fem innspillinger\u00a0p\u00e5 ECM Records, og v\u00e6rt b\u00e5de Grammy- og Spellemann-nominert. Fuglseth har v\u00e6rt solist med bl.a. KORK, Det Norske Barokkorkester, Stavanger Symfoniorkester og Det Norske\u00a0Solistkor. For\u00f8vrig er Fuglseth dirigent for Boltel\u00f8kka Jentekor i Oslo<\/p>\n<p>\u00c5smund Reistad \u2013 kontrabass, mandola, resonatorgitar og sang, har musikkutdannelse fra Universitetet i Oslo og\u00a0Norges musikkh\u00f8yskole. Han har bred bakgrunn fra arbeid med norsk folkemusikk, bl.a. med Aasmund Nordstoga, Chateau Neuf Spelemannslag, Trispann og Fimbul. I tillegg driver han\u00a0ogs\u00e5 med jazz, viser og musikk til fortelling og teater. \u00c5smund Reistad har deltatt p\u00e5 en rekke cd-innspillinger. I tillegg har han turnert og spilt p\u00e5 festivaler i mange land, bl.a. USA,\u00a0Japan, S\u00f8r-Afrika, Russland, Tyskland, Ukraina og England.<\/p>\n<h4><\/h4>\n<p><h4><\/h4>\n<\/p>\n<p><\/p>","protected":false},"excerpt":{"rendered":"<p>For mange er \u00d8stfold en hvit flekk p\u00e5 folkemusikkartet. Men er \u00d8stfold virkelig fritt for folkemusikk?<\/p>\n","protected":false},"featured_media":27317,"comment_status":"closed","ping_status":"open","template":"","meta":[],"product_brand":[],"product_cat":[35],"product_tag":[],"class_list":{"0":"post-971","1":"product","2":"type-product","3":"status-publish","4":"has-post-thumbnail","6":"product_cat-heilo","7":"product_shipping_class-cddvd-shipping","8":"uni_artist_tag-asmund-reistad","9":"uni_artist_tag-linn-andrea-fugleseth","10":"uni_artist_tag-ostfolk","11":"uni_artist_tag-trad","12":"uni_artist_tag-vegar-vardal","13":"uni_main_artist_tag-ostfolk","14":"uni_artist_genre-folk-music","16":"first","17":"instock","18":"taxable","19":"shipping-taxable","20":"purchasable","21":"product-type-simple"},"_links":{"self":[{"href":"https:\/\/grappa.no\/no\/wp-json\/wp\/v2\/product\/971","targetHints":{"allow":["GET"]}}],"collection":[{"href":"https:\/\/grappa.no\/no\/wp-json\/wp\/v2\/product"}],"about":[{"href":"https:\/\/grappa.no\/no\/wp-json\/wp\/v2\/types\/product"}],"replies":[{"embeddable":true,"href":"https:\/\/grappa.no\/no\/wp-json\/wp\/v2\/comments?post=971"}],"wp:featuredmedia":[{"embeddable":true,"href":"https:\/\/grappa.no\/no\/wp-json\/wp\/v2\/media\/27317"}],"wp:attachment":[{"href":"https:\/\/grappa.no\/no\/wp-json\/wp\/v2\/media?parent=971"}],"wp:term":[{"taxonomy":"product_brand","embeddable":true,"href":"https:\/\/grappa.no\/no\/wp-json\/wp\/v2\/product_brand?post=971"},{"taxonomy":"product_cat","embeddable":true,"href":"https:\/\/grappa.no\/no\/wp-json\/wp\/v2\/product_cat?post=971"},{"taxonomy":"product_tag","embeddable":true,"href":"https:\/\/grappa.no\/no\/wp-json\/wp\/v2\/product_tag?post=971"}],"curies":[{"name":"wp","href":"https:\/\/api.w.org\/{rel}","templated":true}]}}