{"id":970,"date":"2013-11-15T00:00:00","date_gmt":"2013-11-14T23:00:00","guid":{"rendered":"http:\/\/www.grappa.no\/albums\/uncategorized\/tra-dansen\/"},"modified":"2016-08-16T09:20:18","modified_gmt":"2016-08-16T08:20:18","slug":"tra-dansen","status":"publish","type":"product","link":"https:\/\/grappa.no\/no\/albums\/heilo\/tra-dansen\/","title":{"rendered":"Tr\u00e5 Dansen"},"content":{"rendered":"<p><\/p>\n<p>Hans Fredrik Jacobsen med egne tekster p\u00e5 ny plate<\/p>\n<p>TR\u00c5 DANSEN er en slags \u00abtilbakevending til utgangspunktet\u00bb for Hans Fredrik Jacobsen. Gjennom hele sin 30-\u00e5rige karriere som musiker har han formidlet og jobbet med folkemusikk og middelaldermusikk fra fjerne \u00e5rhundrer og andres personelige tekster. P\u00e5 TR\u00c5 DANSEN blandes mer og mindre personlige opplevelser med historiske personer og musikk som har r\u00f8tter i Hans Fredriks opprinnelige hjemby Ris\u00f8r og omegn. Som en sj\u00f8mann vender han tilbake til hjembyen etter mange \u00e5r p\u00e5 tur rundt i verden som musiker.Tr\u00e5 dansen er en viseplate,som legger stor vekt p\u00e5 formidling av tekstene. Men den er ogs\u00e5 noe mer, med sin store variasjon i bruk av instrumenter, musikalske stilarter,og innslag av ren instrumentalmusikk. Det skyldes nok at Hans Fredrik f\u00f8rst og fremst er en instrumentalist, som likevel alltid har skrevet sanger, b\u00e5de med andres og egne tekster. P\u00e5 Tr\u00e5 Dansen er det er f\u00f8rste gang hans egne tekster som er i fokus, og f\u00f8rste gang han synger sangene sine selv, p\u00e5 plate.<\/p>\n<p><!--more--><\/p>\n<p>Nytt album fra Hans Fredrik Jacobsen<\/p>\n<h4>Synger sangene sine selv<\/h4>\n<p>Jacobsens nye album er en viseplate,som legger stor vekt p\u00e5 formidling av tekstene. Men den er ogs\u00e5 noe mer, med sin store variasjon i bruk av instrumenter, musikalske stilarter,og innslag av ren instrumentalmusikk. Det skyldes nok at Hans Fredrik f\u00f8rst og fremst er en instrumentalist, som likevel alltid har skrevet sanger, b\u00e5de med andres og egne tekster. P\u00e5 Tr\u00e5 Dansen er det er f\u00f8rste gang hans egne tekster som er i fokus, og f\u00f8rste gang han synger sangene sine selv, p\u00e5 plate.<\/p>\n<h4>Velkjente, hjemlige og eksotiske<\/h4>\n<p>Inn i sangene legges det spennende musikalsk krydder. Av visesangeren selv, og det sterke laget av musikere som er med. Her finnes elementer av b\u00e5de norsk tradisjonsmusikk og det som kalles verdensmusikk, en blanding av det velkjente, hjemlige, og det eksotiske. Dette understrekes ogs\u00e5 med bruk av instrumenter som norsk harpe, iransk santur, hardingfele, irsk fl\u00f8yte, munnharpe, karibisk steeldrum, elsitar, torader, slidegitar, tr\u00f8orgel, munnspill. Men rammen rundt det hele er Hans Fredriks komposisjoner og tekster. Sangene og melodiene er laget over en periode p\u00e5 20 \u00e5r. Noen er helt nye, men alle har gjennomg\u00e5tt st\u00f8rre og mindre forandringer under innspillingsprosessen.<\/p>\n<h4>Samarbeid og utgivelser<\/h4>\n<p>TR\u00c5 DANSEN er Hans Fredriks 3. soloplate. De to f\u00f8rste var J\u00f3L (Via music 1998) og Vind (Heilo 2004). I tillegg har han gitt ut Langt nord i skogen (KKV 1987) sammen med Tone Hulb\u00e6kmo, Himalaya Blues (Heilo 2004 sammen med Knut Reiersrud og den nepalske gruppen Varja), Seljefl\u00f8yta (Heilo 1997) med Steinar Ofsdal og Hallgrim Berg, og 3 cd\u02bcer sammen med middelaldergruppa Kalenda Maya: Renaissance and medieval music (Simax 1985), Norse ballads (KKV 1989) og Pilegrimsreiser (KKV 1997). Hans Fredrik har medvirket p\u00e5 ca 100 cd\u02bcer som studiomusiker, og samarbeidet med blant annet Erik Bye, Secret Garden, Sissel Kyrkjeb\u00f8, Annbj\u00f8rg Lien og poeter som Halldis Moren Vesaas, Ove R\u00f8sbak og Ola Jonsmoen.<\/p>\n<p>Konserter : (med Tone Hulb\u00e6kmo)<br \/>\n18.11 &#8211; Herr Nilsen, Oslo<br \/>\n20.11 &#8211; Vidarheim, Tolga<br \/>\n23.11 &#8211; Kunstparken, Ris\u00f8r<\/p>\n<p><\/p>","protected":false},"excerpt":{"rendered":"<p>TR\u00c5 DANSEN er en slags \u00abtilbakevending til utgangspunktet\u00bb for Hans Fredrik Jacobsen.<\/p>\n","protected":false},"featured_media":27310,"comment_status":"closed","ping_status":"open","template":"","meta":[],"product_brand":[],"product_cat":[35],"product_tag":[],"class_list":{"0":"post-970","1":"product","2":"type-product","3":"status-publish","4":"has-post-thumbnail","6":"product_cat-heilo","7":"product_shipping_class-cddvd-shipping","8":"uni_artist_tag-alf-hulbaekmo","9":"uni_artist_tag-annbjorg-lien","10":"uni_artist_tag-hans-fredrik-jacobsen","11":"uni_artist_tag-hans-hulbaekmo","12":"uni_artist_tag-heida-karine-johannesdottir-mobeck","13":"uni_artist_tag-javid-afson-rad","14":"uni_artist_tag-knut-reiersrud","15":"uni_artist_tag-rob-waring","16":"uni_artist_tag-tone-hulbaekmo","17":"uni_artist_tag-trad","18":"uni_main_artist_tag-hans-fredrik-jacobsen","19":"uni_artist_genre-folk-music","20":"uni_artist_genre-norwegian","21":"uni_artist_genre-singersongwriter","23":"first","24":"instock","25":"taxable","26":"shipping-taxable","27":"purchasable","28":"product-type-simple"},"_links":{"self":[{"href":"https:\/\/grappa.no\/no\/wp-json\/wp\/v2\/product\/970","targetHints":{"allow":["GET"]}}],"collection":[{"href":"https:\/\/grappa.no\/no\/wp-json\/wp\/v2\/product"}],"about":[{"href":"https:\/\/grappa.no\/no\/wp-json\/wp\/v2\/types\/product"}],"replies":[{"embeddable":true,"href":"https:\/\/grappa.no\/no\/wp-json\/wp\/v2\/comments?post=970"}],"wp:featuredmedia":[{"embeddable":true,"href":"https:\/\/grappa.no\/no\/wp-json\/wp\/v2\/media\/27310"}],"wp:attachment":[{"href":"https:\/\/grappa.no\/no\/wp-json\/wp\/v2\/media?parent=970"}],"wp:term":[{"taxonomy":"product_brand","embeddable":true,"href":"https:\/\/grappa.no\/no\/wp-json\/wp\/v2\/product_brand?post=970"},{"taxonomy":"product_cat","embeddable":true,"href":"https:\/\/grappa.no\/no\/wp-json\/wp\/v2\/product_cat?post=970"},{"taxonomy":"product_tag","embeddable":true,"href":"https:\/\/grappa.no\/no\/wp-json\/wp\/v2\/product_tag?post=970"}],"curies":[{"name":"wp","href":"https:\/\/api.w.org\/{rel}","templated":true}]}}