{"id":969,"date":"2013-06-07T00:00:00","date_gmt":"2013-06-06T23:00:00","guid":{"rendered":"http:\/\/www.grappa.no\/albums\/uncategorized\/mor-mi-star-i-glaset\/"},"modified":"2016-08-16T09:20:16","modified_gmt":"2016-08-16T08:20:16","slug":"mor-mi-star-i-glaset","status":"publish","type":"product","link":"https:\/\/grappa.no\/no\/albums\/grappa\/mor-mi-star-i-glaset\/","title":{"rendered":"Mor mi st\u00e5r i glaset"},"content":{"rendered":"<p><\/p>\n<p>Br\u00f8drene Iversens Orkester ute med sitt f\u00f8rste album<\/p>\n<p>Orkesteret ble dannet p\u00e5 historisk grunn i Dyvekes Vinkjeller i Bergen 2009. Denne sagnomsuste kjelleren som var \u00e5stedet for Gjest Baardsens d\u00f8d i 1849 er i dag lekegrind for Br\u00f8drene hver torsdag kveld. <\/p>\n<p>Medlemmene er br\u00f8dre i \u00e5nden, og holder norsk visetradisjon stolt i hevd p\u00e5 denne platen som de har kalt &quot;Mor mi st\u00e5r i glaset&quot;.<\/p>\n<p>Sangeren Dagfinn Iversen fra Voss har samlet tekster fra sambygdinger og egne arkiver.<br \/>\nBlant tekstforfatterne er Magne Myhra, Jon Hj\u00f8rnevik og Johannes Gjerd\u00e5ker.<\/p>\n<p>Teksten til singelen Mor mi st\u00e5r i glaset er hentet fra diktsamlingen med samme navn av Jon Hj\u00f8rnevik (utgitt p\u00e5 Samlaget 2008).<br \/>\n&quot;Dette er en hyllest til v\u00e5re m\u00f8dre, som har holdt oss i \u00f8rene, i oppsyn og samtidig gitt oss en trygg og god oppvekst&quot; &#8211; Br\u00f8drene Iversens Orkester.<\/p>\n<p><!--more--><\/p>\n<p>Br\u00f8drene Iversens Orkester er ute med sitt debutalbum; Mor mi st\u00e5r i glaset<\/p>\n<h4>Norsk visetradisjon<\/h4>\n<p>Br\u00f8drene Iversens Orkester best\u00e5r av Dagfinn Iversen (vokal,sang), Bjarte Aasmul (gitar), Geir Rogn\u00f8 (bass) og Helge Fredheim (trommer). Sangeren Dagfinn Iversen fra Voss har samlet tekster fra sambygdinger og egne arkiver.Blant tekstforfatterne er Magne Myhra, Jon Hj\u00f8rnevik og Johannes Gjerd\u00e5ker. Medlemmene er br\u00f8dre i \u00e5nden, og holder norsk visetradisjon stolt i hevd p\u00e5 denne platen som de har kalt &quot;Mor mi st\u00e5r i glaset&quot;.<\/p>\n<h4>F\u00f8rste single fra platen<\/h4>\n<p>Tittell\u00e5ten fra platen har blitt valgt som f\u00f8rste single.Teksten til singelen Mor mi st\u00e5r i glaset er hentet fra diktsamlingen med samme navn av Jon Hj\u00f8rnevik (utgitt p\u00e5 Samlaget 2008). &quot;Mor mi st\u00e5r i glaset er en hyllest til v\u00e5re m\u00f8dre, som har holdt oss i \u00f8rene, i oppsyn og samtidig gitt oss en trygg og god oppvekst&quot; &#8211; Br\u00f8drene Iversens Orkester<\/p>\n<h4><\/h4>\n<\/p>\n<p><\/p>","protected":false},"excerpt":{"rendered":"<p>Medlemmene i Br\u00f8drene Iversens Orkester er br\u00f8dre i \u00e5nden, og holder norsk visetradisjon stolt i hevd p\u00e5 denne platen som de har kalt &quot;Mor mi st\u00e5r i glaset&quot;.<\/p>\n","protected":false},"featured_media":27106,"comment_status":"closed","ping_status":"open","template":"","meta":[],"product_brand":[],"product_cat":[6],"product_tag":[],"class_list":{"0":"post-969","1":"product","2":"type-product","3":"status-publish","4":"has-post-thumbnail","6":"product_cat-grappa","7":"product_shipping_class-cddvd-shipping","8":"uni_artist_tag-bjarte-aasmul","9":"uni_artist_tag-brodrene-iversens-orkester","10":"uni_artist_tag-christian-ovreaas","11":"uni_artist_tag-dagfinn-iversen","12":"uni_artist_tag-daniel-hauge","13":"uni_artist_tag-jim-croce","14":"uni_artist_tag-johann-sebastian-blum","15":"uni_artist_tag-jon-arne-corell","16":"uni_artist_tag-oscar-peterson","17":"uni_artist_tag-tom-paxton","18":"uni_main_artist_tag-brodrene-iversens-orkester","19":"uni_artist_genre-norwegian","20":"uni_artist_genre-singersongwriter","21":"uni_artist_genre-traditional","23":"first","24":"instock","25":"taxable","26":"shipping-taxable","27":"purchasable","28":"product-type-simple"},"_links":{"self":[{"href":"https:\/\/grappa.no\/no\/wp-json\/wp\/v2\/product\/969","targetHints":{"allow":["GET"]}}],"collection":[{"href":"https:\/\/grappa.no\/no\/wp-json\/wp\/v2\/product"}],"about":[{"href":"https:\/\/grappa.no\/no\/wp-json\/wp\/v2\/types\/product"}],"replies":[{"embeddable":true,"href":"https:\/\/grappa.no\/no\/wp-json\/wp\/v2\/comments?post=969"}],"wp:featuredmedia":[{"embeddable":true,"href":"https:\/\/grappa.no\/no\/wp-json\/wp\/v2\/media\/27106"}],"wp:attachment":[{"href":"https:\/\/grappa.no\/no\/wp-json\/wp\/v2\/media?parent=969"}],"wp:term":[{"taxonomy":"product_brand","embeddable":true,"href":"https:\/\/grappa.no\/no\/wp-json\/wp\/v2\/product_brand?post=969"},{"taxonomy":"product_cat","embeddable":true,"href":"https:\/\/grappa.no\/no\/wp-json\/wp\/v2\/product_cat?post=969"},{"taxonomy":"product_tag","embeddable":true,"href":"https:\/\/grappa.no\/no\/wp-json\/wp\/v2\/product_tag?post=969"}],"curies":[{"name":"wp","href":"https:\/\/api.w.org\/{rel}","templated":true}]}}