{"id":968,"date":"2013-09-13T00:00:00","date_gmt":"2013-09-12T23:00:00","guid":{"rendered":"http:\/\/www.grappa.no\/albums\/uncategorized\/high-red\/"},"modified":"2016-08-16T09:20:14","modified_gmt":"2016-08-16T08:20:14","slug":"high-red","status":"publish","type":"product","link":"https:\/\/grappa.no\/no\/albums\/grappa\/high-red\/","title":{"rendered":"High Red"},"content":{"rendered":"<p><\/p>\n<p>High Red &#8211; Nye l\u00e5ter, nytt album og en fornyet visjon<\/p>\n<p>High Red, tidligere kjent som The Douglas Group, slipper nytt album 13. September. Nytt navn, nye l\u00e5ter, nytt album og en fornyet visjon&#8230; Bandmedlemmene i High Red har lang fartstid i musikkbransjen, b\u00e5de i Norge og i utlandet, og best\u00e5r av Adam Douglas, Iver Olav Erstad, Per \u00d8ystein Erstad og Jon Reidar Furulund .<\/p>\n<p>L\u00e5tene p\u00e5 det nye albumet er en blanding av egenproduserte l\u00e5ter og l\u00e5ter bandet har v\u00e6rt heldig \u00e5 f\u00e5 fra meget dyktige l\u00e5tskrivere i sitt eget nettverk. Blant annet tre l\u00e5ter fra talentfulle Marc Broussard og en l\u00e5t fra Nashville-baserte Gabe Dixon. Bandet har hatt gleden av \u00e5 ha med seg musiker og produsent Calvin Turner p\u00e5 denne platen. Turner har har tidligere spilt med blant andre Raphael Saadiq, Joss Stone, Marc Broussard, The Temptations, Leann Rimes og Kenny Loggins, for \u00e5 nevne noen.<\/p>\n<p>Vokalist Adam Douglas, opprinnelig fra Oklahoma, har med sin fantastiske stemme og enest\u00e5ende gitarspill blitt et samtaletema i bransjen allerede f\u00f8r lansering. Dette soul &amp; funk-lokomotivet kommer garantert til \u00e5 bli h\u00f8stens store snakkis n\u00e5r de dukker opp i TV-ruten og p\u00e5 plater i de tusen hjem!<\/p>\n<p><!--more--><\/p>\n<p>High Red, tidligere kjent som The Douglas Group, slipper nytt album 13. September. Nytt navn, nye l\u00e5ter, nytt album og en fornyet visjon&#8230;<\/p>\n<h4>Superprodusent<\/h4>\n<p>Valget av produsent falt p\u00e5 Calvin Turner. Selv om han bare s\u00e5 vidt har rundet tredve har han en meget imponerende musikalsk CV som inkluderer spilling med Raphael Sadiiq, Joss Stone, Marc Broussard og Stevie Wonder, for \u00e5 nevne noen f\u00e5. Calvin hadde en klar formening om hva han \u00f8nsket for bandet, plata og l\u00e5tene fra dag \u00e9n. Han \u00f8nsket \u00e5 gi l\u00e5tene en sonisk innpakning som gir lytteren umiddelbare assosiasjoner til de mange legendariske platene som kom p\u00e5 slutten av 70 og begynnelsen av 80 tallet.<\/p>\n<h4>Soul &amp; funk-lokomotiv<\/h4>\n<p>L\u00e5tene p\u00e5 albumet er en blanding av egenproduserte l\u00e5ter og l\u00e5ter bandet har v\u00e6rt heldig \u00e5 f\u00e5 fra dyktige l\u00e5tskrivere i sitt eget nettverk. Blant annet tre l\u00e5ter fra den talentfulle Marc Broussard og en l\u00e5t fra Nashville-baserte Gabe Dixon. Resten av l\u00e5tene har v\u00e6rt et samarbeidsprosjekt blant bandmedlemmene hvor vokalist Adam har st\u00e5tt for tekstene. Adam, den funky amerikaneren kom fra Oklahoma, via Sunnm\u00f8re , til Oslo for \u00e5 krydre musikklivet her til lands. Med sin fantastiske stemme og enest\u00e5ende gitarspill har han rukket \u00e5 bli bli et samtaletema i bransjen allerede f\u00f8r lansering. Dette soul &amp; funk-lokomotivet av et band, kommer garantert til \u00e5 bli h\u00f8stens store \u00absnakkis\u00bb n\u00e5r de dukker opp i TV-ruten og p\u00e5 plater i de tusen hjem!<\/p>\n<h4><\/h4>\n<\/p>\n<p><\/p>","protected":false},"excerpt":{"rendered":"<p>Dette soul &amp; funk-lokomotivet kommer garantert til \u00e5 bli h\u00f8stens store snakkis n\u00e5r de dukker opp i TV-ruten og p\u00e5 plater i de tusen hjem!<\/p>\n","protected":false},"featured_media":27110,"comment_status":"closed","ping_status":"open","template":"","meta":[],"product_brand":[],"product_cat":[6],"product_tag":[],"class_list":{"0":"post-968","1":"product","2":"type-product","3":"status-publish","4":"has-post-thumbnail","6":"product_cat-grappa","7":"product_shipping_class-cddvd-shipping","8":"uni_artist_tag-adam-douglas","9":"uni_artist_tag-andrew-ramsey","10":"uni_artist_tag-bobby-caldwell","11":"uni_artist_tag-calvin-turner","12":"uni_artist_tag-charlotte-bredesen","13":"uni_artist_tag-court-clement","14":"uni_artist_tag-david-angell","15":"uni_artist_tag-david-davidson","16":"uni_artist_tag-dylan-altman","17":"uni_artist_tag-gabe-dixon","18":"uni_artist_tag-high-red","19":"uni_artist_tag-iver-olav-erstad","20":"uni_artist_tag-janet-dornall","21":"uni_artist_tag-john-catchings","22":"uni_artist_tag-jon-reidar-furulund","23":"uni_artist_tag-karen-winkelmann","24":"uni_artist_tag-kris-wilkinson","25":"uni_artist_tag-kristina-moen","26":"uni_artist_tag-lars-erik-dahle","27":"uni_artist_tag-marc-broussard","28":"uni_artist_tag-markus-lillehaug-johnsen","29":"uni_artist_tag-martin-windstad","30":"uni_artist_tag-michael-landau","31":"uni_artist_tag-monisa-angell","32":"uni_artist_tag-pam-sixfin","33":"uni_artist_tag-per-oystein-erstad","34":"uni_artist_tag-philipp-hans","35":"uni_artist_tag-sari-reist","36":"uni_artist_tag-shannon-sanders","37":"uni_artist_tag-tommy-sims","38":"uni_main_artist_tag-high-red","39":"uni_artist_genre-funk","40":"uni_artist_genre-pop","41":"uni_artist_genre-soul","43":"first","44":"instock","45":"taxable","46":"shipping-taxable","47":"purchasable","48":"product-type-simple"},"_links":{"self":[{"href":"https:\/\/grappa.no\/no\/wp-json\/wp\/v2\/product\/968","targetHints":{"allow":["GET"]}}],"collection":[{"href":"https:\/\/grappa.no\/no\/wp-json\/wp\/v2\/product"}],"about":[{"href":"https:\/\/grappa.no\/no\/wp-json\/wp\/v2\/types\/product"}],"replies":[{"embeddable":true,"href":"https:\/\/grappa.no\/no\/wp-json\/wp\/v2\/comments?post=968"}],"wp:featuredmedia":[{"embeddable":true,"href":"https:\/\/grappa.no\/no\/wp-json\/wp\/v2\/media\/27110"}],"wp:attachment":[{"href":"https:\/\/grappa.no\/no\/wp-json\/wp\/v2\/media?parent=968"}],"wp:term":[{"taxonomy":"product_brand","embeddable":true,"href":"https:\/\/grappa.no\/no\/wp-json\/wp\/v2\/product_brand?post=968"},{"taxonomy":"product_cat","embeddable":true,"href":"https:\/\/grappa.no\/no\/wp-json\/wp\/v2\/product_cat?post=968"},{"taxonomy":"product_tag","embeddable":true,"href":"https:\/\/grappa.no\/no\/wp-json\/wp\/v2\/product_tag?post=968"}],"curies":[{"name":"wp","href":"https:\/\/api.w.org\/{rel}","templated":true}]}}