{"id":967,"date":"2014-02-07T00:00:00","date_gmt":"2014-02-06T23:00:00","guid":{"rendered":"http:\/\/www.grappa.no\/albums\/uncategorized\/det-eneste-jeg-vil\/"},"modified":"2016-08-16T09:20:12","modified_gmt":"2016-08-16T08:20:12","slug":"det-eneste-jeg-vil","status":"publish","type":"product","link":"https:\/\/grappa.no\/no\/albums\/grappa\/det-eneste-jeg-vil\/","title":{"rendered":"Det eneste jeg vil"},"content":{"rendered":"<p><\/p>\n<p>Nytt album fra Kaia Huuse<\/p>\n<p>I 14 \u00e5r har Kaia Huuse markert seg som en singer\/songwriter p\u00e5 morsm\u00e5let. Med sitt sterke og f\u00f8lelsesrike uttrykk har hun ber\u00f8rt publikum landet rundt . Kaia Huuse er en egenstemme, i flere betydninger.<\/p>\n<p>N\u00e5 har Huuse v\u00e6rt i studio med den svenske superprodusenten Ola Gustafsson. Han har gjort stor suksess med Huuses musikalske forbilder Melissa Horn og Lars Winnerb\u00e4ck, og falt for hennes tekstunge viser p\u00e5 norsk og hennes vekselbruk av melankoli og melodisk lekenhet. Det nye samarbeidet med Gustafsson, som av mange regnes som skandinavias dyktigste produsent innen sitt felt, har gjort at Huuse har kommet n\u00e6rmere sitt originale uttrykk, slik hun tenker n\u00e5r hun skriver l\u00e5tene. Tekstene er fortsatt p\u00e5 norsk og all tekst og musikk er signert Huuse selv.<\/p>\n<p>\u00abJeg trengte \u00e5 f\u00e5 litt forandring, og ville jobbe med de som alltid har inspirert meg. Med meg p\u00e5 laget fikk jeg de musikerene jeg \u00f8nsket &#8211; musikere som til daglig spiller med blant annet H\u00e5kan Hellstr\u00f8m, Lisa Ekdahl , Ulf Lundell og Melissa Horn.&amp;quot; For meg har dette v\u00e6rt en stor reise. Jeg forlot min tidligere arrang\u00f8r, min produsent, mitt studio, min by og mitt land og troppet opp p\u00e5 S\u00f6dermalm i Stockholm mutters alene. Ingen kjente min historie, ingen visste noe om meg. De hadde bare h\u00f8rt 12 nye l\u00e5ter med sang og gitar. Det var som \u00e5 begynne helt p\u00e5 nytt, p\u00e5 godt og vondt. Jeg opplevde Ola Gustafsson som en streng produsent, som visste hva han ville ha og som av og til presset meg en god del ut av komfort-sonen. Samtidig f\u00f8ler jeg at det var full match, vi forsto hverandre til slutt, og jeg har hatt s\u00e5 godt av \u00e5 bli strukket litt i\u00bb<\/p>\n<p>L\u00e5tene p\u00e5 \u00abDet eneste jeg vil\u00bb handler om vanskelige f\u00f8lelser som sorg, lengsel, savn og oppbrudd. Men alt er  ikke h\u00e5pl\u00f8st, sangene handler ogs\u00e5 om dagligdagse ting som kj\u00e6rlighet, hverdagslykke, tidsklemme og pannekaker.<\/p>\n<p><!--more--><\/p>\n<p>Nytt album fra Kaia Huuse<\/p>\n<h4>I Stockholm med ny produsent<\/h4>\n<p>N\u00e5 har Huuse v\u00e6rt i studio med den svenske superprodusenten Ola Gustafsson. Han har gjort stor suksess med Huuses musikalske forbilder Melissa Horn og Lars Winnerb\u00e4ck, og falt for hennes tekstunge viser p\u00e5 norsk og hennes vekselbruk av melankoli og melodisk lekenhet. Det nye samarbeidet med Gustafsson, som av mange regnes som skandinavias dyktigste produsent innen sitt felt, har gjort at Huuse har kommet n\u00e6rmere sitt originale uttrykk, slik hun tenker n\u00e5r hun skriver l\u00e5tene. Tekstene er fortsatt p\u00e5 norsk og all tekst og musikk er signert Huuse selv.<\/p>\n<h4>Trengte \u00e5 f\u00e5 litt forandring<\/h4>\n<p>&quot;Jeg trengte \u00e5 f\u00e5 litt forandring, og ville jobbe med de som alltid har inspirert meg. Med meg p\u00e5 laget fikk jeg de musikerene jeg \u00f8nsket &#8211; musikere som til daglig spiller med blant annet H\u00e5kan Hellstr\u00f8m, Lisa Ekdahl , Ulf Lundell og Melissa Horn. For meg har dette v\u00e6rt en stor reise. Jeg forlot min tidligere arrang\u00f8r, min produsent, mitt studio, min by og mitt land og troppet opp p\u00e5 S\u00f6dermalm i Stockholm mutters alene. Ingen kjente min historie, ingen visste noe om meg. De hadde bare h\u00f8rt 12 nye l\u00e5ter med sang og gitar. Det var som \u00e5 begynne helt p\u00e5 nytt, p\u00e5 godt og vondt. Jeg opplevde Ola Gustafsson som en streng produsent, som visste hva han ville ha og som av og til presset meg en god del ut av komfort-sonen. Samtidig f\u00f8ler jeg at det var full match, vi forsto hverandre til slutt, og jeg har hatt s\u00e5 godt av \u00e5 bli strukket litt i&quot; &#8211; Kaia Huuse, januar 2013<\/p>\n<p>L\u00e5tene p\u00e5 \u00abDet eneste jeg vil\u00bb handler om vanskelige f\u00f8lelser som sorg, lengsel, savn og oppbrudd. Men alt er  ikke h\u00e5pl\u00f8st, sangene handler ogs\u00e5 om dagligdagse ting som kj\u00e6rlighet, hverdagslykke, tidsklemme og pannekaker.<\/p>\n<h4>Om Kaia Huuse<\/h4>\n<p>I 1998 kom debut-cden \u201dDe som kan noe annet\u201d, og Kjetil Wold i Stavanger Aftenblad skrev: \u201d Kaia Huuse synger med en innlevelse og arroganse som sender henne til elitesjiktet av norske popdamer\u201d. Det ble utallige spillejobber og festivaler. \u201dVever og sukkers\u00f8t som Lisa Ekdahl, men med ord s\u00e5 kraftige og r\u00e5 som en dampveivals p\u00e5 en regnversdag\u201d, skrev Ine T. Grans\u00e6ther i Hamar Dagblad. Visefolket jublet, og Kaia Huuse ble tildelt \u201dJosefine Visepris 1998\u201d.\u00a0Allerede ett \u00e5r etter utgivelsen av debutalbumet kom Egentlig kunstner (1999) og igjen viste Huuse seg som en modig l\u00e5tskriver med mye p\u00e5 hjertet. Deretter fulgte Mellom oss (2001) og Trist og fint (2004) som hun vant en Spellemannpris for. I 2008 oppsummerte Huuse ti \u00e5r som plateartist med samlealbumet Episoder og i 2009 kom Onsdag. I 2011 var det tid for en ny samleutgivelse: Liten lykke \u2013 mine beste sanger. Huuse har samarbeidet med en rekke dyktige artister opp gjennom \u00e5rene og har bidratt p\u00e5 mange samleplater foruten sine egne soloutgivelser. Hun har ogs\u00e5 v\u00e6rt aktiv i ulike prosjekter. Blant annet satte hun opp forestillingen Mann av Huuse sammen med Jan Eggum i 2003 og i 2009 lagde hun musikk til lydbokutgaven av Unni Lindell og Fredrik Skavlans Nifse Nella og syvstjernen.\u00a0P\u00e5 sin siste cd ble huns sammenliknet med diktere Inger Hagerup og Alf Pr\u00f8ysen.<\/p>\n<p>&quot;Det eneste jeg vil&quot; er tilgjengelig digitalt fra fredag 31.01.14.<br \/>\nFysisk releasedato er 07.02.14<\/p>\n<p><\/p>","protected":false},"excerpt":{"rendered":"<p>I 14 \u00e5r har Kaia Huuse markert seg som en singer\/songwriter p\u00e5 morsm\u00e5let. Med sitt sterke og f\u00f8lelsesrike uttrykk har hun ber\u00f8rt publikum landet rundt. N\u00e5 kommer hun med nytt album; &quot;Det eneste jeg vil&quot;<\/p>\n","protected":false},"featured_media":27107,"comment_status":"closed","ping_status":"open","template":"","meta":[],"product_brand":[],"product_cat":[6],"product_tag":[],"class_list":{"0":"post-967","1":"product","2":"type-product","3":"status-publish","4":"has-post-thumbnail","6":"product_cat-grappa","7":"product_shipping_class-cddvd-shipping","8":"uni_artist_tag-andreas-dahlback","9":"uni_artist_tag-david-nystrom","10":"uni_artist_tag-jan-eggum","11":"uni_artist_tag-janne-manninen","12":"uni_artist_tag-kaia-huuse","13":"uni_artist_tag-ola-gustafsson","14":"uni_artist_tag-stockholm-strings","15":"uni_main_artist_tag-kaia-huuse","16":"uni_artist_genre-norwegian","17":"uni_artist_genre-pop","18":"uni_artist_genre-singersongwriter","20":"first","21":"instock","22":"taxable","23":"shipping-taxable","24":"purchasable","25":"product-type-simple"},"_links":{"self":[{"href":"https:\/\/grappa.no\/no\/wp-json\/wp\/v2\/product\/967","targetHints":{"allow":["GET"]}}],"collection":[{"href":"https:\/\/grappa.no\/no\/wp-json\/wp\/v2\/product"}],"about":[{"href":"https:\/\/grappa.no\/no\/wp-json\/wp\/v2\/types\/product"}],"replies":[{"embeddable":true,"href":"https:\/\/grappa.no\/no\/wp-json\/wp\/v2\/comments?post=967"}],"wp:featuredmedia":[{"embeddable":true,"href":"https:\/\/grappa.no\/no\/wp-json\/wp\/v2\/media\/27107"}],"wp:attachment":[{"href":"https:\/\/grappa.no\/no\/wp-json\/wp\/v2\/media?parent=967"}],"wp:term":[{"taxonomy":"product_brand","embeddable":true,"href":"https:\/\/grappa.no\/no\/wp-json\/wp\/v2\/product_brand?post=967"},{"taxonomy":"product_cat","embeddable":true,"href":"https:\/\/grappa.no\/no\/wp-json\/wp\/v2\/product_cat?post=967"},{"taxonomy":"product_tag","embeddable":true,"href":"https:\/\/grappa.no\/no\/wp-json\/wp\/v2\/product_tag?post=967"}],"curies":[{"name":"wp","href":"https:\/\/api.w.org\/{rel}","templated":true}]}}