{"id":951,"date":"2013-05-31T00:00:00","date_gmt":"2013-05-30T23:00:00","guid":{"rendered":"http:\/\/www.grappa.no\/albums\/uncategorized\/grand-piano\/"},"modified":"2016-11-18T16:39:21","modified_gmt":"2016-11-18T15:39:21","slug":"grand-piano","status":"publish","type":"product","link":"https:\/\/grappa.no\/no\/albums\/blue-mood-records\/grand-piano\/","title":{"rendered":"Grand Piano"},"content":{"rendered":"<p><\/p>\n<p>Utgivelse av nytt album fra Dr Bekken<\/p>\n<p>Dr Bekken er tilbake med mer medisin! Albumet Grand Piano er en variert og stilsikker reise gjennom den gode doktors inspirasjoner og ideer. Denne formen for musikk p\u00e5 dette niv\u00e5et er uhyre sjeldent, og aldri her til lands. Det hele kompletteres med et utrolig bidrag fra labelmate Noora Noor.<\/p>\n<p><!--more--><\/p>\n<p>Utgivelse av nytt album fra Dr Bekken<\/p>\n<h4>Grand Piano<\/h4>\n<p>Som tittelen p\u00e5 verket antyder ,er instrumentet et grand piano, n\u00e6rmere bestemt et klassisk Steinway, lokalisert p\u00e5 Kongsviger Festning. Slike flotte instrumenter har dessverre en tendens til \u00e5 bli st\u00e5ende arbeidsledige, s\u00e5 alts\u00e5 ikke tilfelle med dette. Innspillingen er gjort med tanke p\u00e5 \u00e5 bevare instrumentets og rommets klang s\u00e5 godt som mulig, og er en audiofil godbit.<\/p>\n<h4>Bidrag fra labelmate Noora Noor<\/h4>\n<p>Som deltagende gjest p\u00e5 albumet finner vi Noora Noor, som synger klassikeren \u201dJealous kind\u201d p\u00e5 en m\u00e5te ingen i denne delen av verden har gjort f\u00f8r.<\/p>\n<h4><\/h4>\n<\/p>\n<p><\/p>","protected":false},"excerpt":{"rendered":"<p>Albumet inneholder klassikere og friske tolkninger fra den gode doktors rikholdige sortiment.<\/p>\n","protected":false},"featured_media":26891,"comment_status":"closed","ping_status":"open","template":"","meta":[],"product_brand":[],"product_cat":[51],"product_tag":[],"class_list":{"0":"post-951","1":"product","2":"type-product","3":"status-publish","4":"has-post-thumbnail","6":"product_cat-blue-mood-records","7":"product_shipping_class-cddvd-shipping","8":"uni_artist_tag-aj-piron","9":"uni_artist_tag-andy-razaf","10":"uni_artist_tag-beasley-smith","11":"uni_artist_tag-billy-strayhorn","12":"uni_artist_tag-clarence-williams","13":"uni_artist_tag-drake","14":"uni_artist_tag-f-morton","15":"uni_artist_tag-john-lewis","16":"uni_artist_tag-lonnie-johnson","17":"uni_artist_tag-mel-lastie","18":"uni_artist_tag-noora-noor","19":"uni_artist_tag-oliviera","20":"uni_artist_tag-robert-guidry","21":"uni_artist_tag-scott-joplin","22":"uni_artist_tag-tor-einar-bekken","23":"uni_artist_tag-trond-sand","24":"uni_main_artist_tag-tor-einar-bekken","25":"uni_artist_genre-blues","26":"uni_artist_genre-piano","28":"first","29":"instock","30":"taxable","31":"shipping-taxable","32":"purchasable","33":"product-type-simple"},"_links":{"self":[{"href":"https:\/\/grappa.no\/no\/wp-json\/wp\/v2\/product\/951","targetHints":{"allow":["GET"]}}],"collection":[{"href":"https:\/\/grappa.no\/no\/wp-json\/wp\/v2\/product"}],"about":[{"href":"https:\/\/grappa.no\/no\/wp-json\/wp\/v2\/types\/product"}],"replies":[{"embeddable":true,"href":"https:\/\/grappa.no\/no\/wp-json\/wp\/v2\/comments?post=951"}],"wp:featuredmedia":[{"embeddable":true,"href":"https:\/\/grappa.no\/no\/wp-json\/wp\/v2\/media\/26891"}],"wp:attachment":[{"href":"https:\/\/grappa.no\/no\/wp-json\/wp\/v2\/media?parent=951"}],"wp:term":[{"taxonomy":"product_brand","embeddable":true,"href":"https:\/\/grappa.no\/no\/wp-json\/wp\/v2\/product_brand?post=951"},{"taxonomy":"product_cat","embeddable":true,"href":"https:\/\/grappa.no\/no\/wp-json\/wp\/v2\/product_cat?post=951"},{"taxonomy":"product_tag","embeddable":true,"href":"https:\/\/grappa.no\/no\/wp-json\/wp\/v2\/product_tag?post=951"}],"curies":[{"name":"wp","href":"https:\/\/api.w.org\/{rel}","templated":true}]}}