{"id":949,"date":"2013-09-06T00:00:00","date_gmt":"2013-09-05T23:00:00","guid":{"rendered":"http:\/\/www.grappa.no\/albums\/uncategorized\/slaveriet\/"},"modified":"2016-11-18T16:39:21","modified_gmt":"2016-11-18T15:39:21","slug":"slaveriet","status":"publish","type":"product","link":"https:\/\/grappa.no\/no\/albums\/blue-mood-records\/slaveriet\/","title":{"rendered":"Slaveriet"},"content":{"rendered":"<p><\/p>\n<p>Kruttsterk oppf\u00f8lger!<\/p>\n<p>Duoen Bekken &amp; Gjems tar seg et musikalsk overblikk over grensetraktene sett fra Kongsvinger festning. Tradisjonsmusikk fra omr\u00e5det f\u00e5r seg b\u00e5de en oppussing og ny drakt, n\u00e5r virtuosene kommenterer fra sitt utkikkspunkt. En akustisk lokalhistorietime med en opplagt Amund Maarud som gjest!<\/p>\n<p><!--more--><\/p>\n<p>Kruttsterk oppf\u00f8lger fra Bekken &amp; Gjems<\/p>\n<h4>Slaveriet<\/h4>\n<p>Slaveriet er innspilt p\u00e5 Kongsvinger festning.  Innspillingslokalene heter faktisk \u00abSlaveriet\u00bb, og var tidligere benyttet som b\u00e5de fangeanstalt og forsvarsmesse. Som p\u00e5 Dr Bekkens siste soloprosjekt Grand Piano, er det benyttet et klassisk Steinway flygel som disponeres av Kongsvinger festning.<\/p>\n<h4>Universell musikk med lokal forankring<\/h4>\n<p>Materialet til denne produksjonen er delvis direkte forankret i grensetraktene mellom Norge og Sverige, og ikke minst metaforisk forankret dypt i den musikalske sjelen som finnes i omr\u00e5det. Her er blant annet egne versjoner av trekkspillmusikk, skillingsviser, dansebandl\u00e5ter og arbeidsanger. Like fullt er det en bl\u00e5 tr\u00e5d som knytter hele platen sammen gjennom de to artistenes bakgrunn i b\u00e5de blues og jazz. Universell musikk med lokal forankring.<br \/>\nOmr\u00e5dets sympatiske og h\u00f8yt kvalifiserte gitarist, Amund Maarud, bidrar for \u00f8vrig ogs\u00e5 p\u00e5 to l\u00e5ter.<\/p>\n<h4><\/h4>\n<\/p>\n<p><\/p>","protected":false},"excerpt":{"rendered":"<p>Kruttsterk oppf\u00f8lger fra Bekken &amp; Gjems<\/p>\n","protected":false},"featured_media":26890,"comment_status":"closed","ping_status":"open","template":"","meta":[],"product_brand":[],"product_cat":[51],"product_tag":[],"class_list":{"0":"post-949","1":"product","2":"type-product","3":"status-publish","4":"has-post-thumbnail","6":"product_cat-blue-mood-records","7":"product_shipping_class-cddvd-shipping","8":"uni_artist_tag-amund-maarud","9":"uni_artist_tag-carl-jularbo","10":"uni_artist_tag-erik-vollan-bekken","11":"uni_artist_tag-janie-west-metzgar","12":"uni_artist_tag-johannes-brahms","13":"uni_artist_tag-julia-ward-howe","14":"uni_artist_tag-nicolay-bath","15":"uni_artist_tag-pierre-de-geyter","16":"uni_artist_tag-richard-gjems","17":"uni_artist_tag-robert-johnson","18":"uni_artist_tag-sidney-bechet","19":"uni_artist_tag-tor-einar-bekken","20":"uni_artist_tag-traditional","21":"uni_main_artist_tag-tor-einar-bekken","22":"uni_artist_genre-blues","23":"uni_artist_genre-instrumental","24":"uni_artist_genre-piano","25":"uni_artist_genre-traditional","27":"first","28":"instock","29":"taxable","30":"shipping-taxable","31":"purchasable","32":"product-type-simple"},"_links":{"self":[{"href":"https:\/\/grappa.no\/no\/wp-json\/wp\/v2\/product\/949","targetHints":{"allow":["GET"]}}],"collection":[{"href":"https:\/\/grappa.no\/no\/wp-json\/wp\/v2\/product"}],"about":[{"href":"https:\/\/grappa.no\/no\/wp-json\/wp\/v2\/types\/product"}],"replies":[{"embeddable":true,"href":"https:\/\/grappa.no\/no\/wp-json\/wp\/v2\/comments?post=949"}],"wp:featuredmedia":[{"embeddable":true,"href":"https:\/\/grappa.no\/no\/wp-json\/wp\/v2\/media\/26890"}],"wp:attachment":[{"href":"https:\/\/grappa.no\/no\/wp-json\/wp\/v2\/media?parent=949"}],"wp:term":[{"taxonomy":"product_brand","embeddable":true,"href":"https:\/\/grappa.no\/no\/wp-json\/wp\/v2\/product_brand?post=949"},{"taxonomy":"product_cat","embeddable":true,"href":"https:\/\/grappa.no\/no\/wp-json\/wp\/v2\/product_cat?post=949"},{"taxonomy":"product_tag","embeddable":true,"href":"https:\/\/grappa.no\/no\/wp-json\/wp\/v2\/product_tag?post=949"}],"curies":[{"name":"wp","href":"https:\/\/api.w.org\/{rel}","templated":true}]}}