{"id":948,"date":"2013-06-28T00:00:00","date_gmt":"2013-06-27T23:00:00","guid":{"rendered":"http:\/\/www.grappa.no\/albums\/uncategorized\/et-fjell-av-solv\/"},"modified":"2016-04-19T19:19:16","modified_gmt":"2016-04-19T18:19:16","slug":"et-fjell-av-solv","status":"publish","type":"product","link":"https:\/\/grappa.no\/no\/albums\/grappa\/et-fjell-av-solv\/","title":{"rendered":"Et fjell av s\u00f8lv"},"content":{"rendered":"<p><\/p>\n<p>En visesangers musikalske beretning om et bergmannsliv p\u00e5 Kongsberg<\/p>\n<p>\u201dEt fjell av s\u00f8lv\u201d er en musikalsk beretning om S\u00f8lvverket, samfunnet og et bergmannsliv p\u00e5 Kongsberg i tiden 1623 \u2013 1958. Gjennom 20 viser f\u00e5r du den eventyrlige historien om s\u00f8lvfunnet i Sandsv\u00e6r, om et av tidenes norske industriforetak, om den f\u00f8rste arbeiderreisningen i Norge, om m\u00f8te mellom ulike kulturer og om enkeltmenneskers skjebner.<\/p>\n<p>Det handler om h\u00f8y og lav, fattig og rik, om kampen for det daglige br\u00f8d, om blodslitet metervis av timer under jorda, om hardbarka karer og bl\u00f8thjerta sinn.<br \/>\nEt velfylt hefte i coveret inneholder en kort historisk oversikt, alle sangene og navn p\u00e5 musikere, i tillegg til alminnelig informasjon. Produksjonen er utgitt p\u00e5 Grappa Musikkforlag, st\u00f8ttet av Fond for Ut\u00f8vende Kunstnere, Norsk Bergverksmuseum, en velgj\u00f8rer og Roy\u2019s Selskapsmat p\u00e5 Kongsberg.<\/p>\n<p>Platen er ogs\u00e5 tilgjengelig p\u00e5 engelsk. Ta kontakt med Grappa Musikkforlag for mer informasjon.<\/p>\n<p><!--more--><\/p>\n<p>En visesangers musikalske beretning om et bergmannsliv p\u00e5 Kongsberg<\/p>\n<h4>Musikalske historier<\/h4>\n<p>Det handler om h\u00f8y og lav, fattig og rik, om kampen for det daglige br\u00f8d, om blodslitet metervis av timer under jorda, om hardbarka karer og bl\u00f8thjerta sinn. Et velfylt hefte i coveret inneholder en kort historisk oversikt, alle sangene og navn p\u00e5 musikere, i tillegg til alminnelig informasjon. Produksjonen er utgitt p\u00e5 Grappa Musikkforlag, st\u00f8ttet av Fond for Ut\u00f8vende Kunstnere, Norsk Bergverksmuseum, en velgj\u00f8rer og Roy\u2019s Selskapsmat p\u00e5 Kongsberg.<\/p>\n<h4>Ragnar S\u00f8r Olsen<\/h4>\n<p>Ragnar S\u00f8r Olsen er visesanger, musiker, komponist, tekstforfatter og artist med musikalsk allsidighet og kunstnerisk bredde. Fylt av musikalske gener fra Telemark, Numedal og Setesdal der fremragende spellemenn kan spores i slekten. S\u00f8r Olsen har tidligere gitt ut to album; Dagane (2004) og Stykkevis og Helt (2009), og han har samarbeidet med blant annet Tore Tveit, Bodil Cappelen og Klaus Hagerup.<\/p>\n<p>Platen er ogs\u00e5 tilgjengelig p\u00e5 engelsk. Ta kontakt med Grappa Musikkforlag for mer informasjon.<\/p>\n<h4><\/h4>\n<\/p>\n<p><\/p>","protected":false},"excerpt":{"rendered":"<p>Ragnar S\u00f8r Olsen har f\u00e5tt med seg drevne og velkjente musikere fra forskjellige sjangere. Det er bare \u00e5 lene seg tilbake \u2013 la seg rive med!<\/p>\n","protected":false},"featured_media":27093,"comment_status":"closed","ping_status":"open","template":"","meta":[],"product_brand":[],"product_cat":[6],"product_tag":[],"class_list":{"0":"post-948","1":"product","2":"type-product","3":"status-publish","4":"has-post-thumbnail","6":"product_cat-grappa","7":"product_shipping_class-cddvd-shipping","8":"uni_artist_tag-audun-kleive","9":"uni_artist_tag-espen-gjelstad-gundersen","10":"uni_artist_tag-geir-ellefsen","11":"uni_artist_tag-guttorm-guttormsen","12":"uni_artist_tag-hans-magne-enge-hansen","13":"uni_artist_tag-jorn-johannessen","14":"uni_artist_tag-knut-romo","15":"uni_artist_tag-lars-tinderholt","16":"uni_artist_tag-marius-graff","17":"uni_artist_tag-ragnar-sor-olsen","18":"uni_artist_tag-trond-villa","19":"uni_main_artist_tag-ragnar-sor-olsen","20":"uni_artist_genre-folk-music","22":"first","23":"outofstock","24":"taxable","25":"shipping-taxable","26":"product-type-simple"},"_links":{"self":[{"href":"https:\/\/grappa.no\/no\/wp-json\/wp\/v2\/product\/948","targetHints":{"allow":["GET"]}}],"collection":[{"href":"https:\/\/grappa.no\/no\/wp-json\/wp\/v2\/product"}],"about":[{"href":"https:\/\/grappa.no\/no\/wp-json\/wp\/v2\/types\/product"}],"replies":[{"embeddable":true,"href":"https:\/\/grappa.no\/no\/wp-json\/wp\/v2\/comments?post=948"}],"wp:featuredmedia":[{"embeddable":true,"href":"https:\/\/grappa.no\/no\/wp-json\/wp\/v2\/media\/27093"}],"wp:attachment":[{"href":"https:\/\/grappa.no\/no\/wp-json\/wp\/v2\/media?parent=948"}],"wp:term":[{"taxonomy":"product_brand","embeddable":true,"href":"https:\/\/grappa.no\/no\/wp-json\/wp\/v2\/product_brand?post=948"},{"taxonomy":"product_cat","embeddable":true,"href":"https:\/\/grappa.no\/no\/wp-json\/wp\/v2\/product_cat?post=948"},{"taxonomy":"product_tag","embeddable":true,"href":"https:\/\/grappa.no\/no\/wp-json\/wp\/v2\/product_tag?post=948"}],"curies":[{"name":"wp","href":"https:\/\/api.w.org\/{rel}","templated":true}]}}