{"id":947,"date":"2013-06-21T00:00:00","date_gmt":"2013-06-20T23:00:00","guid":{"rendered":"http:\/\/www.grappa.no\/albums\/uncategorized\/under-linden-viser-av-robert-levin\/"},"modified":"2016-08-16T09:19:55","modified_gmt":"2016-08-16T08:19:55","slug":"under-linden-viser-av-robert-levin","status":"publish","type":"product","link":"https:\/\/grappa.no\/no\/albums\/grappa\/under-linden-viser-av-robert-levin\/","title":{"rendered":"Under Linden, viser av Robert Levin"},"content":{"rendered":"<p><\/p>\n<p>Viser av Robert Levin fremf\u00f8rt av Julius Winger<\/p>\n<p>Den 7. juni 2012 var det hundre \u00e5r siden pianist, komponist, arrang\u00f8r og akkompagnat\u00f8r Robert Levin ble f\u00f8dt p\u00e5 Gr\u00fcnerl\u00f8kka i Oslo. Dette ble markert med en jubileumskonsert i Levin salen ved NMH i Oslo der Julius Winger med band og en rekke norske pianister og sangere medvirket. <\/p>\n<p>Materialet p\u00e5 denne platen spenner over alt fra skillingsviser med tekster av kjente norske og utenlandske tekstforfattere, til valser, jazz og revyinspirerte sanger og komposisjoner. Robert Levin var som kjent en meget dyktig konsertpianist og akkompagnat\u00f8r som musikalsk omfavnet bredt, b\u00e5de innen klassisk musikk og jazz. I tillegg var han en sv\u00e6rt habil komponist.<\/p>\n<p>Robert Levin levde av musikk fra han var 13 \u00e5r gammel til sin d\u00f8d og Winger \u00f8nsket \u00e5 vise noe av den allsidigheten han var i besittelse av som gjorde at han kunne overleve som musiker et langt liv.<\/p>\n<p><!--more--><\/p>\n<p>Robert Levin levde av musikk fra han var 13 \u00e5r gammel til sin d\u00f8d, og Julius Winger \u00f8nsket gjennom denne platen \u00e5 vise noe av den allsidigheten han var i besittelse av som gjorde at han kunne overleve som musiker et langt liv.<\/p>\n<h4>Til minne om Robert Levin<\/h4>\n<p>Materialet p\u00e5 CDen spenner over alt fra skillingsviser med tekster av kjente norske og utenlandske tekstforfattere, til valser, jazz og revyinspirerte sanger og komposisjoner. Levin var som kjent en meget dyktig konsertpianist og akkompagnat\u00f8r som musikalsk omfavnet bredt, b\u00e5de innen klassisk musikk og jazz. I tillegg var han en sv\u00e6rt habil komponist.<\/p>\n<h4>Fremf\u00f8rt av Julius Winger<\/h4>\n<p>I hovedsak er det Julius Winger som st\u00e5r bak fremf\u00f8relsen av sangene, men produksjonen inneholder ogs\u00e5 en duett med Ine Hoem. Dette er sanger som ogs\u00e5 var viktig del av Robert Levins liv og vil vise han fra en litt annen musikalsk side enn den han er mest kjent for.<\/p>\n<h4><\/h4>\n<\/p>\n<p><\/p>","protected":false},"excerpt":{"rendered":"<p>Sangene p\u00e5 platen viser en annen musikalsk side av Robert Levin enn den han er mest kjent for, og har aldri tidligere blitt utgitt. Grappa Musikkforlag er stolte over \u00e5 kunne gi ut platen &#8216;Under Linden, viser av Robert Levin&#8217;, fremf\u00f8rt av visesanger Julius Winger.<\/p>\n","protected":false},"featured_media":27105,"comment_status":"closed","ping_status":"open","template":"","meta":[],"product_brand":[],"product_cat":[6],"product_tag":[],"class_list":{"0":"post-947","1":"product","2":"type-product","3":"status-publish","4":"has-post-thumbnail","6":"product_cat-grappa","7":"product_shipping_class-cddvd-shipping","8":"uni_artist_tag-alfred-janson","9":"uni_artist_tag-andreas-utnem","10":"uni_artist_tag-ine-hoem","11":"uni_artist_tag-jacob-young","12":"uni_artist_tag-jo-fougner-skaansar","13":"uni_artist_tag-julius-winger","14":"uni_artist_tag-per-oddvar-johansen","15":"uni_artist_tag-robert-levin","16":"uni_artist_tag-trygve-seim","17":"uni_artist_tag-ulf-holand","18":"uni_main_artist_tag-julius-winger","19":"uni_artist_genre-easy-listening","20":"uni_artist_genre-folk-music","21":"uni_artist_genre-norwegian","22":"uni_artist_genre-singersongwriter","24":"first","25":"instock","26":"taxable","27":"shipping-taxable","28":"purchasable","29":"product-type-simple"},"_links":{"self":[{"href":"https:\/\/grappa.no\/no\/wp-json\/wp\/v2\/product\/947","targetHints":{"allow":["GET"]}}],"collection":[{"href":"https:\/\/grappa.no\/no\/wp-json\/wp\/v2\/product"}],"about":[{"href":"https:\/\/grappa.no\/no\/wp-json\/wp\/v2\/types\/product"}],"replies":[{"embeddable":true,"href":"https:\/\/grappa.no\/no\/wp-json\/wp\/v2\/comments?post=947"}],"wp:featuredmedia":[{"embeddable":true,"href":"https:\/\/grappa.no\/no\/wp-json\/wp\/v2\/media\/27105"}],"wp:attachment":[{"href":"https:\/\/grappa.no\/no\/wp-json\/wp\/v2\/media?parent=947"}],"wp:term":[{"taxonomy":"product_brand","embeddable":true,"href":"https:\/\/grappa.no\/no\/wp-json\/wp\/v2\/product_brand?post=947"},{"taxonomy":"product_cat","embeddable":true,"href":"https:\/\/grappa.no\/no\/wp-json\/wp\/v2\/product_cat?post=947"},{"taxonomy":"product_tag","embeddable":true,"href":"https:\/\/grappa.no\/no\/wp-json\/wp\/v2\/product_tag?post=947"}],"curies":[{"name":"wp","href":"https:\/\/api.w.org\/{rel}","templated":true}]}}