{"id":946,"date":"2013-08-30T00:00:00","date_gmt":"2013-08-29T23:00:00","guid":{"rendered":"http:\/\/www.grappa.no\/albums\/uncategorized\/earlybird-stringband-lassofolk\/"},"modified":"2016-08-16T09:19:55","modified_gmt":"2016-08-16T08:19:55","slug":"earlybird-stringband-lassofolk","status":"publish","type":"product","link":"https:\/\/grappa.no\/no\/albums\/heilo\/earlybird-stringband-lassofolk\/","title":{"rendered":"Earlybird Stringband: LassoFolk"},"content":{"rendered":"<p><\/p>\n<p>Earlybird Stringbands f\u00f8rste album p\u00e5 norsk<\/p>\n<p>Earlybird Stringband er et av Norges fremste bluegrassband. P\u00e5 sitt f\u00f8rste norskspr\u00e5klige album \u00abLassoFolk\u00bb gj\u00f8r bandet et dypdykk ned i v\u00e5r egen folkemusikkskatt, og serverer oss norsk folkemusikk i bluegrass- og old time drakt. \u00ab\u00c5 skifte mellom amerikansk og norsk folkemusikk er noko me alltid har gjort i Earlybird Stringband.\u00bb skriver Hans Martin i omslagsteksten. \u00abDet kjennes for oss like naturlig ut som \u00e5 skifte mellom ost og kaviar p\u00e5 frokostskiva. Iblant kj\u00f8rer vi p\u00e5 med begge delar, for \u00e5 v\u00e6re ville og galne.\u00bb Dette er ogs\u00e5 kjernen i old time og bluegrass-musikken, som fra gammelt av ogs\u00e5 var en blanding av ulike folkemusikkarter. Bandet har hentet frem unike norske sl\u00e5tter fra forskjellige region av landet, som har ulik takt og tonalitet. I tillegg gj\u00f8r de en versjon av Lillebj\u00f8rn Nilsens tidlige l\u00e5t  \u00abDanse ikke gr\u00e5te n\u00e5\u00bb.<\/p>\n<p><!--more--><\/p>\n<p>Earlybird Stringband er et av Norges fremste bluegrassband. P\u00e5 sitt f\u00f8rste norskspr\u00e5klige album \u00abLassoFolk\u00bb gj\u00f8r bandet et dypdykk ned i v\u00e5r egen folkemusikkskatt, og serverer oss norsk folkemusikk i bluegrass- og old time drakt.<\/p>\n<h4>LassoFolk<\/h4>\n<p>Ideen til albumet LassoFolk ble f\u00f8dt da vokalist Hans Martin og felespiler Olav Christer Rosseb\u00f8 var p\u00e5 studietur i USA for \u00e5 fordype seg i amerikansk folkemusikk \u2013 old time og bluegrass. P\u00e5 jam med en h\u00e5ndfull lokale musikere drar de i gang en norsk reinlender. En l\u00e5t de ofte hadde spilt p\u00e5 folkemusikk-jam i Oslo, og som viser seg \u00e5 fungerer vel s\u00e5 godt p\u00e5 jam i USA. De har ikke presentert den for de andre p\u00e5 forh\u00e5nd s\u00e5 ingen vet at den er norsk. \u00abEtterp\u00e5 sp\u00f8r noen hvilken l\u00e5t det er. Noen f\u00f8ler til og med at de har h\u00f8rt den f\u00f8r. Vi forklarer at det var en norsk instrumental. Noen seier \u201dI thought for sure that was an american tune\u2026\u201d.\u00bb<\/p>\n<p>\u00ab\u00c5 skifte mellom amerikansk og norsk folkemusikk er noko me alltid har gjort i Earlybird Stringband.\u00bb skriver Hans Martin i omslagsteksten. \u00abDet kjennes for oss like naturlig ut som \u00e5 skifte mellom ost og kaviar p\u00e5 frokostskiva. Iblant kj\u00f8rer vi p\u00e5 med begge delar, for \u00e5 v\u00e6re ville og galne.\u00bb Dette er ogs\u00e5 kjernen i old time og bluegrass-musikken, som fra gammelt av ogs\u00e5 var en blanding av ulike folkemusikkarter.<\/p>\n<h4>Om innspillingen<\/h4>\n<p>LassoFolk er innspilt live i et gammelt hus. Hele albumet er tatt opp med stereomikrofonoppsett og med begrenset bruk av effekter.. \u00abVi har pr\u00f8vd \u00e5 ha s\u00e5 f\u00e5 ledd mellom instrument og lytter som mulig.\u00bb Klangen p\u00e5 albumet er lyden av et laftet trehus, og ikke en klangboks. <\/p>\n<p>Bandet har hentet frem unike norske sl\u00e5tter fra forskjellige region av landet, som har ulik takt og tonalitet. I tillegg gj\u00f8r de en versjon av Lillebj\u00f8rn Nilsens tidlige l\u00e5t  \u00abDanse ikke gr\u00e5te n\u00e5\u00bb.<\/p>\n<h4><\/h4>\n<\/p>\n<p><\/p>","protected":false},"excerpt":{"rendered":"<p>P\u00e5 sitt f\u00f8rste norskspr\u00e5klige album \u00abLassoFolk\u00bb gj\u00f8r bandet et dypdykk ned i v\u00e5r egen folkemusikkskatt<\/p>\n","protected":false},"featured_media":27315,"comment_status":"closed","ping_status":"open","template":"","meta":[],"product_brand":[],"product_cat":[35],"product_tag":[],"class_list":{"0":"post-946","1":"product","2":"type-product","3":"status-publish","4":"has-post-thumbnail","6":"product_cat-heilo","7":"product_shipping_class-cddvd-shipping","8":"uni_artist_tag-christian-skaugen","9":"uni_artist_tag-erlend-viken","10":"uni_artist_tag-hans-martin-austestad","11":"uni_artist_tag-lillebjorn-nilsen","12":"uni_artist_tag-olav-christer-rossebo","13":"uni_artist_tag-sebastian-haugen-markussen","14":"uni_artist_tag-trad","15":"uni_artist_genre-bluegrass","16":"uni_artist_genre-folk-music","18":"first","19":"instock","20":"taxable","21":"shipping-taxable","22":"purchasable","23":"product-type-simple"},"_links":{"self":[{"href":"https:\/\/grappa.no\/no\/wp-json\/wp\/v2\/product\/946","targetHints":{"allow":["GET"]}}],"collection":[{"href":"https:\/\/grappa.no\/no\/wp-json\/wp\/v2\/product"}],"about":[{"href":"https:\/\/grappa.no\/no\/wp-json\/wp\/v2\/types\/product"}],"replies":[{"embeddable":true,"href":"https:\/\/grappa.no\/no\/wp-json\/wp\/v2\/comments?post=946"}],"wp:featuredmedia":[{"embeddable":true,"href":"https:\/\/grappa.no\/no\/wp-json\/wp\/v2\/media\/27315"}],"wp:attachment":[{"href":"https:\/\/grappa.no\/no\/wp-json\/wp\/v2\/media?parent=946"}],"wp:term":[{"taxonomy":"product_brand","embeddable":true,"href":"https:\/\/grappa.no\/no\/wp-json\/wp\/v2\/product_brand?post=946"},{"taxonomy":"product_cat","embeddable":true,"href":"https:\/\/grappa.no\/no\/wp-json\/wp\/v2\/product_cat?post=946"},{"taxonomy":"product_tag","embeddable":true,"href":"https:\/\/grappa.no\/no\/wp-json\/wp\/v2\/product_tag?post=946"}],"curies":[{"name":"wp","href":"https:\/\/api.w.org\/{rel}","templated":true}]}}