{"id":945,"date":"2013-04-05T00:00:00","date_gmt":"2013-04-04T23:00:00","guid":{"rendered":"http:\/\/www.grappa.no\/albums\/uncategorized\/rydvallmjelva-isbrytaren\/"},"modified":"2016-08-16T09:19:54","modified_gmt":"2016-08-16T08:19:54","slug":"rydvallmjelva-isbrytaren","status":"publish","type":"product","link":"https:\/\/grappa.no\/no\/albums\/heilo\/rydvallmjelva-isbrytaren\/","title":{"rendered":"Rydvall\/Mjelva: Isbrytaren"},"content":{"rendered":"<p><\/p>\n<p>Spennende svensknorsk duo<\/p>\n<p>Isbrytaren byr p\u00e5 et uvanlig og inspirert duosamarbeid mellom en svensk og en norsk folkemusiker. Erik Rydvall, nyckelharpe, og hardingfelespelemann Olav Lukseng\u00e5rd Mjelva er begge blant de fremste folkemusikerne i sin generasjon. To nysgjerrige musikere, med godt rotfeste i tradisjonene de kommer fra.<\/p>\n<p>Duosamarbeid med hardingfele og nyckelharpe har i sv\u00e6rt liten grad v\u00e6rt gjort tidligere. Repertoarene og spillestilene p\u00e5 de to instrumentene er i utgangspunktet sv\u00e6rt ulike, men de to unge musikerne f\u00e5r kombinasjonen til \u00e5 l\u00e5te b\u00e5de naturlig og spennende.  Etter \u00e5 ha gjort stor suksess med en rekke konserter er n\u00e5 duoen endelig klar med sitt f\u00f8rste album. <\/p>\n<p>\u00abIsbrytaren\u00bb ble innspilt i \u00c5l kirke i Hallingdal sammen med tekniker Tor Magne Hallibakken. &#8211; Et rom med en fantastisk akustikk, som Olav L. Mjelva kjente godt fra f\u00f8r. \u00ab\u00c5 f\u00e5 sitte for seg selv med hvert sitt instrument i en stor kirke med fantastisk klang var veldig inspirerende.\u00bb skriver Mjelva og Rydvall omslagsteksten.  P\u00e5 platen spiller de to egne arrangementer av b\u00e5de svensk og norsk tradisjonsmateriale i tillegg til et par egne komposisjoner. Musikken er b\u00e5de stemningsfull, fengende og dansbar, og samspillet sl\u00e5r virkelig gnister.<\/p>\n<p><!--more--><\/p>\n<p>Isbrytaren byr p\u00e5 et uvanlig og inspirert duosamarbeid mellom en svensk og en norsk folkemusiker. Erik Rydvall, nyckelharpe, og hardingfelespelemann Olav Lukseng\u00e5rd Mjelva er begge blant de fremste folkemusikerne i sin generasjon. To nysgjerrige musikere, med godt rotfeste i tradisjonene de kommer fra.<\/p>\n<h4>Isbrytaren<\/h4>\n<p>\u00abIsbrytaren\u00bb ble innspilt i \u00c5l kirke i Hallingdal sammen med tekniker Tor Magne Hallibakken. &#8211; Et rom med en fantastisk akustikk, som Olav L. Mjelva kjente godt fra f\u00f8r. \u00ab\u00c5 f\u00e5 sitte for seg selv med hvert sitt instrument i en stor kirke med fantastisk klang var veldig inspirerende.\u00bb skriver Mjelva og Rydvall omslagsteksten.  P\u00e5 platen spiller de to egne arrangementer av b\u00e5de svensk og norsk tradisjonsmateriale i tillegg til et par egne komposisjoner. Musikken er b\u00e5de stemningsfull, fengende og dansbar, og samspillet sl\u00e5r virkelig gnister.<\/p>\n<h4><\/h4>\n<p><h4><\/h4>\n<\/p>\n<p><\/p>","protected":false},"excerpt":{"rendered":"<p>Isbrytaren byr p\u00e5 et uvanlig og inspirert duosamarbeid mellom en svensk og en norsk folkemusiker.<\/p>\n","protected":false},"featured_media":27312,"comment_status":"closed","ping_status":"open","template":"","meta":[],"product_brand":[],"product_cat":[35],"product_tag":[],"class_list":{"0":"post-945","1":"product","2":"type-product","3":"status-publish","4":"has-post-thumbnail","6":"product_cat-heilo","7":"product_shipping_class-cddvd-shipping","8":"uni_artist_tag-ake-sandstrom","9":"uni_artist_tag-aslak-sandestolen","10":"uni_artist_tag-eric-sahlstrom","11":"uni_artist_tag-erik-rydvall","12":"uni_artist_tag-olav-mjelva","13":"uni_artist_tag-trad","14":"uni_artist_genre-folk-music","15":"uni_artist_genre-instrumental","17":"first","18":"instock","19":"taxable","20":"shipping-taxable","21":"purchasable","22":"product-type-simple"},"_links":{"self":[{"href":"https:\/\/grappa.no\/no\/wp-json\/wp\/v2\/product\/945","targetHints":{"allow":["GET"]}}],"collection":[{"href":"https:\/\/grappa.no\/no\/wp-json\/wp\/v2\/product"}],"about":[{"href":"https:\/\/grappa.no\/no\/wp-json\/wp\/v2\/types\/product"}],"replies":[{"embeddable":true,"href":"https:\/\/grappa.no\/no\/wp-json\/wp\/v2\/comments?post=945"}],"wp:featuredmedia":[{"embeddable":true,"href":"https:\/\/grappa.no\/no\/wp-json\/wp\/v2\/media\/27312"}],"wp:attachment":[{"href":"https:\/\/grappa.no\/no\/wp-json\/wp\/v2\/media?parent=945"}],"wp:term":[{"taxonomy":"product_brand","embeddable":true,"href":"https:\/\/grappa.no\/no\/wp-json\/wp\/v2\/product_brand?post=945"},{"taxonomy":"product_cat","embeddable":true,"href":"https:\/\/grappa.no\/no\/wp-json\/wp\/v2\/product_cat?post=945"},{"taxonomy":"product_tag","embeddable":true,"href":"https:\/\/grappa.no\/no\/wp-json\/wp\/v2\/product_tag?post=945"}],"curies":[{"name":"wp","href":"https:\/\/api.w.org\/{rel}","templated":true}]}}