{"id":943,"date":"2014-11-21T00:00:00","date_gmt":"2014-11-20T23:00:00","guid":{"rendered":"http:\/\/www.grappa.no\/albums\/uncategorized\/bror-magnus-todenes-remembering-jussi\/"},"modified":"2019-03-21T11:04:11","modified_gmt":"2019-03-21T10:04:11","slug":"bror-magnus-todenes-remembering-jussi","status":"publish","type":"product","link":"https:\/\/grappa.no\/no\/albums\/simax-classics\/bror-magnus-todenes-remembering-jussi\/","title":{"rendered":"Bror Magnus T\u00f8denes: Remembering Jussi"},"content":{"rendered":"<p><\/p>\n<p>En tenor du m\u00e5 h\u00f8re! Bror Magnus T\u00f8denes<\/p>\n<p>\u00c5 CD-debutere som sanger 21 \u00e5r gammel krever talent, arbeidsvilje og ikke s\u00e5 lite mot. Bror Magnus T\u00f8denes har alt dette \u2013 og mere til! Han henter frem sangene vi forbinder med Jussi Bj\u00f6rling, og gir tilbeste tolkninger som treffer midt i hjertet.<\/p>\n<p>Enrico Caruso og Beniamino Gigli. To forbilder Bror Magnus ogs\u00e5 gjerne trekker frem n\u00e5r han n\u00e5 boltrer seg i operaarier sammen med Kringkastingsorkesteret under ledelse av Ingar Bergby. Men han g\u00e5r ogs\u00e5 videre i store publikumstreffere som &#8216;O Helga Natt&#8217; og den sjarmerende &#8216;Arrivideci Roma&#8217; fra 1955-filmen, gjort ud\u00f8delig av Mario Lanza. En avdeling med nordiske romanser h\u00f8rer ogs\u00e5 naturlig med i Bror Magnus T\u00f8denes sin debut-utgivelse. To av Jussi Bj\u00f6rlings svenske signaturer er &#8216;Tonerna&#8217; og &#8216;Till Havs&#8217;. Fire av Grieg og to av Sibelius&#8217; mest kjente sanger finner sin ogs\u00e5 sin plass her. Felles for alle er at Bror Magnus \u2013 i suverent samspill med H\u00e5vard Gimse \u2013 tolker sangene slik vi dr\u00f8mmer om at det skal h\u00f8res ut, med en stemme som kommer fra dypet av hjertet.<\/p>\n<p><!--more--><\/p>\n<p>\u00c5 CD-debutere som sanger 21 \u00e5r gammel krever talent, arbeidsvilje og ikke s\u00e5 lite mot. Bror Magnus T\u00f8denes har alt dette \u2013 og mere til! Han henter frem sangene vi forbinder med Jussi Bj\u00f6rling, og gir tilbeste tolkninger som treffer midt i hjertet.<\/p>\n<h4>Det begynte som parodiering og herming \u2013 &#8216;Klassisk var relativt\u2026 fjernt!&#8217;<\/h4>\n<p>Den musikalske l\u00f8pebanen startet som gitarist i ten\u00e5rings-bandet GoodFeel med jazz, blues og pop\/rock, og med samme instrument kom han inn p\u00e5 musikklinjen ved Fagerlia Videreg\u00e5ende skole i \u00c5lesund. Sang er obligatorisk bi-instrument og sangl\u00e6reren h\u00f8rte en usedvanlig god stemme, selv om Bror Magnus kanskje ikke helt mente alvor. De to inngikk et veddem\u00e5l: hvis han fikk plass p\u00e5 talentprogrammet Unge Musikere (NTNU) i Trondheim som sanger, skulle han bytte hovedinstrument til sang. Resten er historie. Bror Magnus begynte med \u00e5 herme og parodiere klassisk sang men s\u00e5 fant han virkelig seg selv og sitt uttrykk nettopp her \u2013 til sin egen store overraskelse.<\/p>\n<h4>Favoritt-arier fra det store operarepertoaret<\/h4>\n<p>Enrico Caruso og Beniamino Gigli. To forbilder Bror Magnus ogs\u00e5 gjerne trekker frem n\u00e5r han n\u00e5 boltrer seg i operaarier sammen med Kringkastingsorkesteret under ledelse av Ingar Bergby. Men han g\u00e5r ogs\u00e5 videre i store publikumstreffere som &#8216;O Helga Natt&#8217; og den sjarmerende &#8216;Arrivideci Roma&#8217; fra 1955-filmen, gjort ud\u00f8delig av Mario Lanza.<\/p>\n<h4>Nordiske sanger<\/h4>\n<p>En avdeling med nordiske romanser h\u00f8rer ogs\u00e5 naturlig med i Bror Magnus T\u00f8denes sin debut-utgivelse. To av Jussi Bj\u00f6rlings svenske signaturer er &#8216;Tonerna&#8217; og &#8216;Till Havs&#8217;. Fire av Grieg og to av Sibelius&#8217; mest kjente sanger finner sin ogs\u00e5 sin plass her. Felles for alle er at Bror Magnus \u2013 i suverent samspill med H\u00e5vard Gimse \u2013 tolker sangene slik vi dr\u00f8mmer om at det skal h\u00f8res ut, med en stemme som kommer fra dypet av hjertet.<\/p>\n<p><\/p>","protected":false},"excerpt":{"rendered":"<p>H\u00f8r! En ny Bj\u00f8rling! Heisan! En ny Callas. [Kjell Hillveg \/ Dagsavisen]<\/p>\n","protected":false},"featured_media":27790,"comment_status":"closed","ping_status":"open","template":"","meta":[],"product_brand":[],"product_cat":[180],"product_tag":[],"class_list":{"0":"post-943","1":"product","2":"type-product","3":"status-publish","4":"has-post-thumbnail","6":"product_cat-simax-classics","7":"product_shipping_class-cddvd-shipping","8":"uni_artist_tag-adolphe-c-adam","9":"uni_artist_tag-bror-magnus-todenes","10":"uni_artist_tag-carl-leopold-sjoberg","11":"uni_artist_tag-edvard-grieg","12":"uni_artist_tag-georges-bizet","13":"uni_artist_tag-giacomo-puccini","14":"uni_artist_tag-gustaf-nordqvist","15":"uni_artist_tag-havard-gimse","16":"uni_artist_tag-ingar-bergby","17":"uni_artist_tag-jean-sibelius","18":"uni_artist_tag-jorn-pedersen","19":"uni_artist_tag-norwegian-radio-orchestra","20":"uni_artist_tag-peter-tchaikovsky","21":"uni_artist_tag-renato-rascel","22":"uni_artist_tag-umberto-giordano","23":"uni_main_artist_tag-bror-magnus-todenes","24":"uni_artist_genre-debut","25":"uni_artist_genre-lieder","26":"uni_artist_genre-nominated-for-norwegian-grammy-nominert-til-spellemannprisen","27":"uni_artist_genre-opera","28":"uni_artist_genre-young-norwegian","30":"first","31":"instock","32":"taxable","33":"shipping-taxable","34":"purchasable","35":"product-type-simple"},"_links":{"self":[{"href":"https:\/\/grappa.no\/no\/wp-json\/wp\/v2\/product\/943","targetHints":{"allow":["GET"]}}],"collection":[{"href":"https:\/\/grappa.no\/no\/wp-json\/wp\/v2\/product"}],"about":[{"href":"https:\/\/grappa.no\/no\/wp-json\/wp\/v2\/types\/product"}],"replies":[{"embeddable":true,"href":"https:\/\/grappa.no\/no\/wp-json\/wp\/v2\/comments?post=943"}],"wp:featuredmedia":[{"embeddable":true,"href":"https:\/\/grappa.no\/no\/wp-json\/wp\/v2\/media\/27790"}],"wp:attachment":[{"href":"https:\/\/grappa.no\/no\/wp-json\/wp\/v2\/media?parent=943"}],"wp:term":[{"taxonomy":"product_brand","embeddable":true,"href":"https:\/\/grappa.no\/no\/wp-json\/wp\/v2\/product_brand?post=943"},{"taxonomy":"product_cat","embeddable":true,"href":"https:\/\/grappa.no\/no\/wp-json\/wp\/v2\/product_cat?post=943"},{"taxonomy":"product_tag","embeddable":true,"href":"https:\/\/grappa.no\/no\/wp-json\/wp\/v2\/product_tag?post=943"}],"curies":[{"name":"wp","href":"https:\/\/api.w.org\/{rel}","templated":true}]}}