{"id":936,"date":"2013-04-12T00:00:00","date_gmt":"2013-04-11T23:00:00","guid":{"rendered":"http:\/\/www.grappa.no\/albums\/uncategorized\/torbjorn-dyrud-detti-er-heme\/"},"modified":"2016-08-16T09:19:52","modified_gmt":"2016-08-16T08:19:52","slug":"torbjorn-dyrud-detti-er-heme","status":"publish","type":"product","link":"https:\/\/grappa.no\/no\/albums\/grappa\/torbjorn-dyrud-detti-er-heme\/","title":{"rendered":"Torbj\u00f8rn Dyrud: Detti er heme"},"content":{"rendered":"<p><\/p>\n<p>Dyruds visedebut<\/p>\n<p>Torbj\u00f8rn Dyrud fra Toten har lang fartstid som musiker og komponist, men med \u00abDetti er heme\u00bb debuterer han i viseformat. <\/p>\n<p>\u00abVisesang er et intimt format, det er en uttrykksform som kler \u00e5 formidle de n\u00e6re ting.\u00bb Etter at han bodde \u00e5tte \u00e5r p\u00e5 Eidsvoll Verk, er han og familien tilbake p\u00e5 Toten &#8211; og flytteprosessen inspirerte ham til plata. \u00abOmgivelsene visene skrives i pipler inn og p\u00e5virker innholdet.\u00bb sier Dyrud. <\/p>\n<p>\u00c5 kalle Torbj\u00f8rn Dyrud allsidig er n\u00e6rmest en underdrivelse &#8211; han har gitt ut flere plater med improvisert musikk, jazz og prisbel\u00f8nnet kormusikk &#8211; han har spilt revy med \u00abUrbane Totninger\u00bb, v\u00e6rt kapellmester for Oslo Fagottkor og spilt konserter med Stian Carstensen og Gjermund Larsen. <\/p>\n<p>Det var en bestilling fra Josefine Viseklubb i 2009 som f\u00f8rte til at han fant et nytt musikalsk hjem i visene. \u00abV\u00e5ren 2009 fikk jeg en bestilling fra Josefine viseklubb p\u00e5 to nye viser. Bestillingen gjaldt egentlig kun ny musikk til valgfri tekst, men jeg bestemte meg for \u00e5 skrive tekst sj\u00f8l. J\u00f8rn Simen \u00d8verli p\u00e5 Josefine sa jeg kunne bruke hvem jeg ville til \u00e5 framf\u00f8re visene, men etter \u00e5 ha sunget solo for 13.500 publikummere p\u00e5 Urbane Totninger sommeren 2009, bestemte jeg meg for \u00e5 gj\u00f8re det sj\u00f8l ogs\u00e5. Jeg s\u00e5 ikke dette komme p\u00e5 noe som helst vis, men da jeg faktisk gjorde det, kjentes det forunderlig riktig,\u00bb forteller Dyrud.<\/p>\n<p>Det er en spennende og helst\u00f8pt visekunstner vi m\u00f8ter p\u00e5 albumet \u00a0&quot;Detti<br \/>\ner heme&quot;. Han skildrer situasjoner, stemninger og milj\u00f8er med varme og humor, og han er en engasjerende historieforteller. P\u00e5 bred totendialekt skildres det \u00e5 finne hjem igjen, sn\u00f8smelting, en togtur til byen i 1922 og dagliglivet som sm\u00e5barnsforeldre i 2013. Kort oppsummert: 10 viser om det gode, det alvorlige, det artige og det fine.<\/p>\n<p>Med unntak av strykearrangementer innspilt i LA, er hele albumet innspilt i Narums studio p\u00e5 Toten. Musikerne som spiller p\u00e5 \u00abDetti er heme\u00bb er foruten Dyrud selv, bassist Bj\u00f8rn Holm (Odd Nordstoga, Vidar Busk), multiinstrumentalist Stian Carstensen (Farmers Market) og gitarist Jon Anders Narum &#8211; som ogs\u00e5 har produsert albumet.<\/p>\n<p><!--more--><\/p>\n<p>Torbj\u00f8rn Dyrud fra Toten har lang fartstid som musiker og komponist, men med \u00abDetti er heme\u00bb debuterer han i viseformat.<\/p>\n<h4>Bestilling<\/h4>\n<p>\u00c5 kalle Torbj\u00f8rn Dyrud allsidig er n\u00e6rmest en underdrivelse &#8211; han har gitt ut flere plater med improvisert musikk, jazz og prisbel\u00f8nnet kormusikk &#8211; han har spilt revy med \u00abUrbane Totninger\u00bb, v\u00e6rt kapellmester for Oslo Fagottkor og spilt konserter med Stian Carstensen og Gjermund Larsen. <\/p>\n<p>Det var en bestilling fra Josefine Viseklubb i 2009 som f\u00f8rte til at han fant et nytt musikalsk hjem i visene. \u00abV\u00e5ren 2009 fikk jeg en bestilling fra Josefine viseklubb p\u00e5 to nye viser. Bestillingen gjaldt egentlig kun ny musikk til valgfri tekst, men jeg bestemte meg for \u00e5 skrive tekst sj\u00f8l. J\u00f8rn Simen \u00d8verli p\u00e5 Josefine sa jeg kunne bruke hvem jeg ville til \u00e5 framf\u00f8re visene, men etter \u00e5 ha sunget solo for 13.500 publikummere p\u00e5 Urbane Totninger sommeren 2009, bestemte jeg meg for \u00e5 gj\u00f8re det sj\u00f8l ogs\u00e5. Jeg s\u00e5 ikke dette komme p\u00e5 noe som helst vis, men da jeg faktisk gjorde det, kjentes det forunderlig riktig,\u00bb forteller Dyrud.<\/p>\n<h4>Detti er heme<\/h4>\n<p>Det er en spennende og helst\u00f8pt visekunstner vi m\u00f8ter p\u00e5 albumet \u00a0&quot;Detti<br \/>\ner heme&quot;. Han skildrer situasjoner, stemninger og milj\u00f8er med varme og humor, og han er en engasjerende historieforteller. P\u00e5 bred totendialekt skildres det \u00e5 finne hjem igjen, sn\u00f8smelting, en togtur til byen i 1922 og dagliglivet som sm\u00e5barnsforeldre i 2013. Kort oppsummert: 10 viser om det gode, det alvorlige, det artige og det fine.<\/p>\n<p>Med unntak av strykearrangementer innspilt i LA, er hele albumet innspilt i Narums studio p\u00e5 Toten. Musikerne som spiller p\u00e5 \u00abDetti er heme\u00bb er foruten Dyrud selv, bassist Bj\u00f8rn Holm (Odd Nordstoga, Vidar Busk), multiinstrumentalist Stian Carstensen (Farmers Market) og gitarist Jon Anders Narum &#8211; som ogs\u00e5 har produsert albumet.<\/p>\n<h4><\/h4>\n<\/p>\n<p><\/p>","protected":false},"excerpt":{"rendered":"<p>10 viser om det gode, det alvorlige, det artige og det fine.<\/p>\n","protected":false},"featured_media":27104,"comment_status":"closed","ping_status":"open","template":"","meta":[],"product_brand":[],"product_cat":[6],"product_tag":[],"class_list":{"0":"post-936","1":"product","2":"type-product","3":"status-publish","4":"has-post-thumbnail","6":"product_cat-grappa","7":"product_shipping_class-cddvd-shipping","8":"uni_artist_tag-bjorn-holm","9":"uni_artist_tag-jon-anders-narum","10":"uni_artist_tag-stian-carstensen","11":"uni_artist_tag-torbjorn-dyrud","12":"uni_main_artist_tag-torbjorn-dyrud","13":"uni_artist_genre-norwegian","14":"uni_artist_genre-singersongwriter","16":"first","17":"instock","18":"taxable","19":"shipping-taxable","20":"purchasable","21":"product-type-simple"},"_links":{"self":[{"href":"https:\/\/grappa.no\/no\/wp-json\/wp\/v2\/product\/936","targetHints":{"allow":["GET"]}}],"collection":[{"href":"https:\/\/grappa.no\/no\/wp-json\/wp\/v2\/product"}],"about":[{"href":"https:\/\/grappa.no\/no\/wp-json\/wp\/v2\/types\/product"}],"replies":[{"embeddable":true,"href":"https:\/\/grappa.no\/no\/wp-json\/wp\/v2\/comments?post=936"}],"wp:featuredmedia":[{"embeddable":true,"href":"https:\/\/grappa.no\/no\/wp-json\/wp\/v2\/media\/27104"}],"wp:attachment":[{"href":"https:\/\/grappa.no\/no\/wp-json\/wp\/v2\/media?parent=936"}],"wp:term":[{"taxonomy":"product_brand","embeddable":true,"href":"https:\/\/grappa.no\/no\/wp-json\/wp\/v2\/product_brand?post=936"},{"taxonomy":"product_cat","embeddable":true,"href":"https:\/\/grappa.no\/no\/wp-json\/wp\/v2\/product_cat?post=936"},{"taxonomy":"product_tag","embeddable":true,"href":"https:\/\/grappa.no\/no\/wp-json\/wp\/v2\/product_tag?post=936"}],"curies":[{"name":"wp","href":"https:\/\/api.w.org\/{rel}","templated":true}]}}