{"id":935,"date":"2013-04-12T00:00:00","date_gmt":"2013-04-11T23:00:00","guid":{"rendered":"http:\/\/www.grappa.no\/albums\/uncategorized\/budding-rose-where-were-ye-all\/"},"modified":"2016-08-16T09:19:51","modified_gmt":"2016-08-16T08:19:51","slug":"budding-rose-where-were-ye-all","status":"publish","type":"product","link":"https:\/\/grappa.no\/no\/albums\/grappa\/budding-rose-where-were-ye-all\/","title":{"rendered":"Budding Rose: Where Were Ye All?"},"content":{"rendered":"<p><\/p>\n<p>Kaleidoskopisk Bront\u00eb album<\/p>\n<p>\u201cIt is so interesting to have this take on the Bront\u00eb&#8217;s words. The songs bring out something which is there, but overlooked and the setting&#8217;s, the beautiful vocals and the magical arrangements are really beautiful and thought-provoking\u201d. Fiona Talkington, BBC.<\/p>\n<p>Ti \u00e5r etter at f\u00f8rste l\u00e5t ble skrevet kommer endelig debuten til bandet og prosjektet Budding Rose: \u00abWhere Were Ye All?\u00bb. Dette er de store kontrasters musikk. Tekster fra 1800-tallet, m\u00f8ter moderne orkestral pop-elektronika. Stillferdige og s\u00e5re partier g\u00e5r over i massive kunstrockpartier, og kanskje en sving innom robotverden, f\u00f8r musikken spiller ut flotte harmonier i akustiske instrumenter. Dette er innholdstett og emosjonell catchy kunstpop!<br \/>\nMulti-instrumentalist og l\u00e5tskriver Terje Johannesen fra T\u00f8nsberg har v\u00e6rt profesjonell musiker i to ti\u00e5r og har spilt med alt fra Odd B\u00f8rretzen\/Lars Martin Myhre til Proviant Audio, fra Adjagas og til Levi Henriksen. Fr\u00f8ene til det som skulle bli Budding Rose ble s\u00e5dd da Terje ble invitert til \u00e5 skrive musikk til  Gard Eidsvolds\/Hans Petter Blads oppsetning av teaterstykker \u201dRoe Head\u201d p\u00e5 Torshov Teateret i 2003. Stykket handlet om de britiske s\u00f8strene Charlotte, Emily og Anne Bront\u00ebs liv og diktning. Bront\u00ebs\u00f8strene, som st\u00e5r bak litter\u00e6re klassikere som \u201dStormfulle h\u00f8yder\u201d, \u201dJane Eyre\u201d og \u201dVillette\u201d, skrev ogs\u00e5 et stort antall dikt i f\u00f8rste halvdel av 1800tallet. Johannesen ble s\u00e5 fascinerte og inspirert av tekstene, at han siden den gang har fortsatt med \u00e5 lage musikk til flere av diktene. Etter fire \u00e5r p\u00e5 egenh\u00e5nd inviterte Terje med seg Line Horntveth fra Jaga Jazzist som sanger, musiker og samarbeidspartner, og duoen tok navnet Budding Rose etter ett av diktene. Foruten Line Horntveth og Terje Johannesen, som til sammen trakterer et titalls instrumenter og synger, bidrar Nikolai H\u00e6ngsle Eilertsen (Big Bang og Elephant 9) p\u00e5 bass. Et stjerneteam med alt fra Odd Nordstoga, Bj\u00f8rn Holm, Thomas Dybdahl, Jonas Alaska og KORET synger p\u00e5 albumet. Alle sammen musikere bandet kjenner godt fra tidligere samarbeid.<\/p>\n<p><!--more--><\/p>\n<p>\u201cIt is so interesting to have this take on the Bront\u00eb&#8217;s words. The songs bring out something which is there, but overlooked and the setting&#8217;s, the beautiful vocals and the magical arrangements are really beautiful and thought-provoking\u201d. Fiona Talkington, BBC.<\/p>\n<p>Ti \u00e5r etter at f\u00f8rste l\u00e5t ble skrevet kommer endelig debuten til bandet og prosjektet Budding Rose: \u00abWhere Were Ye All?\u00bb. Dette er de store kontrasters musikk. Tekster fra 1800-tallet, m\u00f8ter moderne orkestral pop-elektronika. Stillferdige og s\u00e5re partier g\u00e5r over i massive kunstrockpartier, og kanskje en sving innom robotverden, f\u00f8r musikken spiller ut flotte harmonier i akustiske instrumenter. Dette er innholdstett og emosjonell catchy kunstpop!<\/p>\n<h4>Teatermusikk<\/h4>\n<p>Fr\u00f8ene til det som skulle bli Budding Rose ble s\u00e5dd da Terje ble invitert til \u00e5 skrive musikk til  Gard Eidsvolds\/Hans Petter Blads oppsetning av teaterstykker \u201dRoe Head\u201d p\u00e5 Torshov Teateret i 2003. Stykket handlet om de britiske s\u00f8strene Charlotte, Emily og Anne Bront\u00ebs liv og diktning. Bront\u00ebs\u00f8strene, som st\u00e5r bak litter\u00e6re klassikere som \u201dStormfulle h\u00f8yder\u201d, \u201dJane Eyre\u201d og \u201dVillette\u201d, skrev ogs\u00e5 et stort antall dikt i f\u00f8rste halvdel av 1800tallet. Johannesen ble s\u00e5 fascinerte og inspirert av tekstene, at han siden den gang har fortsatt med \u00e5 lage musikk til flere av diktene.<\/p>\n<p>Etter fire \u00e5r p\u00e5 egenh\u00e5nd inviterte Terje med seg Line Horntveth fra Jaga Jazzist som sanger, musiker og samarbeidspartner, og duoen tok navnet Budding Rose etter ett av diktene.<\/p>\n<p>I 2009 ble de to bedt om \u00e5 lage en konsert i forbindelse med jazzklubben Urijazz ` 30\u00e5rs jubileum i T\u00f8nsberg. Dette ble anledningen duoen ventet p\u00e5. Et &quot;kammerband&quot; ble satt sammen, og man kunne endelig f\u00e5 testet ut noen musikalske id\u00e9er.  I samme periode samlet bandet et stort og entusiastisk publikum med konserter p\u00e5 Horten Jazzclub og Caf\u00e8 Mono i Oslo.<\/p>\n<h4>Where Were Ye All?<\/h4>\n<p>Produsentene Martin Horntveth (Jaga Jazzist, National Bank, Jonas Alaska m.m), og Morten Qvenild (National Bank, Susannah &amp; the magical Orchestra, In The Country, Solveig Slettahjel m.m) ble n\u00e5 hentet inn til plateinnspillingen. Horntveth og Qvenild bidrar ogs\u00e5 som musikere p\u00e5 plata med alt fra trommer og tangenter, til autoharpe og programmering.<\/p>\n<p>Det kaleidoskopiske albumet har blitt innspilt over en lang periode og med en lang rekke medvirkende. Foruten Line Horntveth og Terje Johannesen, som til sammen trakterer et titalls instrumenter og synger, bidrar Nikolai H\u00e6ngsle Eilertsen (Big Bang og Elephant 9) p\u00e5 bass. Et stjerneteam med alt fra Odd Nordstoga, Bj\u00f8rn Holm, Thomas Dybdahl, Jonas Alaska og KORET synger p\u00e5 albumet. Alle sammen musikere bandet kjenner godt fra tidligere samarbeid.<\/p>\n<p>Utgivelsen av \u00abWhere Were Ye All?\u00bb feires med en storsl\u00e5tt releasekonsert p\u00e5 Nasjonal Jazzscene Victoria 12. april. Konserten er en del  av den norsk britiske konsertserien Conexions \u2013 kuratert av BBC musikkjournalisten Fiona Talkington. P\u00e5 konserten vil bandet bli forsterket med tre britiske strykere.<\/p>\n<h4><\/h4>\n<\/p>\n<p><\/p>","protected":false},"excerpt":{"rendered":"<p>Ti \u00e5r etter at f\u00f8rste l\u00e5t ble skrevet kommer endelig debuten til bandet og prosjektet Budding Rose: \u00abWhere Were Ye All?\u00bb. Dette er de store kontrasters musikk.<\/p>\n","protected":false},"featured_media":27095,"comment_status":"closed","ping_status":"open","template":"","meta":[],"product_brand":[],"product_cat":[6],"product_tag":[],"class_list":{"0":"post-935","1":"product","2":"type-product","3":"status-publish","4":"has-post-thumbnail","6":"product_cat-grappa","7":"product_shipping_class-cddvd-shipping","8":"uni_artist_tag-andreas-mjos","9":"uni_artist_tag-bjorn-holm","10":"uni_artist_tag-budding-rose","11":"uni_artist_tag-jonas-alaska","12":"uni_artist_tag-line-horntveth","13":"uni_artist_tag-martin-horntveth","14":"uni_artist_tag-nikolai-haengsle-eilertsen","15":"uni_artist_tag-terje-johannesen","16":"uni_artist_tag-thomas-dybdahl","17":"uni_main_artist_tag-budding-rose","18":"uni_artist_genre-art-music","19":"uni_artist_genre-electronic","20":"uni_artist_genre-pop","22":"first","23":"instock","24":"taxable","25":"shipping-taxable","26":"purchasable","27":"product-type-simple"},"_links":{"self":[{"href":"https:\/\/grappa.no\/no\/wp-json\/wp\/v2\/product\/935","targetHints":{"allow":["GET"]}}],"collection":[{"href":"https:\/\/grappa.no\/no\/wp-json\/wp\/v2\/product"}],"about":[{"href":"https:\/\/grappa.no\/no\/wp-json\/wp\/v2\/types\/product"}],"replies":[{"embeddable":true,"href":"https:\/\/grappa.no\/no\/wp-json\/wp\/v2\/comments?post=935"}],"wp:featuredmedia":[{"embeddable":true,"href":"https:\/\/grappa.no\/no\/wp-json\/wp\/v2\/media\/27095"}],"wp:attachment":[{"href":"https:\/\/grappa.no\/no\/wp-json\/wp\/v2\/media?parent=935"}],"wp:term":[{"taxonomy":"product_brand","embeddable":true,"href":"https:\/\/grappa.no\/no\/wp-json\/wp\/v2\/product_brand?post=935"},{"taxonomy":"product_cat","embeddable":true,"href":"https:\/\/grappa.no\/no\/wp-json\/wp\/v2\/product_cat?post=935"},{"taxonomy":"product_tag","embeddable":true,"href":"https:\/\/grappa.no\/no\/wp-json\/wp\/v2\/product_tag?post=935"}],"curies":[{"name":"wp","href":"https:\/\/api.w.org\/{rel}","templated":true}]}}