{"id":913,"date":"2013-03-08T00:00:00","date_gmt":"2013-03-07T23:00:00","guid":{"rendered":"http:\/\/www.grappa.no\/albums\/uncategorized\/gjermund-larsen-trio-reise\/"},"modified":"2016-06-13T10:48:09","modified_gmt":"2016-06-13T09:48:09","slug":"gjermund-larsen-trio-reise","status":"publish","type":"product","link":"https:\/\/grappa.no\/no\/albums\/heilo\/gjermund-larsen-trio-reise\/","title":{"rendered":"Gjermund Larsen Trio: Reise"},"content":{"rendered":"<p><\/p>\n<p>Tredje runde<\/p>\n<p>Felespiller Gjermund Larsen (f.1981) hadde allerede rukket \u00e5 bli en ettertraktet og erfaren musiker da han i 2007 fikk Grappas debutantpris og platekontrakt. Dermed fikk han ogs\u00e5 muligheten til \u00e5 lage det f\u00f8rste albumet med trioen med Andreas Utnem<br \/>\n(piano\/harmonium) og Sondre Meisfjord (kontrabass). Sammen har de funnet frem til et helt s\u00e6regent uttrykk der elementer fra kammerjazz, bluegrass, barokk- og samtidsmusikk smeltes sammen. Trioens debutalbum \u00abAnkomst\u00bb ble bel\u00f8nnet med Spellemannspris, og for oppf\u00f8lgeren \u00abAurum\u00bb fikk Gjermund nominasjon som beste popul\u00e6rkomponist i tillegg til en nominasjon for beste folkemusikkalbum. \u00abJeg tenker denne nye plata som en fortsettelse av de to foreg\u00e5ende\u00bb sier Gjermund selv. \u00abProsjektet og uttrykket har hele<br \/>\ntiden v\u00e6rt det samme. Det er vel en slags triologi!\u00bb Trioen har n\u00e5 spilt sammen i sju \u00e5r og samspillet og nyanserikdommen p\u00e5 det nye albumet er imponerende. \u00abJeg hadde spilt med Sondre og Andreas hver for seg tidligere, og hadde en god stund dr\u00f8mt om \u00e5 starte en trio med disse to.\u00bb sier Gjermund. Trioen spilte f\u00f8rste gang sammen p\u00e5 en huskonsert. \u00abIkke lenge etter ringte Telemarkfestivalen og spurte om jeg ville skrive neste \u00e5rs bestillingsverk (2006), og at jeg sto fritt til \u00e5 velge musikere.\u00bb Sondre og Andreas ble med, og<br \/>\nbestillingsverket &quot;Brytningstid&quot; dannet grunnlaget for trioens f\u00f8rste album &quot;Ankomst&quot;(2008).<br \/>\nGjermund Larsen skriver ogs\u00e5 all musikken for trioen, og hans meloditeft og formsans kommer godt frem p\u00e5 det nye albumet: \u00abJeg komponer gjerne fra tidlig om morgenen, etter at barna er levert i barnehagen. Men den beste inspirasjonen kommer som regel utp\u00e5 kvelden, etter at huset har falt til ro, og alt er stille\u00bb.<\/p>\n<p><!--more--><\/p>\n<p>Felespiller Gjermund Larsen (f.1981) hadde allerede rukket \u00e5 bli en ettertraktet og erfaren musiker da han i 2007 fikk Grappas debutantpris og platekontrakt. Dermed fikk han ogs\u00e5 muligheten til \u00e5 lage det f\u00f8rste albumet med trioen med Andreas Utnem (piano\/harmonium) og Sondre Meisfjord (kontrabass). Sammen har de funnet frem til et helt s\u00e6regent uttrykk der elementer fra kammerjazz, bluegrass, barokk- og samtidsmusikk smeltes sammen.<\/p>\n<h4>Samspill<\/h4>\n<p>Trioen har n\u00e5 spilt sammen i sju \u00e5r og samspillet og nyanserikdommen p\u00e5 det nye albumet er imponerende. \u00abJeg hadde spilt med Sondre og Andreas hver for seg tidligere, og hadde en god stund dr\u00f8mt om \u00e5 starte en trio med disse to.\u00bb sier Gjermund. Trioen spilte f\u00f8rste gang sammen p\u00e5 en huskonsert. \u00abIkke lenge etter ringte Telemarkfestivalen og spurte om jeg ville skrive neste \u00e5rs bestillingsverk (2006), og at jeg sto fritt til \u00e5 velge musikere.\u00bb Sondre og Andreas ble med, og<br \/>\nbestillingsverket &quot;Brytningstid&quot; dannet grunnlaget for trioens f\u00f8rste album &quot;Ankomst&quot;(2008).<\/p>\n<h4>Meloditeft<\/h4>\n<p>Gjermund Larsen skriver ogs\u00e5 all musikken for trioen, og hans meloditeft og formsans kommer godt frem p\u00e5 det nye albumet: \u00abJeg komponer gjerne fra tidlig om morgenen, etter at barna er levert i barnehagen. Men den beste inspirasjonen kommer som regel utp\u00e5 kvelden, etter at huset har falt til ro, og alt er stille\u00bb Gjermund lar seg inspirere av musikk han lytter til, musikere han spiller med og familien og stemninger. \u00abL\u00e5ten &quot;Bruresl\u00e5tt&quot;, var en gave til min kommende kone da vi giftet oss i fjor sommer. Halvparten av l\u00e5ten ble lagd samme dag som bryllupet, i en slags form for romantisk rus&#8230;\u00bb Trioen har et stadig voksende publikum ogs\u00e5 utenfor Norge, og kommer til \u00e5 spille flere konserter utenlands i \u00e5rene som kommer. \u00abVi spiller konserter i alt fra sm\u00e5 stuer med plass til 20 stk, til store<br \/>\nkonsertsaler med plass til mange. Musikken v\u00e5r passer b\u00e5de i intime og store lokaler, og det er kanskje noe av det vi verdsetter mest med denne trioen. Dette gj\u00f8r musikken levende, og vi som musikere opplever ofte nye sider ved musikken, selv etter \u00e5 ha spilt den i flere \u00e5r.\u00bb<\/p>\n<h4><\/h4>\n<\/p>\n<p><\/p>","protected":false},"excerpt":{"rendered":"<p>Gjermund Larsen skriver ogs\u00e5 all musikken for trioen, og hans meloditeft og formsans kommer godt frem p\u00e5 det nye albumet<\/p>\n","protected":false},"featured_media":28362,"comment_status":"closed","ping_status":"open","template":"","meta":[],"product_brand":[],"product_cat":[35],"product_tag":[],"class_list":{"0":"post-913","1":"product","2":"type-product","3":"status-publish","4":"has-post-thumbnail","6":"product_cat-heilo","7":"product_shipping_class-cddvd-shipping","8":"uni_artist_tag-andreas-utnem","9":"uni_artist_tag-gjermund-larsen","10":"uni_artist_tag-gjermund-larsen-trio","11":"uni_artist_tag-sondre-meisfjord","12":"uni_main_artist_tag-gjermund-larsen-trio","13":"uni_artist_genre-folk-music","14":"uni_artist_genre-instrumental","15":"uni_artist_genre-norwegian","16":"uni_artist_genre-traditional","18":"first","19":"outofstock","20":"taxable","21":"shipping-taxable","22":"purchasable","23":"product-type-simple"},"_links":{"self":[{"href":"https:\/\/grappa.no\/no\/wp-json\/wp\/v2\/product\/913","targetHints":{"allow":["GET"]}}],"collection":[{"href":"https:\/\/grappa.no\/no\/wp-json\/wp\/v2\/product"}],"about":[{"href":"https:\/\/grappa.no\/no\/wp-json\/wp\/v2\/types\/product"}],"replies":[{"embeddable":true,"href":"https:\/\/grappa.no\/no\/wp-json\/wp\/v2\/comments?post=913"}],"wp:featuredmedia":[{"embeddable":true,"href":"https:\/\/grappa.no\/no\/wp-json\/wp\/v2\/media\/28362"}],"wp:attachment":[{"href":"https:\/\/grappa.no\/no\/wp-json\/wp\/v2\/media?parent=913"}],"wp:term":[{"taxonomy":"product_brand","embeddable":true,"href":"https:\/\/grappa.no\/no\/wp-json\/wp\/v2\/product_brand?post=913"},{"taxonomy":"product_cat","embeddable":true,"href":"https:\/\/grappa.no\/no\/wp-json\/wp\/v2\/product_cat?post=913"},{"taxonomy":"product_tag","embeddable":true,"href":"https:\/\/grappa.no\/no\/wp-json\/wp\/v2\/product_tag?post=913"}],"curies":[{"name":"wp","href":"https:\/\/api.w.org\/{rel}","templated":true}]}}