{"id":911,"date":"2013-01-18T00:00:00","date_gmt":"2013-01-17T23:00:00","guid":{"rendered":"http:\/\/www.grappa.no\/albums\/uncategorized\/tor-endresen-jumping-for-joy\/"},"modified":"2016-08-16T09:06:29","modified_gmt":"2016-08-16T08:06:29","slug":"tor-endresen-jumping-for-joy","status":"publish","type":"product","link":"https:\/\/grappa.no\/no\/albums\/grappa\/tor-endresen-jumping-for-joy\/","title":{"rendered":"Tor Endresen: Jumping for joy"},"content":{"rendered":"<p><\/p>\n<p>Storband-CD fra Tor Endresen<\/p>\n<p>I h\u00f8st kunne man se Tor Endresen i NRK-programmet Stjernekamp, hvor han nok en gang viste folket sin kapasitet som sanger og entertainer. Selv er han best forn\u00f8yd med storband-delen av serien, og man h\u00f8rer fort at han trives som \u201dCrooner\u201d. N\u00e5 kommer Endresen ut med et helt nytt album.<\/p>\n<p>Per S\u00e6lemyr (1945) har v\u00e6rt kj\u00f8pmann\/foretningsmann og \u201dglobetrotter\u201d p\u00e5 heltid siden 1990. Fram til han var 60 \u00e5r hadde han ingen anelse om at han kunne lage musikk, men rundt 2005 begynte han \u00e5 nynne p\u00e5 en melodi han ikke hadde h\u00f8rt f\u00f8r \u2013 en melodi som var blitt til i hans eget hode, og etter hvert kom det stadig flere l\u00e5ter. Per S\u00e6lemyrs gode venn Gustav Lorentzen fikk sangene skrevet ned p\u00e5 notepapir og presenterte Endresen og S\u00e6lemyr for hverandre \u2013 og som Tor selv sier: \u201cDet var ikke til \u00e5 tro. Gode, swingende, NYE l\u00e5ter!\u201d <\/p>\n<p>N\u00e5r Pete Knutsen arrangerer og produserer, og Norges fremste jazzmusikere og Stabsmusikken spiller, m\u00e5 Endresen nesten klype seg selv i armen. Her er resultatet: Jumping for Joy!<\/p>\n<p><!--more--><\/p>\n<p>Tor Endresen med storband-CD!<\/p>\n<h4>M\u00f8tet med Per S\u00e6lemyr<\/h4>\n<p>Det var Gustav Lorenzen som presenterte Tor for Per S\u00e6lemyr, en tidligere kj\u00f8pmann\/foretningsmann, og siden 1990, \u201dglobetrotter\u201d p\u00e5 heltid. S\u00e6lemyr hadde ingen formell musikalsk utdanning, men musikk har alltid v\u00e6rt en viktig del av livet hans. Da han 15 \u00e5r var han for f\u00f8rste gang p\u00e5 konsert med Nora Brockstedt hvor han h\u00f8rte henne synge jazz \u2013 en opplevelse som fikk en stor betydning for hans musikalske smak. Nora ble hans favorittsanger og etter hvert ogs\u00e5 en n\u00e6r venn, og introduserte ham for de vakre standardl\u00e5tene av amerikanske komponister som Cole Porter, George Gershwin og Richard Rogers, for \u00e5 nevne noen. Fremdeles er &quot;The American Songbook&quot; den musikksjangeren han setter aller h\u00f8yest. Frem til han var 60 \u00e5r hadde han ingen anelse om at han kunne lage musikk \u2013 han var mer enn forn\u00f8yd med \u00e5 lytte til l\u00e5ter som andre hadde skrevet. Men rundt 2005 begynte han \u00e5 nynne p\u00e5 en sang han ikke hadde h\u00f8rt f\u00f8r \u2013 en melodi som var blitt til i hans eget hode, og etter hvert kom det stadig flere l\u00e5ter. Sannsynligvis hadde de forblitt i Pers hode hvis ikke hans gode venn Gustav Lorentzen ville det annerledes. Gustav fikk sangene skrevet ned p\u00e5 notepapir, og ble i tillegg hans mentor n\u00e5r det gjaldt \u00e5 skrive tekster. For utrolig nok begynte Per etter hvert ogs\u00e5 \u00e5 lage tekster til l\u00e5tene sine.<\/p>\n<h4>Som sendt fra himmelen<\/h4>\n<p>F\u00f8r Lorentzens altfor tidlige bortgang i april 2010 hadde han formidlet kontakt med Tor Endresen, som selv sier: \u201cDet var ikke til \u00e5 tro. Gode, swingende, NYE l\u00e5ter til meg i beste American songbook-stil som jeg elsker. Det var et prosjekt som sendt fra himmelen. Dette er det st\u00f8rste jeg har opplevd som sanger hittil i livet\u201d.<\/p>\n<h4>Et musikkeventyr<\/h4>\n<p>Tor hadde et inderlig \u00f8nske om \u00e5 f\u00e5 Pete Knutsen til \u00e5 arrangere l\u00e5tene og produsere platen. Med Pete Knutsen som arrang\u00f8r og produsent, og Norges fremste jazzmusikere og Stabsmusikkens Storband som spiller, m\u00e5 Endresen nesten klype seg selv i armen. Her er resultatet: \u201dJumping for joy\u201d!<\/p>\n<p><\/p>","protected":false},"excerpt":{"rendered":"<p>Svingende storbandsopplevelse fra Tor Endresen!<\/p>\n","protected":false},"featured_media":27094,"comment_status":"closed","ping_status":"open","template":"","meta":[],"product_brand":[],"product_cat":[6],"product_tag":[],"class_list":{"0":"post-911","1":"product","2":"type-product","3":"status-publish","4":"has-post-thumbnail","6":"product_cat-grappa","7":"product_shipping_class-cddvd-shipping","8":"uni_artist_tag-tor-endresen","9":"uni_main_artist_tag-tor-endresen","11":"first","12":"instock","13":"taxable","14":"shipping-taxable","15":"purchasable","16":"product-type-simple"},"_links":{"self":[{"href":"https:\/\/grappa.no\/no\/wp-json\/wp\/v2\/product\/911","targetHints":{"allow":["GET"]}}],"collection":[{"href":"https:\/\/grappa.no\/no\/wp-json\/wp\/v2\/product"}],"about":[{"href":"https:\/\/grappa.no\/no\/wp-json\/wp\/v2\/types\/product"}],"replies":[{"embeddable":true,"href":"https:\/\/grappa.no\/no\/wp-json\/wp\/v2\/comments?post=911"}],"wp:featuredmedia":[{"embeddable":true,"href":"https:\/\/grappa.no\/no\/wp-json\/wp\/v2\/media\/27094"}],"wp:attachment":[{"href":"https:\/\/grappa.no\/no\/wp-json\/wp\/v2\/media?parent=911"}],"wp:term":[{"taxonomy":"product_brand","embeddable":true,"href":"https:\/\/grappa.no\/no\/wp-json\/wp\/v2\/product_brand?post=911"},{"taxonomy":"product_cat","embeddable":true,"href":"https:\/\/grappa.no\/no\/wp-json\/wp\/v2\/product_cat?post=911"},{"taxonomy":"product_tag","embeddable":true,"href":"https:\/\/grappa.no\/no\/wp-json\/wp\/v2\/product_tag?post=911"}],"curies":[{"name":"wp","href":"https:\/\/api.w.org\/{rel}","templated":true}]}}