{"id":910,"date":"2013-10-11T00:00:00","date_gmt":"2013-10-10T23:00:00","guid":{"rendered":"http:\/\/www.grappa.no\/albums\/uncategorized\/fryktlos\/"},"modified":"2019-06-12T12:49:08","modified_gmt":"2019-06-12T11:49:08","slug":"fryktlos","status":"publish","type":"product","link":"https:\/\/grappa.no\/no\/albums\/grappa\/fryktlos\/","title":{"rendered":"Fryktl\u00f8s"},"content":{"rendered":"<p><\/p>\n<p>PUST feirer 10 \u00e5r i 2013 og n\u00e5 kommer ogs\u00e5 deres fjerde album: Fryktl\u00f8s.<\/p>\n<p>Etter at PUST ga ut juleplata \u00abJulero\u00bb i 2011, har de hatt stort fokus p\u00e5 julekonserter, men det var p\u00e5 tide \u00e5 komme ut av julebobla for en liten stund og starte p\u00e5 sitt fjerde album.<br \/>\nFor PUST er det ikke n\u00f8dvendigvis sjangeren som er viktig, men klangen og uttrykket de til enhver tid \u00f8nsker \u00e5 formidle. Under arbeidet med \u00e5 finne l\u00e5ter til den nye platen oppdaget gruppen at flere av dem hadde skrevet l\u00e5ter som passet med hverandre, b\u00e5de tekstlig og musikalsk. Denne gangen er det en visepop-plate vi f\u00e5r h\u00f8re av PUST \u2013 hverdagstekster til gode melodier i s\u00e6regne arrangementer.<\/p>\n<p><!--more--><\/p>\n<p>PUST feirer 10 \u00e5r i 2013 og n\u00e5 kommer ogs\u00e5 deres fjerde album ; Fryktl\u00f8s.<\/p>\n<h4>Nytetenkning og stemmelek<\/h4>\n<p>PUST er en vokalsekstett som presenterer allsidighet, nytenkning og stemmelek, kombinert med et h\u00f8yt musikalsk niv\u00e5.Gruppen har etablert seg som en av de ledende vokalgruppene i Norge, og vunnet anerkjennelse og priser i utlandet. De holder til i Oslo og ble startet opp v\u00e5ren 2003. Sangerne har en bred solistisk kompetanse innen sjangere som folkemusikk, klassisk, soul, pop og jazz Repertoaret ligger i hovedsak i et spenn mellom folk-, jazz- og etniske sjangere. PUST satser p\u00e5 originale l\u00e5tvalg, og alle komposisjoner og arrangementer er skrevet av eller for PUST. Mye framf\u00f8res a cappella, men gruppa samarbeider ogs\u00e5 med andre musikere.<\/p>\n<h4>Visepop-plate<\/h4>\n<p>Gruppens to f\u00f8rste album ble utgitt p\u00e5 eget selskap; Femkant (2007) og Kry (2009), og Femkant ble nominert til Spellemannpris i \u00ab\u00c5pen klasse\u00bb.Begge albumene mottok en rekke femmere og seksere i landspressen. Deres tredje album \u00abJulero\u00bb (2011) h\u00f8stet et tosifret antall terningkast 5 og 6. N\u00e5 kommer album nummer fire, og denne gangen er det en visepop-plate vi f\u00e5r h\u00f8re av PUST \u2013 hverdagstekster til gode melodier i s\u00e6regne arrangementer.<\/p>\n<h4><\/h4>\n<\/p>\n<p><\/p>","protected":false},"excerpt":{"rendered":"<p>PUST feirer 10 \u00e5r i 2013 og n\u00e5 kommer ogs\u00e5 deres fjerde album: Fryktl\u00f8s.<\/p>\n","protected":false},"featured_media":27088,"comment_status":"closed","ping_status":"open","template":"","meta":[],"product_brand":[],"product_cat":[6],"product_tag":[],"class_list":{"0":"post-910","1":"product","2":"type-product","3":"status-publish","4":"has-post-thumbnail","6":"product_cat-grappa","7":"product_shipping_class-cddvd-shipping","8":"uni_artist_tag-anne-hilde-grov","9":"uni_artist_tag-camilla-susann-haug","10":"uni_artist_tag-elisabeth-anvik","11":"uni_artist_tag-hakon-iversen","12":"uni_artist_tag-havard-gravdal","13":"uni_artist_tag-jostein-hasselgard","14":"uni_artist_tag-kenneth-kaland-fjellstad","15":"uni_artist_tag-mads-iversen","16":"uni_artist_tag-martin-gore","17":"uni_artist_tag-michel-legrand","18":"uni_artist_tag-nik-kershaw","19":"uni_artist_tag-pust","20":"uni_main_artist_tag-pust","21":"uni_artist_genre-a-cappella","22":"uni_artist_genre-folk","23":"uni_artist_genre-norwegian","24":"uni_artist_genre-pop","25":"uni_artist_genre-vocal","27":"first","28":"instock","29":"taxable","30":"shipping-taxable","31":"purchasable","32":"product-type-simple"},"_links":{"self":[{"href":"https:\/\/grappa.no\/no\/wp-json\/wp\/v2\/product\/910","targetHints":{"allow":["GET"]}}],"collection":[{"href":"https:\/\/grappa.no\/no\/wp-json\/wp\/v2\/product"}],"about":[{"href":"https:\/\/grappa.no\/no\/wp-json\/wp\/v2\/types\/product"}],"replies":[{"embeddable":true,"href":"https:\/\/grappa.no\/no\/wp-json\/wp\/v2\/comments?post=910"}],"wp:featuredmedia":[{"embeddable":true,"href":"https:\/\/grappa.no\/no\/wp-json\/wp\/v2\/media\/27088"}],"wp:attachment":[{"href":"https:\/\/grappa.no\/no\/wp-json\/wp\/v2\/media?parent=910"}],"wp:term":[{"taxonomy":"product_brand","embeddable":true,"href":"https:\/\/grappa.no\/no\/wp-json\/wp\/v2\/product_brand?post=910"},{"taxonomy":"product_cat","embeddable":true,"href":"https:\/\/grappa.no\/no\/wp-json\/wp\/v2\/product_cat?post=910"},{"taxonomy":"product_tag","embeddable":true,"href":"https:\/\/grappa.no\/no\/wp-json\/wp\/v2\/product_tag?post=910"}],"curies":[{"name":"wp","href":"https:\/\/api.w.org\/{rel}","templated":true}]}}