{"id":909,"date":"2013-06-14T00:00:00","date_gmt":"2013-06-13T23:00:00","guid":{"rendered":"http:\/\/www.grappa.no\/albums\/uncategorized\/the-source-of-summer\/"},"modified":"2016-08-16T09:06:25","modified_gmt":"2016-08-16T08:06:25","slug":"the-source-of-summer","status":"publish","type":"product","link":"https:\/\/grappa.no\/no\/albums\/grappa\/the-source-of-summer\/","title":{"rendered":"The Source: of Summer"},"content":{"rendered":"<p><\/p>\n<p>Kilden til Sommer!<\/p>\n<p>The Source of Summer er en overd\u00e5dig rytmisk og eklektisk sommerfest full av overraskelser. Sammen med et vell av gjesteartister fra en rekke himmelstr\u00f8k serverer kvartetten The Source norske sommerl\u00e5ter i hum\u00f8rfylte og originale versjoner du garantert ikke har h\u00f8rt maken til tidligere, og som like sikkert vil lokke fram sommerf\u00f8lelsen hos lytteren. I 18 \u00e5r har The Source holdt en julekonsert (The Source of Christmas) som er blitt stadig st\u00f8rre og mer popul\u00e6r. Livealbumet \u00abThe Source of Christmas: Live\u00bb innspilt   i  2005 ble en umiddelbar klassiker, fikk sekser-yatzy av anmelderene og ble ogs\u00e5 nominert til en Spellemann i \u00e5pen klasse. P\u00e5 bestilling fra Olavsfestdagene i Trondheim, og muligens i Antonio Vivaldis \u00e5nd,  gikk kvartetten i 2007 videre gjennom \u00e5rstidene og tok for seg sommerslagere p\u00e5 en storsl\u00e5tt sommerkonsert. &#8211; Og som p\u00e5 julekonsertene fikk sangskatten samme kj\u00e6rlige, uforutsigbare og uh\u00f8ytidlige behandling. Arabisk-, indisk- og et vell av ulike retninger innen vestlig musikktradisjon ble blandet i den samme rause sommersalaten.  Endelig kommer platen som samler et  raust, men kresent utvalg av favoritter fra disse konsertene. \u00abHoved\u00f8en\u00bb i indisk drakt, ra\u00ef versjon av \u00abSommartider\u00bb, og tidenes kanskje vakreste instrumentalversjon av \u00abSommernatt ved fjorden\u00bb er bare noen f\u00e5 av godbitene p\u00e5 dette albumet, som stadig tar nye og overraskende vendinger.<\/p>\n<p><!--more--><\/p>\n<p>The Source of Summer er en overd\u00e5dig rytmisk og eklektisk sommerfest full av overraskelser. Sammen med et vell av gjesteartister fra en rekke himmelstr\u00f8k serverer kvartetten The Source norske sommerl\u00e5ter i hum\u00f8rfylte og originale versjoner du garantert ikke har h\u00f8rt maken til tidligere, og som like sikkert vil lokke fram sommerf\u00f8lelsen hos lytteren.<\/p>\n<h4>Ny \u00e5rstid<\/h4>\n<p>P\u00e5 bestilling fra Olavsfestdagene i Trondheim, og muligens i Antonio Vivaldis \u00e5nd,  gikk kvartetten i 2007 videre gjennom \u00e5rstidene og tok for seg sommerslagere p\u00e5 en storsl\u00e5tt sommerkonsert. &#8211; Og som p\u00e5 julekonsertene fikk sangskatten samme kj\u00e6rlige, uforutsigbare og uh\u00f8ytidlige behandling. Arabisk-, indisk- og et vell av ulike retninger innen vestlig musikktradisjon ble blandet i den samme rause sommersalaten. De neste somrene  ble konserten invitert videre til Litteraturfestivalen p\u00e5 Lillehammer f\u00f8r den Nationaltheatret. <\/p>\n<p>Endelig kommer platen som samler et  raust, men kresent utvalg av favoritter fra disse konsertene. \u00abHoved\u00f8en\u00bb i indisk drakt, ra\u00ef versjon av \u00abSommartider\u00bb, og tidenes kanskje vakreste instrumentalversjon av \u00abSommernatt ved fjorden\u00bb er bare noen f\u00e5 av godbitene p\u00e5 dette albumet, som stadig tar nye og overraskende vendinger.<\/p>\n<p>Blant\u00a0gjesteartistene som er med her kan vi nevne:\u00a0Ine Hoem (Pelbo), Cheb Hocine, Solveig Slettahjell, skuespillerne Torbj\u00f8rn Harr og Andrea Br\u00e6in Hovig, Julius Winger, den indiske sangeren Sunanda\u00a0Sharma, egyptiske Fathy Salama, fiolinist Atle Sponberg og jazzgitaristen Jacob\u00a0Young.<\/p>\n<p>\u00abThe Source of Summer\u00bb er innspilt i legendariske Rainbow Studio,\u00a0med Jan Erik\u00a0Kongshaug som tekniker.<\/p>\n<h4>The Source<\/h4>\n<p>The Source best\u00e5r av Trygve Seim (saksofon), \u00d8yvind Br\u00e6kke (trombone) Mats Eilertsen (bass) og Per Oddvar Johansen (trommer). Kvartetten, som fyller 20 \u00e5r i \u00e5r, ble startet i 1993 og ble raskt karakterisert av b\u00e5de presse- og jazzmilj\u00f8et som et av de mest spennende bandene p\u00e5 den norske jazzscenen. Deres forrige kvartettalbum \u00abThe Source\u00bb  kom ut i 2006 p\u00e5 ECM.<\/p>\n<h4><\/h4>\n<\/p>\n<p><\/p>","protected":false},"excerpt":{"rendered":"<p>The Source of Summer er en overd\u00e5dig rytmisk og eklektisk sommerfest full av overraskelser.<\/p>\n","protected":false},"featured_media":27086,"comment_status":"closed","ping_status":"open","template":"","meta":[],"product_brand":[],"product_cat":[6],"product_tag":[],"class_list":{"0":"post-909","1":"product","2":"type-product","3":"status-publish","4":"has-post-thumbnail","6":"product_cat-grappa","7":"product_shipping_class-cddvd-shipping","8":"uni_artist_tag-anders-rensvik","9":"uni_artist_tag-andre-orvik","10":"uni_artist_tag-andrea-braein-hovig","11":"uni_artist_tag-andreas-utnem","12":"uni_artist_tag-arnold-schlechthugel","13":"uni_artist_tag-arnold-schlimmhohe","14":"uni_artist_tag-atle-sponberg","15":"uni_artist_tag-ayman-sedki","16":"uni_artist_tag-cheb-hocine-derras","17":"uni_artist_tag-chet-baker","18":"uni_artist_tag-david-wallumrod","19":"uni_artist_tag-egil-monn-iversen","20":"uni_artist_tag-eivind-lonning","21":"uni_artist_tag-evert-taube","22":"uni_artist_tag-fathy-salama","23":"uni_artist_tag-fathy-salama-sharkiat","24":"uni_artist_tag-finn-ludt","25":"uni_artist_tag-freddy-kristoffersen","26":"uni_artist_tag-geirr-tveitt","27":"uni_artist_tag-george-harrison","28":"uni_artist_tag-helge-westbye","29":"uni_artist_tag-ine-hoem","30":"uni_artist_tag-jacob-young","31":"uni_artist_tag-jai-shankar","32":"uni_artist_tag-jan-erik-kongshaug","33":"uni_artist_tag-joachim-nielsen","34":"uni_artist_tag-john-lennon","35":"uni_artist_tag-jonas-cambien","36":"uni_artist_tag-julius-winger","37":"uni_artist_tag-kenneth-ekornes","38":"uni_artist_tag-ketil-bjornstad","39":"uni_artist_tag-kristian-hauger","40":"uni_artist_tag-lars-andreas-haug","41":"uni_artist_tag-lillebjorn-nilsen","42":"uni_artist_tag-mamdouh-serour","43":"uni_artist_tag-mats-eilertsen","44":"uni_artist_tag-neal-hefti","45":"uni_artist_tag-oyvind-braekke","46":"uni_artist_tag-per-gessle","47":"uni_artist_tag-per-oddvar-johansen","48":"uni_artist_tag-ramadan-mohamed","49":"uni_artist_tag-rohini-sahajpal","50":"uni_artist_tag-saleh-el-artest","51":"uni_artist_tag-shri-lal-sahajpal","52":"uni_artist_tag-sigrun-eng","53":"uni_artist_tag-sofia-jarnberg","54":"uni_artist_tag-solveig-slettahjell","55":"uni_artist_tag-sunanda-sharma","56":"uni_artist_tag-the-source","57":"uni_artist_tag-thorbjorn-harr","58":"uni_artist_tag-trygve-seim","59":"uni_artist_tag-vigleik-storaas","60":"uni_artist_tag-willy-kierulf","61":"uni_main_artist_tag-the-source","62":"uni_artist_genre-jazz","64":"first","65":"instock","66":"taxable","67":"shipping-taxable","68":"purchasable","69":"product-type-simple"},"_links":{"self":[{"href":"https:\/\/grappa.no\/no\/wp-json\/wp\/v2\/product\/909","targetHints":{"allow":["GET"]}}],"collection":[{"href":"https:\/\/grappa.no\/no\/wp-json\/wp\/v2\/product"}],"about":[{"href":"https:\/\/grappa.no\/no\/wp-json\/wp\/v2\/types\/product"}],"replies":[{"embeddable":true,"href":"https:\/\/grappa.no\/no\/wp-json\/wp\/v2\/comments?post=909"}],"wp:featuredmedia":[{"embeddable":true,"href":"https:\/\/grappa.no\/no\/wp-json\/wp\/v2\/media\/27086"}],"wp:attachment":[{"href":"https:\/\/grappa.no\/no\/wp-json\/wp\/v2\/media?parent=909"}],"wp:term":[{"taxonomy":"product_brand","embeddable":true,"href":"https:\/\/grappa.no\/no\/wp-json\/wp\/v2\/product_brand?post=909"},{"taxonomy":"product_cat","embeddable":true,"href":"https:\/\/grappa.no\/no\/wp-json\/wp\/v2\/product_cat?post=909"},{"taxonomy":"product_tag","embeddable":true,"href":"https:\/\/grappa.no\/no\/wp-json\/wp\/v2\/product_tag?post=909"}],"curies":[{"name":"wp","href":"https:\/\/api.w.org\/{rel}","templated":true}]}}