{"id":907,"date":"2013-03-08T00:00:00","date_gmt":"2013-03-07T23:00:00","guid":{"rendered":"http:\/\/www.grappa.no\/albums\/uncategorized\/steingard\/"},"modified":"2016-08-16T09:06:24","modified_gmt":"2016-08-16T08:06:24","slug":"steingard","status":"publish","type":"product","link":"https:\/\/grappa.no\/no\/albums\/grappa\/steingard\/","title":{"rendered":"Steingard"},"content":{"rendered":"<p><\/p>\n<p>Norskspr\u00e5klig album produsert av artisten selv, og med egenkomponerte sanger!<\/p>\n<p>Ole Reinert har tidligere blitt omtalt som en av landets fremste la\u030atskrivere og vokalister. Han han tidligere vunnet Spellemannsprisen for albumet \u00abHigh Roller\u00bb med ORBO &amp; The Longshots i 2008, og for la\u030aten \u00abForget What I Said\u00bb med Noora Noor i 2009. Han har ogs\u00e5 medvirket pa\u030a en rekke norske plateutgivelser, ba\u030ade som ut\u00f8ver, la\u030atskriver og produsent. Etter 12 \u00e5r med OBRO &amp; The Longshots har tiden kommet for en soloutgivelse.<\/p>\n<p>I \u00e5r debuterer han dermed med norskspr\u00e5klig album, innspilt i Hordaland Studio i Os. Albumet \u00abSteingard\u00bb inneholder 12 nye egenkomponerte sanger, blant annet radiosingelen \u00abMidnattsol\u00bb med Steinar Albrigtsen og Monika Nordli, samt sangen \u00abStatuen\u00bb med Herborg Kra\u030akevik. Platen er i tillegg produsert av artisten selv, og handler om verdens mest majestiske og fantastiske land, if\u00f8lge Ole Reinert selv; nemlig Norge. Han har jobbet med l\u00e5tene og innspillingen i ett \u00e5r, og vi gleder oss til \u00e5 presentere det endelige resultatet!<\/p>\n<p><!--more--><\/p>\n<p>Orbo vant Spellemannspris for albumet \u00abHigh Roller\u00bb med ORBO &amp; The Longshots i 2008, og for l\u00e5ten \u00abForget What I Said\u00bb med Noora Noor i 2009. Etter 12 \u00e5r i band har tiden kommet for \u00e5 ta en bandpust i bakken i 2013, og for hans del betyr det \u00e5 gi ut et album p\u00e5 norsk.<\/p>\n<h4>Orbo &amp; The Longshots<\/h4>\n<p>Rock and roll-bandet The Longshots ble dannet av Ole Reinert i 2000, og ga ut en rekke plater som ble spilt inn over hele verden; fra Hardangervida til Sun Studio i Memphis. I 2008 vant de Spellemannprisen 2008 for albumet &quot;High Roller&quot;. Orbo turnerte Norge kontinuerlig fra Svalbard i nord til Kristiansand i s\u00f8r, og alt imellom, sammen med bandmedlemmene. Men etter 12 \u00e5r har tiden kommet for \u00e5 gi ut en soloplate &#8211; p\u00e5 norsk.<\/p>\n<h4>En av landets fremste l\u00e5tskrivere og vokalister<\/h4>\n<p>Ole Reinert Berg-Olsen har medvirket p\u00e5 en rekke norske plateutgivelser, b\u00e5de som ut\u00f8ver, l\u00e5tskriver og produsent. Han har tidligere blitt omtalt som en av landets fremste l\u00e5tskrivere og en av v\u00e5re beste vokalister. I tillegg er han ogs\u00e5 en aktiv MOT-ambassad\u00f8r (www.mot.no). Albumet \u00abSteingard\u00bb tar for seg tiden vi lever i, landet vi bor i og utgis med vilje p\u00e5 kvinnedagen.<\/p>\n<h4>Egenkomponerte sanger<\/h4>\n<p>F\u00f8rste l\u00e5t fra albumet er &quot;K\u00f8benhavn&quot;, og foruten hardingfelen som spilles av \u00d8ystein Fosshagen, spiller Ole Reinert alle instrumenter selv. Sangen handler om \u00e5 v\u00e6re p\u00e5 let og reise etter &quot;det andre livet&quot; man alltid f\u00f8ler eksisterer parallelt med sitt eget. Sangen kan ogs\u00e5 sees p\u00e5 som nordmenns dr\u00f8m om den skandinaviske metropol b\u00e5de i moderne tid og historisk sett.<\/p>\n<p>&quot;Midnattsol&quot; er en duett med Steinar Albrigtsen, Monika Nordli pa\u030a kor, \u00d8ystein Fosshagen (Gitarkameratene) pa\u030a mandola\/fiolin og Magnus Skylstad pa\u030a trommer. L\u00e5ten kombinerer det mytiske, nordlige og urnorske med svunnen kj\u00e6rlighet og konstaterer at l\u00e6rdommen er den samme uansett om man er ung og naiv eller voksen og l\u00e6rd. Musikalsk sonderer den terrenget et sted mellom folkemusikk, bluegrass, country og vise. <\/p>\n<p>Som han selv sier &quot;Jeg elsker Norge. Det er verdens mest majestetiske og fantastiske land. Selv om jeg har brukt store deler av arbeidslivet mitt p\u00e5 reise i landet er det fortsatt mye jeg ikke har sett. Albumet handler om Norge.&quot;<\/p>\n<p><\/p>","protected":false},"excerpt":{"rendered":"<p>Ole Reinert Berg-Olsen solodebuterer med platen &quot;Steingard&quot;. Platen inneholder blant annet duettene &quot;Midnattsol&quot; med Steinar Albrigtsen og Monika Nordli, og &quot;Statuen&quot; med Herborg Kr\u00e5kevik.<\/p>\n","protected":false},"featured_media":27092,"comment_status":"closed","ping_status":"open","template":"","meta":[],"product_brand":[],"product_cat":[6],"product_tag":[],"class_list":{"0":"post-907","1":"product","2":"type-product","3":"status-publish","4":"has-post-thumbnail","6":"product_cat-grappa","7":"product_shipping_class-cddvd-shipping","8":"uni_artist_tag-bjorn-moen","9":"uni_artist_tag-erick-jaskowiak","10":"uni_artist_tag-erlend-styve","11":"uni_artist_tag-fonos","12":"uni_artist_tag-gina-aspenes","13":"uni_artist_tag-herborg-krakevik","14":"uni_artist_tag-ine-tumyr","15":"uni_artist_tag-jan-eirik-gullbra","16":"uni_artist_tag-magnus-aserud-skylstad","17":"uni_artist_tag-monika-nordli","18":"uni_artist_tag-orbo-ole-reinert-berg-olsen","19":"uni_artist_tag-os-mannskor","20":"uni_artist_tag-oystein-knaus-fosshagen","21":"uni_artist_tag-reidar-f-opdal","22":"uni_artist_tag-steinar-albrigtsen","23":"uni_artist_tag-tove-kragset","24":"uni_artist_tag-twang-gang","25":"uni_main_artist_tag-orbo-ole-reinert-berg-olsen","26":"uni_artist_genre-blues","27":"uni_artist_genre-pop","28":"uni_artist_genre-rock","29":"uni_artist_genre-roots","30":"uni_artist_genre-singersongwriter","32":"first","33":"instock","34":"taxable","35":"shipping-taxable","36":"purchasable","37":"product-type-simple"},"_links":{"self":[{"href":"https:\/\/grappa.no\/no\/wp-json\/wp\/v2\/product\/907","targetHints":{"allow":["GET"]}}],"collection":[{"href":"https:\/\/grappa.no\/no\/wp-json\/wp\/v2\/product"}],"about":[{"href":"https:\/\/grappa.no\/no\/wp-json\/wp\/v2\/types\/product"}],"replies":[{"embeddable":true,"href":"https:\/\/grappa.no\/no\/wp-json\/wp\/v2\/comments?post=907"}],"wp:featuredmedia":[{"embeddable":true,"href":"https:\/\/grappa.no\/no\/wp-json\/wp\/v2\/media\/27092"}],"wp:attachment":[{"href":"https:\/\/grappa.no\/no\/wp-json\/wp\/v2\/media?parent=907"}],"wp:term":[{"taxonomy":"product_brand","embeddable":true,"href":"https:\/\/grappa.no\/no\/wp-json\/wp\/v2\/product_brand?post=907"},{"taxonomy":"product_cat","embeddable":true,"href":"https:\/\/grappa.no\/no\/wp-json\/wp\/v2\/product_cat?post=907"},{"taxonomy":"product_tag","embeddable":true,"href":"https:\/\/grappa.no\/no\/wp-json\/wp\/v2\/product_tag?post=907"}],"curies":[{"name":"wp","href":"https:\/\/api.w.org\/{rel}","templated":true}]}}