{"id":906,"date":"1987-08-24T00:00:00","date_gmt":"1987-08-23T23:00:00","guid":{"rendered":"http:\/\/www.grappa.no\/albums\/uncategorized\/tone-hulbaekmo-svevende-jord\/"},"modified":"2016-08-16T09:06:17","modified_gmt":"2016-08-16T08:06:17","slug":"tone-hulbaekmo-svevende-jord","status":"publish","type":"product","link":"https:\/\/grappa.no\/no\/albums\/heilo\/tone-hulbaekmo-svevende-jord\/","title":{"rendered":"Tone Hulb\u00e6kmo &#8211; Svevende Jord"},"content":{"rendered":"<p><\/p>\n<p>Norsk harpe<\/p>\n<p>Ved \u00e5 lytte \u00abSvevende Jord\u00bb vil du bli kjent med folkemusikk fra flere deler av landet. Denne CDen er et eksempel p\u00e5 hvordan dagens musikere kan arbeide med tradisjonell musikk. Tone Hulb\u00e6kmos utgangspunkt er folkeviser, sl\u00e5tter og vuggesanger, men hun fornyer materialet til sitt eget personlige bilde. Hun tar ogs\u00e5 med inspirasjon fra andre typer musikk, gjerne fra andre verdenshj\u00f8rner. <\/p>\n<p>Tones stemme er i sentrum, men du kan ogs\u00e5 h\u00f8re tradisjonelle instrumenter; tre ulike fl\u00f8yter, seljefl\u00f8yte og ikke minst den norske harpen. Denne har v\u00e6rt i bruk siden middelalderen, men forsvant p\u00e5 1900-tallet. Hulb\u00e6kmo har gjeninnf\u00f8rt harpen og skapt sin egen stil p\u00e5 instrumentet. Sammen med disse er mer moderne instrumenter som saksofon, gitar, synthesizer, tangentinstrumenter og perkusjon fra ulike kulturer ogs\u00e5 brukt. Denne elektrisk-akustiske blandingen produserer en spesiell lyd. Musikken beholder mye av sin opprinnelige egenart, men p\u00e5 samme tid er den plassert i en ny sammenheng. P\u00e5 denne m\u00e5ten blir Hulb\u00e6kmos musikk samtidig lokal og universal, norsk og internasjonal.<\/p>\n<p><!--more--><\/p>\n<h4><\/h4>\n<\/p>\n<h4><\/h4>\n<p><h4><\/h4>\n<\/p>\n<p><\/p>","protected":false},"excerpt":{"rendered":"<p>Tones stemme er i sentrum, men du kan ogs\u00e5 h\u00f8re tradisjonelle instrumenter; tre ulike fl\u00f8yter, seljefl\u00f8yte og ikke minst den norske harpen.<\/p>\n","protected":false},"featured_media":27222,"comment_status":"closed","ping_status":"open","template":"","meta":[],"product_brand":[],"product_cat":[35],"product_tag":[],"class_list":{"0":"post-906","1":"product","2":"type-product","3":"status-publish","4":"has-post-thumbnail","6":"product_cat-heilo","7":"product_shipping_class-cddvd-shipping","8":"uni_artist_tag-arild-plassen","9":"uni_artist_tag-hallvard-kvale","10":"uni_artist_tag-hans-fredrik-jacobsen","11":"uni_artist_tag-iver-kleive","12":"uni_artist_tag-rob-waring","13":"uni_artist_tag-tone-hulbaekmo","14":"uni_artist_tag-trad","15":"uni_main_artist_tag-tone-hulbaekmo","16":"uni_artist_genre-folk-music","17":"uni_artist_genre-traditional","19":"first","20":"instock","21":"taxable","22":"shipping-taxable","23":"purchasable","24":"product-type-simple"},"_links":{"self":[{"href":"https:\/\/grappa.no\/no\/wp-json\/wp\/v2\/product\/906","targetHints":{"allow":["GET"]}}],"collection":[{"href":"https:\/\/grappa.no\/no\/wp-json\/wp\/v2\/product"}],"about":[{"href":"https:\/\/grappa.no\/no\/wp-json\/wp\/v2\/types\/product"}],"replies":[{"embeddable":true,"href":"https:\/\/grappa.no\/no\/wp-json\/wp\/v2\/comments?post=906"}],"wp:featuredmedia":[{"embeddable":true,"href":"https:\/\/grappa.no\/no\/wp-json\/wp\/v2\/media\/27222"}],"wp:attachment":[{"href":"https:\/\/grappa.no\/no\/wp-json\/wp\/v2\/media?parent=906"}],"wp:term":[{"taxonomy":"product_brand","embeddable":true,"href":"https:\/\/grappa.no\/no\/wp-json\/wp\/v2\/product_brand?post=906"},{"taxonomy":"product_cat","embeddable":true,"href":"https:\/\/grappa.no\/no\/wp-json\/wp\/v2\/product_cat?post=906"},{"taxonomy":"product_tag","embeddable":true,"href":"https:\/\/grappa.no\/no\/wp-json\/wp\/v2\/product_tag?post=906"}],"curies":[{"name":"wp","href":"https:\/\/api.w.org\/{rel}","templated":true}]}}