{"id":905,"date":"2013-02-08T00:00:00","date_gmt":"2013-02-07T23:00:00","guid":{"rendered":"http:\/\/www.grappa.no\/albums\/uncategorized\/mats-eilertsen-trio-sails-set\/"},"modified":"2018-08-30T09:07:01","modified_gmt":"2018-08-30T08:07:01","slug":"sails-set","status":"publish","type":"product","link":"https:\/\/grappa.no\/no\/albums\/hubro\/sails-set\/","title":{"rendered":"Sails Set"},"content":{"rendered":"<p><\/p>\n<p>Melodi\u00f8s improvisasjon<\/p>\n<p>P\u00e5 albumet \u00abSails Set\u00bb, innspilt i Rainbow Studio i Oslo, m\u00f8ter vi igjen trioen fra det kritikerroste albumet \u00abElegy\u00bb med bassist Mats Eilertsen (Tord Gustavsen), pianist Harmen Fraanje (Michael Moore) og trommeslager Thomas Str\u00f8nen (Food, Meadow). \u00abSails Set\u00bb  best\u00e5r utelukkende av improvisert materiale, forholdsvis korte ofte melodiske stykker enten i solo- , duo- eller trioformat. \u00abM\u00e5let har v\u00e6rt \u00e5 improvisere fram l\u00e5ter, klanger og situasjoner som vel s\u00e5 gjerne kunne v\u00e6rt komponerte og produserte.\u00bb sier Eilertsen. Trioen kommuniserer s\u00f8ml\u00f8st og uanstrengt  og alle tre besitter en rik og variert klangpalett og bidrar kreativt til helheten b\u00e5de som solister og akkompagnat\u00f8rer. Mats og Thomas har v\u00e6rt parhester og spilt sammen i sv\u00e6rt mange ulike sammenhenger siden de m\u00f8tte hverandre p\u00e5 konservatoriet i Trondheim p\u00e5 midten av 90-tallet, i band som Food, Maria Kannegaard Trio, Parish, Turanga m.m. Pianisten Harmen Fraanje m\u00f8tte Mats da han en tid bodde i Nederland og de har siden holdt kontakt og spilt sammen jevnlig siden i diverse sammenhenger.<\/p>\n<p>\u00abSails Set\u00bb insisterer p\u00e5 det neddempede og tidvis stillferdige med klingende klanger, i klaver, bjeller og gonger eller i de dypere registrene av bass og dype perkusjons-instrumenter.  Det er passasjer med refreng-f\u00f8lelse (Sails Set), syngende, lett klagende solopartier i kontrabass (Lunar Light), mer messende monotont og sm\u00e5tt storslagne (Monument), sonateliknende pianopassasjer (Stellar). Mats Eilertsen uttaler: \u00abFor oss handler det om \u00e5 skape en trio med et sound der vi alle tre sammen er likeverdige medlemmer og stemmer som bytter p\u00e5 \u00e5 v\u00e6re i fokus, v\u00e6re melodib\u00e6rere, lydskapere, premissleverand\u00f8rer, fortellere og initiativtakere, samt variere oss i mellom hvor vi ligger i soundet. P\u00e5 dette albumet handler det om \u00e5 velge bort, koke inn og konsentrere og prioritere.\u00bb<\/p>\n<p>\u00abSails Set\u00bb er Mats Eilertsens 4. utgivelse p\u00e5 Hubro etter Radio Yonder (kvartett), Elegy (trio), SkyDive (kvintett).<\/p>\n<p><!--more--><\/p>\n<p>P\u00e5 albumet \u201dSails Set\u201d, innspilt i Rainbow Studio i Oslo, m\u00f8ter vi igjen trioen fra det kritikerroste albumet \u00abElegy\u00bb med bassist Mats Eilertsen (Tord Gustavsen), pianist Harmen Fraanje (Michael Moore) og trommeslager Thomas Str\u00f8nen (Food, Meadow).<\/p>\n<h4>Neddempet og melodi\u00f8s<\/h4>\n<p>Mats og Thomas har v\u00e6rt parhester og spilt sammen i sv\u00e6rt mange ulike sammenhenger siden de m\u00f8tte hverandre p\u00e5 konservatoriet i Trondheim p\u00e5 midten av 90-tallet, band som Food, Maria Kannegaard Trio, Parish, Turanga m.m. Pianisten Harmen Fraanje m\u00f8tte Mats da han en tid bodde i Nederland og de har siden holdt kontakt og spilt sammen jevnlig siden i diverse sammenhenger.<br \/>\n\u201dSails Set\u201d insisterer p\u00e5 det neddempede og tidvis stillferdige med klingende klanger, i klaver, bjeller og gonger eller i de dypere registrene av bass og dype perkusjons-instrumenter.  Det er passasjer med refreng-f\u00f8lelse (Sails Set), syngende, lett klagende solopartier i kontrabass (Lunar Light), mer messende monotont og sm\u00e5tt storslagne (Monument), sonateliknende pianopassasjer (Stellar). Mats Eilertsen uttaler: \u00abFor oss handler det om \u00e5 skape en trio med et sound der vi alle tre sammen er likeverdige medlemmer og stemmer som bytter p\u00e5 \u00e5 v\u00e6re i fokus, v\u00e6re melodib\u00e6rere, lydskapere, premissleverand\u00f8rer, fortellere og initiativtakere, samt variere oss i mellom hvor vi ligger i soundet. P\u00e5 dette albumet handler det om \u00e5 velge bort, koke inn og konsentrere og prioritere.\u00bb<br \/>\n\u00abSails Set\u00bb er Mats Eilertsens 4. utgivelse p\u00e5 Hubro etter Radio Yonder (kvartett), Elegy (trio), SkyDive (kvintett).<\/p>\n<h4><\/h4>\n<p><h4><\/h4>\n<\/p>\n<p><\/p>","protected":false},"excerpt":{"rendered":"<p>P\u00e5 albumet \u201dSails Set\u201d, innspilt i Rainbow Studio i Oslo, m\u00f8ter vi igjen trioen fra det kritikerroste albumet \u00abElegy\u00bb.<\/p>\n","protected":false},"featured_media":27380,"comment_status":"closed","ping_status":"open","template":"","meta":[],"product_brand":[],"product_cat":[36],"product_tag":[],"class_list":{"0":"post-905","1":"product","2":"type-product","3":"status-publish","4":"has-post-thumbnail","6":"product_cat-hubro","7":"product_shipping_class-cddvd-shipping","8":"uni_artist_tag-harmen-fraanje","9":"uni_artist_tag-mats-eilertsen","10":"uni_artist_tag-mats-eilertsen-trio","11":"uni_artist_tag-thomas-stronen","12":"uni_main_artist_tag-mats-eilertsen-trio","13":"uni_artist_genre-improvised-music","14":"uni_artist_genre-instrumental","15":"uni_artist_genre-jazz","17":"first","18":"instock","19":"taxable","20":"shipping-taxable","21":"purchasable","22":"product-type-simple"},"_links":{"self":[{"href":"https:\/\/grappa.no\/no\/wp-json\/wp\/v2\/product\/905","targetHints":{"allow":["GET"]}}],"collection":[{"href":"https:\/\/grappa.no\/no\/wp-json\/wp\/v2\/product"}],"about":[{"href":"https:\/\/grappa.no\/no\/wp-json\/wp\/v2\/types\/product"}],"replies":[{"embeddable":true,"href":"https:\/\/grappa.no\/no\/wp-json\/wp\/v2\/comments?post=905"}],"wp:featuredmedia":[{"embeddable":true,"href":"https:\/\/grappa.no\/no\/wp-json\/wp\/v2\/media\/27380"}],"wp:attachment":[{"href":"https:\/\/grappa.no\/no\/wp-json\/wp\/v2\/media?parent=905"}],"wp:term":[{"taxonomy":"product_brand","embeddable":true,"href":"https:\/\/grappa.no\/no\/wp-json\/wp\/v2\/product_brand?post=905"},{"taxonomy":"product_cat","embeddable":true,"href":"https:\/\/grappa.no\/no\/wp-json\/wp\/v2\/product_cat?post=905"},{"taxonomy":"product_tag","embeddable":true,"href":"https:\/\/grappa.no\/no\/wp-json\/wp\/v2\/product_tag?post=905"}],"curies":[{"name":"wp","href":"https:\/\/api.w.org\/{rel}","templated":true}]}}