{"id":899,"date":"2013-07-05T00:00:00","date_gmt":"2013-07-04T23:00:00","guid":{"rendered":"http:\/\/www.grappa.no\/albums\/uncategorized\/revived-in-tango\/"},"modified":"2017-04-19T15:02:16","modified_gmt":"2017-04-19T14:02:16","slug":"revived-in-tango","status":"publish","type":"product","link":"https:\/\/grappa.no\/no\/albums\/simax-classics\/revived-in-tango\/","title":{"rendered":"Revived in Tango"},"content":{"rendered":"<p><\/p>\n<p>Revived in Tango<\/p>\n<p>1913 var tangoens \u00e5r og tangoen ble feiret over hele verden. 100 \u00e5r senere er det ingen tvil om at tangomusikken fortsetter \u00e5 fascinere og at den er i stadig utvikling. Revived in Tango tar for seg den sveitsiske komponisten og organisten Guy Bovets grenseoverskridende komposisjoner Tangos Ecclesiasticos hvor han kombinerer den sekul\u00e6re tangoen med det tradisjonelt religi\u00f8se orgelet. Resultatet er en helt ny sjanger. Den verdensber\u00f8mte organisten Ines Maidre har p\u00e5 denne innspillingen villet fremheve det retrospektive aspektet ved Bovets nyskapende komposisjoner. De fleste av tangoene har referanser til historisk orgelrepertoar og Maidre presenterer her seks av dem. Disse alternerer med seks verker fra tidlig fransk (N. de Grigny), italiensk (G. Frescobaldi, D. Scarlatti), spansk (P. Bruna) og tysk (J.K. Kerll, J.S. Bach) orgelmusikk. Gjennom disse sammenstillingene peker Maidre p\u00e5 de tidlige inspirasjonskildene for Bovets komposisjoner spesielt, og for tangomusikken generelt. Revived in Tango er et enest\u00e5ende prosjekt som sprenger sjangergrenser og som understreker at tilsynelatende motsetninger ofte er n\u00e6rt forbundet med hverandre. Utgivelsen er et unikt bidrag i utviklingen av orgel- og tangomusikk. Innspillingen er gjort p\u00e5 det historiske Binvignat-Houdtappel orgelet (1791\u20131793) i Hasselt Cathedral, Belgia.<\/p>\n<p><!--more--><\/p>\n<p>Et forbl\u00f8ffende album fra organist Ines Maidre: Revived in Tango!<\/p>\n<h4>Tango og transformasjon<\/h4>\n<p>Ideen med albumet er \u00e5 presentere Bovet\u00b4s tangoer i par med deres tidlige musikalske modeller for \u00e5 vise inspirasjonskildene og hvor mye tangoens transformasjon avsl\u00f8rer eller endrer prototypen. Ideen om rangering av tangoen f\u00f8r prototypen styrker denne retrospektive tiln\u00e6rmingen. Rekkef\u00f8lgen p\u00e5 tangoen p\u00e5 CDen er forskjellig fra den opprinnelige p\u00e5 grunn av de kunstneriske m\u00e5lene i programmet. Av tolv Tangos Ecclesiasticos er seks presentert sammen med seks verker fra tidlig fransk (Nicolas de Grigny), italiensk (Girolamo Frescobaldi, Domenico Scarlatti), spansk (Pablo Bruna), og tysk (Johann Kaspar Kerll, Johann Sebastian Bach) orgelmusikk.<\/p>\n<h4>Ny sjanger<\/h4>\n<p>Helt siden Astor Piazolla i andre halvdel av 20. \u00e5rhundre integrerte den popul\u00e6re argentinske tangoen med klassiske ideer om form og kontrapunkt, har tango blitt legitimert som kunstmusikk. Guy Bovet tok et skritt videre og kombinerte den helt sekul\u00e6re tangoen med orgelets religi\u00f8se stil, og skapte en subtil og s\u00e6regen musikkstil. Selv om en blanding av det hellige og det verdslige alltid har eksistert i orgelmusikk, vekker Bovet\u00b4s id\u00e9 om \u00e5 kombinere sexy dans med de religi\u00f8se stiler nysgjerrighet. Det som gj\u00f8r tangosamlingen spesielt original er det retrospektive aspektet ved musikken \u2013 de fleste tangoer f\u00f8lger visse musikalske prototyper og har referanser til et historisk hellig orgelrepertoar.<\/p>\n<h4>Ines Maidre<\/h4>\n<p>Ines Maidre er utdannet ved den Estonian Academy of Music i Tallinn, og har diplomeksamen som solist for b\u00e5de piano og orgel med de h\u00f8yeste utmerkelser. Etter hennes videreutdanning i Paris med Daniel Roth, begynte hun sin solistkarriere med orgelkonserter og foredrag ved prestisjetunge katedraler og festivaler over hele Europa, USA og Latin-Amerika. Som cembalospiller opptrer hun ofte   med sitt tidlig musikk-ensemble Musica Celines. Hennes samarbeid med ulike solister og ensembler har resultert i programmer som kombinerer orgel med gregoriansk sang, dans, perkusjon, fiolin, harpe, trompet, trombone og synthesizer. Foruten sin ut\u00f8vende karriere arbeider hun som f\u00f8rsteamanuensis i orgel ved Griegakademiet, Universitetet i Bergen. Ines Maidre\u00b4s virtuositet og lidenskapelige musikalitet, kombinert med uts\u00f8kt stilistisk smak og enest\u00e5ende registreringskunst, har alltid v\u00e6rt vektlagt av kritikerne. Hun er en utmerket tolk av tidlig tangentmusikk s\u00e5vel som en virtuos ut\u00f8ver av romantisk og moderne repertoar, og har utgitt CDer med et stort utvalg av orgelmusikk med fokus p\u00e5 fransk, estisk, og skandinavisk musikk.<\/p>\n<p><\/p>","protected":false},"excerpt":{"rendered":"<p>Fascinerende utgivelse fra organist Ines Maidre: Revived in Tango!<\/p>\n","protected":false},"featured_media":27529,"comment_status":"closed","ping_status":"open","template":"","meta":[],"product_brand":[],"product_cat":[180],"product_tag":[],"class_list":{"0":"post-899","1":"product","2":"type-product","3":"status-publish","4":"has-post-thumbnail","6":"product_cat-simax-classics","7":"product_shipping_class-cddvd-shipping","8":"uni_artist_tag-domenico-scarlatti","9":"uni_artist_tag-girolamo-frescobaldi","10":"uni_artist_tag-guy-bovet","11":"uni_artist_tag-ines-maidre","12":"uni_artist_tag-johann-k-kerll","13":"uni_artist_tag-johann-sebastian-bach","14":"uni_artist_tag-nicolas-de-grigny","15":"uni_artist_tag-pablo-bruna","16":"uni_main_artist_tag-ines-maidre","17":"uni_artist_genre-organ","18":"uni_artist_genre-tango","20":"first","21":"instock","22":"taxable","23":"shipping-taxable","24":"purchasable","25":"product-type-simple"},"_links":{"self":[{"href":"https:\/\/grappa.no\/no\/wp-json\/wp\/v2\/product\/899","targetHints":{"allow":["GET"]}}],"collection":[{"href":"https:\/\/grappa.no\/no\/wp-json\/wp\/v2\/product"}],"about":[{"href":"https:\/\/grappa.no\/no\/wp-json\/wp\/v2\/types\/product"}],"replies":[{"embeddable":true,"href":"https:\/\/grappa.no\/no\/wp-json\/wp\/v2\/comments?post=899"}],"wp:featuredmedia":[{"embeddable":true,"href":"https:\/\/grappa.no\/no\/wp-json\/wp\/v2\/media\/27529"}],"wp:attachment":[{"href":"https:\/\/grappa.no\/no\/wp-json\/wp\/v2\/media?parent=899"}],"wp:term":[{"taxonomy":"product_brand","embeddable":true,"href":"https:\/\/grappa.no\/no\/wp-json\/wp\/v2\/product_brand?post=899"},{"taxonomy":"product_cat","embeddable":true,"href":"https:\/\/grappa.no\/no\/wp-json\/wp\/v2\/product_cat?post=899"},{"taxonomy":"product_tag","embeddable":true,"href":"https:\/\/grappa.no\/no\/wp-json\/wp\/v2\/product_tag?post=899"}],"curies":[{"name":"wp","href":"https:\/\/api.w.org\/{rel}","templated":true}]}}