{"id":896,"date":"2012-11-02T00:00:00","date_gmt":"2012-11-01T23:00:00","guid":{"rendered":"http:\/\/www.grappa.no\/albums\/uncategorized\/klang\/"},"modified":"2016-11-18T16:39:18","modified_gmt":"2016-11-18T15:39:18","slug":"klang","status":"publish","type":"product","link":"https:\/\/grappa.no\/no\/albums\/simax-classics\/klang\/","title":{"rendered":"Klang(!)"},"content":{"rendered":"<p><\/p>\n<p>Ila Brass feirer 40 med Klang(!) og kor<\/p>\n<p>Ila Brass Band har med Klang(!) beveget seg langs grensene av de etablerte rammene for ensembleformen brassband, for \u00e5 videreutvikle en s\u00e6regen norsk brassbandkultur. Alle verkene har norsk komponist eller arrang\u00f8r. Innspillingen inkluderer to norske originalskrevne verker for brassband, av Knut Nystedt og \u00d8rjan Matre. Med denne vinklingen \u00f8nsker de unge og fremadstormende musikerne i Ila Brass Band \u00e5 inspirere brassmilj\u00f8et, og utfordre det tidvis konservative brassbandmilj\u00f8et b\u00e5de lokalt og internasjonalt.<\/p>\n<p>Kammerkoret Aurum er et prisbel\u00f8nnet og ambisi\u00f8st kor med tilholdssted i Trondheim, de er 20 sangere fra rundt 20 til 30 \u00e5r. Aurum er latin og betyr intet mindre enn gull! Kammerkoret \u00f8nsker \u00e5 gi b\u00e5de medlemmer og publikum \u2019glimt av gull\u2019 gjennom sin musikkformidling.<\/p>\n<p>Ila Brass Band holder jubileumskonsert i Frimurerlogen i Trondheim kl. 19.00 med mestertubaisten \u00d8ystein Baadsvik.<\/p>\n<p><!--more--><\/p>\n<p>Ila Brass Band har med Klang(!) beveget seg langs grensene av de etablerte rammene for ensembleformen brassband, for \u00e5 videreutvikle en s\u00e6regen norsk brassbandkultur. Alle verkene har norsk komponist eller arrang\u00f8r. Innspillingen inkluderer to norske originalskrevne verker for brassband, av Knut Nystedt og \u00d8rjan Matre. Med denne vinklingen \u00f8nsker Ila Brass Band \u00e5 inspirere brassmilj\u00f8et, og utfordre det tidvis konservative brassbandmilj\u00f8et b\u00e5de lokalt og internasjonalt.<\/p>\n<h4>AMBISJONER GIR RESULTATER<\/h4>\n<p>Ila Brass Band (IBB) ble stiftet i 1972, og feirer i 2012 sine f\u00f8rste f\u00f8rti \u00e5r som akt\u00f8r p\u00e5 kulturarenaen. Ensemblet er et samlingspunkt for ambisi\u00f8se musikere i regionen; her finnes b\u00e5de dyktige amat\u00f8rer, musikkstudenter og utdannede musikere i en herlig blanding. Orkesteret er regnet som landsdelens fremste brassband, de ble i 1989 norgesmestre, og har siden v\u00e6rt sv\u00e6rt stabile i norgeseliten. \u201cVi pr\u00f8ver \u00e5 bruke denne rollen til \u00e5 inspirere gjennom bl.a. seminarer med unge musikere og festkonserter p\u00e5 ulike arrangementer for skolekorps. Samtidig s\u00f8ker vi \u00e5 alltid fornye sjangeren gjennom \u00e5 utvikle nye konsepter og prosjekter\u201d.<\/p>\n<p>Kammerkoret Aurum medvirker p\u00e5 Klang(!) med &quot;Mitt Hjerte Alltid Vanker&quot; (trad).<br \/>\nAurum er et prisbel\u00f8nnet og ambisi\u00f8st kor med tilholdssted i Trondheim. De er kjente for \u00e5 holde h\u00f8y musikalsk kvalitet, og gir publikum &quot;glimt av gull&quot; gjennom sin musikkformidling.<\/p>\n<h4>TRADISJON OG NYVINNINGER<\/h4>\n<p>\u00d8rjan Matre er f\u00f8dt i 1979 i Bergen og studerte komposisjon ved Norges musikkh\u00f8gskole med Bj\u00f8rn Kruse, Lasse Thoresen, Olav Anton Thommessen og Henrik Hellstenius. Man kan ofte h\u00f8re elementer fra tradisjonen i Matres musikk. Spillet mellom det abstrakte og mer konkrete, om enn diffuse, &quot;objekter&quot; blir en viktig del av Matres musikk, og i denne motsetningen ligger ogs\u00e5 mye av dens umiddelbare attraksjon. Matres musikk er \u00e5penbart klanglig leken og ofte helt uts\u00f8kt raffinert, men det er ogs\u00e5 en mer alvorlig bunn i den. Matres store gjennombrudd gjorde han sammen med Evan Gardner, Jan Erik Mikalsen og J\u00f8rgen Karlstr\u00f8m mens flere av dem fortsatt var studenter, med CD-en Lights Out med Kringkastingsorkesteret og Rolf Gupta, en utgivelse som fikk stor oppmerksomhet da den ble gitt ut i 2006.<\/p>\n<h4>SIKTER H\u00d8YT<\/h4>\n<p>Klang(!) er Ila Brass Bands sjette selvstendige lydinnspilling. Fra f\u00f8r har Ila spilt inn to kassetter, en LP i kumlokkform (!) og to CDer. Det kan nevnes at to av medlemmene som var med fra oppstarten av ensemblet i 1972, Reidar Bye og Arve Bl\u00e5smo, ogs\u00e5 var med p\u00e5 innspillingen av Klang(!). Som dirigent har Bj\u00f8rn Sagstad v\u00e6rt medspiller. Han er \u00e5 anse som en av Norges fremste dirigentkapasiteter innen sinfonietta, kor og orkester. Som et av hans senere prosjekter kan nevnes samarbeidet med tubaisten \u00d8ystein Baadsvik og det svenske kammerorkesteret Musica Vitae p\u00e5 utgivelsen Tuba Carnival. Han har ogs\u00e5 nylig blitt oppnevnt som sjefsdirigent for Prinsens Musikkorps i Danmark. Han har ogs\u00e5 flere brassbandlydinnspillinger i portef\u00f8ljen, hvor norsk musikk ogs\u00e5 der har sittet i hovedsetet. Ila Brass Band sier om seg selv: \u00abVi er dyktige amat\u00f8rer med vilje og evne til \u00e5 sikte h\u00f8yt, p\u00e5 vegne av oss selv, og ogs\u00e5 for \u00e5 kunne v\u00e6re drivkraft og forbilder for andre &#8211; unge og voksne.\u00bb<\/p>\n<p>Ila Brass Band holder jubileumskonsert i 4. november kl. 19 Frimurerlogen i Trondheim med stjernetubaist \u00d8ystein Baadsvik.<\/p>\n<p><\/p>","protected":false},"excerpt":{"rendered":"<p>Orkesteret er regnet som landsdelens fremste brassband, de ble i 1989 norgesmestre, og har siden v\u00e6rt sv\u00e6rt stabile i norgeseliten.<\/p>\n","protected":false},"featured_media":27525,"comment_status":"closed","ping_status":"open","template":"","meta":[],"product_brand":[],"product_cat":[180],"product_tag":[],"class_list":{"0":"post-896","1":"product","2":"type-product","3":"status-publish","4":"has-post-thumbnail","6":"product_cat-simax-classics","7":"product_shipping_class-cddvd-shipping","8":"uni_artist_tag-bjorn-sagstad","9":"uni_artist_tag-ila-brass-band","10":"uni_artist_tag-kammerkoret-aurum","11":"uni_artist_tag-knut-nystedt","12":"uni_artist_tag-olav-anton-thommessen","13":"uni_artist_tag-orjan-matre","14":"uni_artist_tag-trad","15":"uni_main_artist_tag-ila-brass-band","16":"uni_artist_genre-brass","17":"uni_artist_genre-choir","18":"uni_artist_genre-contemporary-music","19":"uni_artist_genre-religious","21":"first","22":"instock","23":"taxable","24":"shipping-taxable","25":"purchasable","26":"product-type-simple"},"_links":{"self":[{"href":"https:\/\/grappa.no\/no\/wp-json\/wp\/v2\/product\/896","targetHints":{"allow":["GET"]}}],"collection":[{"href":"https:\/\/grappa.no\/no\/wp-json\/wp\/v2\/product"}],"about":[{"href":"https:\/\/grappa.no\/no\/wp-json\/wp\/v2\/types\/product"}],"replies":[{"embeddable":true,"href":"https:\/\/grappa.no\/no\/wp-json\/wp\/v2\/comments?post=896"}],"wp:featuredmedia":[{"embeddable":true,"href":"https:\/\/grappa.no\/no\/wp-json\/wp\/v2\/media\/27525"}],"wp:attachment":[{"href":"https:\/\/grappa.no\/no\/wp-json\/wp\/v2\/media?parent=896"}],"wp:term":[{"taxonomy":"product_brand","embeddable":true,"href":"https:\/\/grappa.no\/no\/wp-json\/wp\/v2\/product_brand?post=896"},{"taxonomy":"product_cat","embeddable":true,"href":"https:\/\/grappa.no\/no\/wp-json\/wp\/v2\/product_cat?post=896"},{"taxonomy":"product_tag","embeddable":true,"href":"https:\/\/grappa.no\/no\/wp-json\/wp\/v2\/product_tag?post=896"}],"curies":[{"name":"wp","href":"https:\/\/api.w.org\/{rel}","templated":true}]}}