{"id":895,"date":"2014-03-14T00:00:00","date_gmt":"2014-03-13T23:00:00","guid":{"rendered":"http:\/\/www.grappa.no\/albums\/uncategorized\/ketil-bjornstad-ophelias-arrival-minotaurus\/"},"modified":"2016-04-19T19:18:19","modified_gmt":"2016-04-19T18:18:19","slug":"ketil-bjornstad-ophelias-arrival-minotaurus","status":"publish","type":"product","link":"https:\/\/grappa.no\/no\/albums\/grappa\/ketil-bjornstad-ophelias-arrival-minotaurus\/","title":{"rendered":"Ketil Bj\u00f8rnstad: Ophelia\u00b4s Arrival\/ Minotaurus"},"content":{"rendered":"<p><\/p>\n<p>Bj\u00f8rnstads ballettmusikk<\/p>\n<p>Utgivelsen Ophelia\u00b4s Arrival\/Minotaurus presenter det som for mange er en ukjent side av det skapende mennesket Ketil Bj\u00f8rnstads karriere. Bj\u00f8rnstads elektroniske ballettmusikk fra \u00e5ttitallet fremst\u00e5r her i samlet og remastret utgave. \u00c5ttitallet var ti\u00e5ret for keyboard-revolusjonen, og Bj\u00f8rnstad fikk via ballettprosjektene anledning til \u00e5 samarbeide med noen av Norges beste lyd-designer og synthesizer-programerere. \u201dDet var en teknisk revolusjon, men musikken sto alltid i sentrum. Og den dag i dag tenker jeg p\u00e5 all den kunnskapen lyddesignere som Alf Emil Eik, Geir Langslet og Kjetil Bjerkestrand kunne besitte. \u201d skriver Bj\u00f8rnstad i omslagsteksten. \u201dDeres begeistring for nye lydlandskaper smittet over p\u00e5 meg. Jeg vil aldri glemme gleden ved \u00e5 skape musikken  p\u00e5 den m\u00e5ten.\u201d<br \/>\nOphelia\u00b4s Arrival\/Minotauros gir et spennende innblikk i en fascinerende epoke i v\u00e5r n\u00e6re musikkhistorie, og ikke minst et m\u00f8te med Bj\u00f8rnstads melodisterke musikk i en ganske annen drakt enn mange av oss er vant til \u00e5 h\u00f8re den i.<\/p>\n<p><!--more--><\/p>\n<p>Utgivelsen Ophelia\u00b4s Arrival\/Minotaurus presenter det som for mange er en ukjent side av det skapende mennesket Ketil Bj\u00f8rnstads karriere. Bj\u00f8rnstads elektroniske ballettmusikk fra \u00e5ttitallet fremst\u00e5r her i samlet og remastret utgave.<\/p>\n<h4>Ballettmusikk<\/h4>\n<p>I 1986 ba den norske regiss\u00f8ren Bentein Baardson Bj\u00f8rnstad om \u00e5 lage musikken til Hamlet, som var hans \u00e5pningsforestilling som sjef for Rogaland Teater. Denne musikken ble senere videreutviklet til balletten Ophelia\u2019s Arrival som aldri ble oppf\u00f8rt, men som utgjorde en del av trippelalbumet \u201dThree Ballets\u201d. Dette ble utgitt av Cicada Records i 1987, sammen med Minotauros og Pianology (sistnevnte er nylig gjenutgitt p\u00e5 Hubro under tittelen Early Piano Music.) <\/p>\n<p>Minotauros var den meksikanske ballettdanseren og koreografen Alejandro Mezas store ballett p\u00e5 Den Norske Opera og Ballett i 1987. \u201dHan hadde h\u00f8rt min tonesetting av Aniara tidligere p\u00e5 \u00e5ttitallet og \u00f8nsket seg et elektronisk lydbilde som ogs\u00e5 \u00e5pnet for et direkte samspill med musikere.\u201d skriver Bj\u00f8rnstad. Det meste av musikken ble innspilt p\u00e5 lydb\u00e5nd, men i orkestergraven sto samtidig den norske jazzrockgruppen Lava og spilte opp mot det elektroniske utgangspunktet. Senere ble begge disse prosjektene mikset med tanke p\u00e5 en ren elektronisk utgivelse.<\/p>\n<h4>Ukjent Bj\u00f8rnstad<\/h4>\n<p>Ophelia\u00b4s Arrival\/Minotauros gir et spennende innblikk i en fascinerende epoke i v\u00e5r n\u00e6re musikkhistorie, og ikke minst et m\u00f8te med Bj\u00f8rnstads melodisterke musikk i en ganske annen drakt enn mange av oss er vant til \u00e5 h\u00f8re den i.<br \/>\nStykket \u201dJorick Tales\u201d fra Ophelia\u00b4s Arrival har Bj\u00f8rnstad tatt med seg videre i karrieren gjennom mange ulike prosjekter: \u201dOpprinnelig var dette et tema skrevet for solo piano.  Senere har det g\u00e5tt gjennom mange faser og til slutt blitt et av de stykkene jeg har spilt oftest p\u00e5 konsert, b\u00e5de med The Sea, med Terje Rypdal som duo, og med meg alene p\u00e5 piano. I ettertid er det interessant \u00e5 se hvordan ett og samme tema kan brukes i vidt forskjellige formater. \u201d<\/p>\n<h4>Imponerende merittliste<\/h4>\n<p>Ketil Bj\u00f8rnstad m\u00e5 v\u00e6re en av Norges mest produktive kunstnere. Han har en imponerende merittliste og er prisbel\u00f8nt b\u00e5de som forfatter, musiker og komponist. S\u00e5 langt har han rukket \u00e5 utgi runde 40 bokutgivelser, og n\u00e6rmere 60 plater i forskjellige sjangere. Hans utgivelser p\u00e5 ECM og Universal har gitt musikken hans en voksende internasjonal tilhengerskare.<\/p>\n<p><\/p>","protected":false},"excerpt":{"rendered":"<p>Utgivelsen Ophelia\u00b4s Arrival\/Minotaurus presenter det som for mange er en ukjent side av det skapende mennesket Ketil Bj\u00f8rnstads karriere.<\/p>\n","protected":false},"featured_media":27084,"comment_status":"closed","ping_status":"open","template":"","meta":[],"product_brand":[],"product_cat":[6],"product_tag":[],"class_list":{"0":"post-895","1":"product","2":"type-product","3":"status-publish","4":"has-post-thumbnail","6":"product_cat-grappa","7":"product_shipping_class-cddvd-shipping","8":"uni_artist_tag-ketil-bjornstad","9":"uni_main_artist_tag-ketil-bjornstad","10":"uni_artist_genre-electronic","12":"first","13":"instock","14":"taxable","15":"shipping-taxable","16":"purchasable","17":"product-type-simple"},"_links":{"self":[{"href":"https:\/\/grappa.no\/no\/wp-json\/wp\/v2\/product\/895","targetHints":{"allow":["GET"]}}],"collection":[{"href":"https:\/\/grappa.no\/no\/wp-json\/wp\/v2\/product"}],"about":[{"href":"https:\/\/grappa.no\/no\/wp-json\/wp\/v2\/types\/product"}],"replies":[{"embeddable":true,"href":"https:\/\/grappa.no\/no\/wp-json\/wp\/v2\/comments?post=895"}],"wp:featuredmedia":[{"embeddable":true,"href":"https:\/\/grappa.no\/no\/wp-json\/wp\/v2\/media\/27084"}],"wp:attachment":[{"href":"https:\/\/grappa.no\/no\/wp-json\/wp\/v2\/media?parent=895"}],"wp:term":[{"taxonomy":"product_brand","embeddable":true,"href":"https:\/\/grappa.no\/no\/wp-json\/wp\/v2\/product_brand?post=895"},{"taxonomy":"product_cat","embeddable":true,"href":"https:\/\/grappa.no\/no\/wp-json\/wp\/v2\/product_cat?post=895"},{"taxonomy":"product_tag","embeddable":true,"href":"https:\/\/grappa.no\/no\/wp-json\/wp\/v2\/product_tag?post=895"}],"curies":[{"name":"wp","href":"https:\/\/api.w.org\/{rel}","templated":true}]}}