{"id":891,"date":"2012-10-19T00:00:00","date_gmt":"2012-10-18T23:00:00","guid":{"rendered":"http:\/\/www.grappa.no\/albums\/uncategorized\/jessica-sligter-fear-and-the-framing\/"},"modified":"2018-08-30T09:06:58","modified_gmt":"2018-08-30T08:06:58","slug":"fear-and-the-framing","status":"publish","type":"product","link":"https:\/\/grappa.no\/no\/albums\/hubro\/fear-and-the-framing\/","title":{"rendered":"Fear And The Framing"},"content":{"rendered":"<p><\/p>\n<p>M\u00f8rkt og modig<\/p>\n<p>Den nederlandske sangeren og l\u00e5tskriveren Jessica Sligter ga i 201o ut det meget kritikerroste debutalbumet \u201dBalls and Kittens, Draught and Strangling Rain\u201d p\u00e5 Hubro, under navnet J\u00c6. Forrige gang ble hun av journalister sammenlignet med Will Oldham, Linda Perhacs, Josephine Foster, Scott Walker og Morrisey (!) for \u00e5 nevne noen. P\u00e5 sitt andre album forlater Jessica navnet J\u00c6 og fronter prosjektet under sitt d\u00f8penavn Jessica Sligter.<br \/>\nHun gav i 2011 ut et det filmatiske rockealbumet \u201dWindows\u00b4 a fall\u201d med sideprosjektet Sacred Harp, men soloprosjektet har hele tiden v\u00e6rt f\u00f8rsteprioritet. Jessica har turnert flittig i USA, Skandinavia og Vest-Europa de siste \u00e5rene og opparbeidet seg en dedikert tilhengerskare. Det er ikke umulig at dette nye albumet vil utvide denne tilhengerskaren betraktelig. Jessica pendler fortsatt mellom Norge og Nederland, og hennes nye album \u201dFear And The Framing\u201d er spilt inn med musikervenner fra milj\u00f8ene i Oslo, Bergen og Amsterdam. Sligter har en egen evne til \u00e5 sette sammen spennende bandkonstellasjoner og \u00e5 hente frem de forskjellige musikernes unike kvaliteter.<br \/>\nJessica har tatt flere radikale musikalske grep siden forrige soloalbum.  Mens debuten var folk-preget og akustisk, er det nye albumet mer elektrisk og dystert.  Jessicas karakteristiske vokal spiller fortsatt hovedrollen, men det er noe truende b\u00e5de i Jessicas tekster og  i det massive og atmosf\u00e6riske lydbildet.  Frykt g\u00e5r som en tematisk tr\u00e5d gjennom tekstene p\u00e5 albumet, og musikalsk beveger det seg mellom helt nakne og mer dramatiske og abstrakte l\u00e5ter og stemninger. \u201dFear And The Framing\u201d er et modig album fra en s\u00e6regen sanger og l\u00e5tskriver med substans.<\/p>\n<p><!--more--><\/p>\n<p>Den nederlandske sangeren og l\u00e5tskriveren Jessica Sligter ga i 201o ut det meget kritikerroste debutalbumet \u201dBalls and Kittens, Draught and Strangling Rain\u201d p\u00e5 Hubro, under navnet J\u00c6. Forrige gang ble hun av journalister sammenlignet med Will Oldham, Linda Perhacs, Josephine Foster, Scott Walker og Morrisey (!) for \u00e5 nevne noen. P\u00e5 sitt andre album forlater Jessica navnet J\u00c6 og fronter prosjektet under sitt d\u00f8penavn Jessica Sligter.<\/p>\n<h4>L\u00e5tskriver med substans<\/h4>\n<p>Jessica har tatt flere radikale musikalske grep siden forrige soloalbum.  Mens debuten var folk-preget og akustisk, er det nye albumet mer elektrisk og dystert.  Jessicas karakteristiske vokal spiller fortsatt hovedrollen, men det er noe truende b\u00e5de i Jessicas tekster og  i det massive og atmosf\u00e6riske lydbildet.  Frykt g\u00e5r som en tematisk tr\u00e5d gjennom tekstene p\u00e5 albumet, og musikalsk beveger det seg mellom helt nakne og mer dramatiske og abstrakte l\u00e5ter og stemninger. \u201dFear And The Framing\u201d er et modig album fra en s\u00e6regen sanger og l\u00e5tskriver med substans.<\/p>\n<p>Albumet er produsert av Jessica Sligter, innspilt av Juhani Silvola og Jessica i Oslo og Amsterdam, og mikset av Randall Dunn (Splashgirl, Earth, Boris, Black Mountain) i Avast Studio, Seattle.<\/p>\n<h4>Pressen om &quot;Balls and kittens draught and strangling rain&quot;:<\/h4>\n<p>\u201dCompelling Dutch psych-folk\u201d  Uncut 4\/5 (UK)<br \/>\n\u201d compelling distillations of pre-war balladry, folk song and jazz. Mojo &#8211; 4\/5 (UK)<br \/>\n\u201da truly poetic and enchanting record which can only but steal the heart of whoever happen to stumble upon it.\u201d  themilkfactory 4.7\/5 (UK)<br \/>\n\u201dImpressive stuff\u201d.   &#8211; themusicfix (UK) 7\/10 (UK)<br \/>\n\u201dcatch the ear by surprise\u201d Jazzwise, Daniel Spicer (UK)<br \/>\n\u201dIt&#8217;s delicious and unexpected, like much else on this sweetly offbeat treat of an album. &quot; &#8211; theartsdesk.com (UK<\/p>\n<h4><\/h4>\n<\/p>\n<p><\/p>","protected":false},"excerpt":{"rendered":"<p>Mens debuten var folk-preget og akustisk, er det nye albumet mer elektrisk og dystert.<\/p>\n","protected":false},"featured_media":27362,"comment_status":"closed","ping_status":"open","template":"","meta":[],"product_brand":[],"product_cat":[36],"product_tag":[],"class_list":{"0":"post-891","1":"product","2":"type-product","3":"status-publish","4":"has-post-thumbnail","6":"product_cat-hubro","7":"product_shipping_class-cddvd-shipping","8":"uni_artist_tag-anat-spiegel","9":"uni_artist_tag-bart-de-vrees","10":"uni_artist_tag-brian-mckenna","11":"uni_artist_tag-daniel-meyer-gronvold","12":"uni_artist_tag-eirikur-olafsson","13":"uni_artist_tag-ivar-grydeland","14":"uni_artist_tag-jessica-sligter","15":"uni_artist_tag-jo-berger-myhre","16":"uni_artist_tag-juhani-silvola","17":"uni_artist_tag-kari-ronnekleiv","18":"uni_artist_tag-kyrre-laastad","19":"uni_artist_tag-martin-taxt","20":"uni_artist_tag-ole-henrik-moe","21":"uni_artist_tag-oystein-skar","22":"uni_artist_tag-oyvind-hegg-lunde","23":"uni_artist_tag-randall-dunn","24":"uni_artist_tag-viljam-nybacka","25":"uni_main_artist_tag-jessica-sligter","26":"uni_artist_genre-singersongwriter","28":"first","29":"instock","30":"taxable","31":"shipping-taxable","32":"purchasable","33":"product-type-simple"},"_links":{"self":[{"href":"https:\/\/grappa.no\/no\/wp-json\/wp\/v2\/product\/891","targetHints":{"allow":["GET"]}}],"collection":[{"href":"https:\/\/grappa.no\/no\/wp-json\/wp\/v2\/product"}],"about":[{"href":"https:\/\/grappa.no\/no\/wp-json\/wp\/v2\/types\/product"}],"replies":[{"embeddable":true,"href":"https:\/\/grappa.no\/no\/wp-json\/wp\/v2\/comments?post=891"}],"wp:featuredmedia":[{"embeddable":true,"href":"https:\/\/grappa.no\/no\/wp-json\/wp\/v2\/media\/27362"}],"wp:attachment":[{"href":"https:\/\/grappa.no\/no\/wp-json\/wp\/v2\/media?parent=891"}],"wp:term":[{"taxonomy":"product_brand","embeddable":true,"href":"https:\/\/grappa.no\/no\/wp-json\/wp\/v2\/product_brand?post=891"},{"taxonomy":"product_cat","embeddable":true,"href":"https:\/\/grappa.no\/no\/wp-json\/wp\/v2\/product_cat?post=891"},{"taxonomy":"product_tag","embeddable":true,"href":"https:\/\/grappa.no\/no\/wp-json\/wp\/v2\/product_tag?post=891"}],"curies":[{"name":"wp","href":"https:\/\/api.w.org\/{rel}","templated":true}]}}