{"id":890,"date":"2013-01-18T00:00:00","date_gmt":"2013-01-17T23:00:00","guid":{"rendered":"http:\/\/www.grappa.no\/albums\/uncategorized\/wenche-myhre-66\/"},"modified":"2025-06-03T12:53:15","modified_gmt":"2025-06-03T11:53:15","slug":"wenche-myhre-66","status":"publish","type":"product","link":"https:\/\/grappa.no\/no\/albums\/grappa\/wenche-myhre-66\/","title":{"rendered":"Wenche Myhre: 66"},"content":{"rendered":"<p><\/p>\n<p>Wenche Myhre blir 66!<\/p>\n<p>Grappa Musikkforlag har den store \u00e6re av \u00e5 presentere Wenche Myhres nye plateutgivelse; \u201d66\u201d.<\/p>\n<p>Wenche Myhre er en av v\u00e5re mest folkekj\u00e6re og slitesterke norske artister, og hun har ogs\u00e5 n\u00e5dd ut til et stort internasjonalt publikum gjennom en snart 60 \u00e5r lang karri\u00e9re. Mange husker henne i tospann med Povel Ramel. Andre f\u00e5r umiddelbart opp et bilde av Wenche som sn\u00f8rrete barnehageunge med spann og b\u00f8tte og sydvest, mens hele Tyskland, der hun i flere ti\u00e5r har hatt superstjernestatus, smiler og snakker varmt om \u00abDie Wencke\u00bb. S\u00e5 er det de som begynner \u00e5 nynne p\u00e5 monster-hit\u2019en \u00abN\u00e5r jeg blir seksogseksti\u00bb. N\u00e5 er hun endelig i sitt 66. \u00e5r, og markerer dette med en stor turn\u00e9, plateutgivelse og biografien &amp;quot;66 \u2013 et liv uten sikkerhetsnett&amp;quot;, f\u00f8rt i pennen av Mona Levin.<\/p>\n<p>&amp;quot;66&amp;quot; er en samlecd med flere av Wenches st\u00f8rste hits, men inneholder ogs\u00e5 tre nye l\u00e5ter.<br \/>\nF\u00f8rste singelen fra platen (utgitt h\u00f8sten 2012), &amp;quot;Prinsesse Smil&amp;quot;, er spesialskrevet for Wenche av \u00c5ge Aleksandersen, og fikk 5\/6 i Dagbladet, som kalte den en &amp;quot;Hymne til livsgleden&amp;quot;. I tillegg har Aleksandersen skrevet en bokm\u00e5lsversjon av sin l\u00e5t ; &amp;quot;Reise med Vind&amp;quot; til Wenche. Hanne S\u00f8rvaag har skrevet l\u00e5ten &amp;quot;Hjertekammer&amp;quot;.<\/p>\n<p>Wenche, Norges f\u00f8rste popstjerne, er n\u00e5 en beundret, moden kunstner, en ekte entertainer \u2013 et ord hun selv har enorm respekt for. Det rommer artist, slager- og visesanger, komiker, film- og teaterskuespiller. Det representerte en gang Wenche Myhres absolutte m\u00e5l og store dr\u00f8m. N\u00e5, n\u00e5r dr\u00f8mmen er oppfylt for lenge siden, vinker likevel nye m\u00e5l i horisonten. Ikke s\u00e5 veldig fjernt, forresten. Wenche har alltid prosjekter p\u00e5 gang. Hjernen hennes er en slags utskytningsrampe for nye ideer f\u00f8r de forrige har landet. Hun har aldri har st\u00e5tt stille, og hun fortsetter \u00e5 overraske.<\/p>\n<p><!--more--><\/p>\n<p>15.februar fyller Wenche Myhre 66 \u00e5r. I den anledning har Grappa Musikkforlag den store \u00e6re av \u00e5 presentere Wenche Myhres nye plateutgivelse; \u201d66\u201d.<\/p>\n<h4>66<\/h4>\n<p>N\u00e5 er hun endelig i sitt 66. \u00e5r, og markerer dette med en stor turn\u00e9, plateutgivelse og biografien &amp;quot;66 \u2013 et liv uten sikkerhetsnett&amp;quot;, f\u00f8rt i pennen av Mona Levin. Det nye albumet &amp;quot;66&amp;quot;, med kombinasjonen av det kjente og kj\u00e6re med det nyskapte \u2013 som nok snart blir kjent og kj\u00e6rt \u2013 er typisk for Wenche. Platesporene sveiper gjennom et langt artistliv. De demonstrerer hvor slitesterke de gamle sangene er og hvor potente de nye er.<\/p>\n<h4>Nye l\u00e5ter<\/h4>\n<p>I 2011 m\u00f8ttes Wenche Myhre og \u00c5ge Aleksandersen p\u00e5 rockemuseet Rockheim i Trondheim. Wenche hadde akkurat kj\u00f8pt den nye platen til \u00c5ge og forelsket seg i &#8220;Reise med vind&#8221;, som ogs\u00e5 er med p\u00e5 &#8220;66&#8221;. Han ble synlig overrasket over at Wenche Myhre ba om lov til \u00e5 synge den.<br \/>\n\u00abMen det er en sang om d\u00f8den,\u00bb sa han.<br \/>\n\u00abNei, det er en sang om evigheten,\u00bb sa hun. \u00c5ge tenkte litt, og s\u00e5 tilb\u00f8d han \u00e5 lage en bokm\u00e5lsversjon av teksten. Ikke nok med det \u2013 han skrev en helt ny melodi til henne: Prinsesse Smil!<br \/>\nDenne ble f\u00f8rste single fra det nye albumet , og fikk 5\/6 i Dagbladet, som kalte den en &#8220;Hymne til livsgleden&#8221;.Tittelen kan st\u00e5 som en signatur p\u00e5 Wenche Myhre selv \u2013 hun er kjent for sitt smil og sine gnistrende bl\u00e5 \u00f8yne. Uansett hvilke veier livet har f\u00f8rt henne, har Wenches smil beholdt sin skj\u00f8nnhet. Hennes personlighet sprer glede og har funnet veien inn i uendelig mange hjerter. Det speiles i tittelen p\u00e5 den andre nye melodien p\u00e5 denne platen, skrevet av Hanne S\u00f8rvaag spesielt for Wenche: &#8220;Hjertekammer&#8221;.<\/p>\n<h4>En ekte entertainer<\/h4>\n<p>Wenche, en gang Norges f\u00f8rste popstjerne, er n\u00e5 en beundret, moden kunstner, en ekte entertainer \u2013 et ord hun selv har enorm respekt for. Det rommer artist, slager- og visesanger, komiker, film- og teaterskuespiller. Det representerte en gang Wenche Myhres absolutte m\u00e5l og store dr\u00f8m. N\u00e5, n\u00e5r dr\u00f8mmen er oppfylt for lenge siden, vinker likevel nye m\u00e5l i horisonten. Ikke s\u00e5 veldig fjernt, forresten. Wenche har alltid prosjekter p\u00e5 gang. Hjernen hennes er en slags utskytningsrampe for nye ideer f\u00f8r de forrige har landet. Hun har aldri har st\u00e5tt stille, og hun fortsetter \u00e5 overraske.<\/p>\n<p><\/p>","protected":false},"excerpt":{"rendered":"<p>Her er \u201d66\u201d!<\/p>\n","protected":false},"featured_media":27082,"comment_status":"closed","ping_status":"closed","template":"","meta":[],"product_brand":[],"product_cat":[6],"product_tag":[],"class_list":{"0":"post-890","1":"product","2":"type-product","3":"status-publish","4":"has-post-thumbnail","6":"product_cat-grappa","7":"product_shipping_class-cddvd-shipping","8":"uni_artist_tag-age-aleksandersen","9":"uni_artist_tag-alexander-pettersen","10":"uni_artist_tag-anders-eljas","11":"uni_artist_tag-anders-engen","12":"uni_artist_tag-andreas-manger","13":"uni_artist_tag-anne-strengehagen","14":"uni_artist_tag-benny-andersson","15":"uni_artist_tag-bjorn-ulvaeus","16":"uni_artist_tag-bjorn-kjellemyr","17":"uni_artist_tag-borge-pettersen-overleir","18":"uni_artist_tag-camilla-kjerulf-gudem","19":"uni_artist_tag-christine-bugjerde","20":"uni_artist_tag-dan-attlerud","21":"uni_artist_tag-dan-friis-moller","22":"uni_artist_tag-don-gibson","23":"uni_artist_tag-eileen-siegel","24":"uni_artist_tag-eileen-siegl","25":"uni_artist_tag-einy-lang-moen","26":"uni_artist_tag-eivind-aarset","27":"uni_artist_tag-eskild-sundt-hansen","28":"uni_artist_tag-finn-hauge","29":"uni_artist_tag-finn-ludt","30":"uni_artist_tag-fredrik-henrik-aase","31":"uni_artist_tag-gaute-storaas","32":"uni_artist_tag-geir-olav-bokestad","33":"uni_artist_tag-geoff-miles","34":"uni_artist_tag-hakon-iversen","35":"uni_artist_tag-hanne-sorvaag","36":"uni_artist_tag-hans-christian-bruhn","37":"uni_artist_tag-harald-aadland","38":"uni_artist_tag-harald-arlen","39":"uni_artist_tag-havard-gryting","40":"uni_artist_tag-ingunn-dalland","41":"uni_artist_tag-jon-wien-sonstebo","42":"uni_artist_tag-katarina-milton-almgren","43":"uni_artist_tag-katharina-hager","44":"uni_artist_tag-kim-edward-bergseth","45":"uni_artist_tag-kirsti-andersen","46":"uni_artist_tag-kirsti-karlsson","47":"uni_artist_tag-kjetil-bjerkestrand","48":"uni_artist_tag-lasse-wellander","49":"uni_artist_tag-levi-hindar","50":"uni_artist_tag-maren-moesodegard","51":"uni_artist_tag-marian-lisland","52":"uni_artist_tag-marianne-bondevik","53":"uni_artist_tag-marvin-amoroso","54":"uni_artist_tag-michael-clauss","55":"uni_artist_tag-michael-pfleghar","56":"uni_artist_tag-michel-sardoud","57":"uni_artist_tag-nils-christian-fossdal","58":"uni_artist_tag-norwegian-radio-orchestra","59":"uni_artist_tag-ole-herman-huth","60":"uni_artist_tag-pal-jacobsen","61":"uni_artist_tag-paul-curtis","62":"uni_artist_tag-per-hillestad","63":"uni_artist_tag-per-kristian-indrehus","64":"uni_artist_tag-per-saemund-bjorkum","65":"uni_artist_tag-per-stenseth","66":"uni_artist_tag-pete-knutsen","67":"uni_artist_tag-peter-strom","68":"uni_artist_tag-pierre-delanoe","69":"uni_artist_tag-rudi-lindt","70":"uni_artist_tag-runa-berg","71":"uni_artist_tag-salvatore-cutugno","72":"uni_artist_tag-saxi-dowell","73":"uni_artist_tag-serge-gainsbourg","74":"uni_artist_tag-sigurd-jansen","75":"uni_artist_tag-sigvald-tveit","76":"uni_artist_tag-sigvart-dagsland","77":"uni_artist_tag-steinar-larsen","78":"uni_artist_tag-svein-therkelsen","79":"uni_artist_tag-tex-atchison","80":"uni_artist_tag-thomas-thornholm","81":"uni_artist_tag-tim-rice","82":"uni_artist_tag-tom-erik-antonsen","83":"uni_artist_tag-tone-cunningham","84":"uni_artist_tag-tony-hiller","85":"uni_artist_tag-trine-lise-aadne","86":"uni_artist_tag-trond-dagsland-holgersen","87":"uni_artist_tag-trude-kjellgren","88":"uni_artist_tag-udo-jurgens","89":"uni_artist_tag-vegard-johnsen","90":"uni_artist_tag-wenche-myhre","91":"uni_artist_tag-wolfgang-hofer","92":"uni_main_artist_tag-wenche-myhre","93":"uni_artist_genre-pop","94":"uni_artist_genre-slager","96":"first","97":"outofstock","98":"taxable","99":"shipping-taxable","100":"purchasable","101":"product-type-simple"},"_links":{"self":[{"href":"https:\/\/grappa.no\/no\/wp-json\/wp\/v2\/product\/890","targetHints":{"allow":["GET"]}}],"collection":[{"href":"https:\/\/grappa.no\/no\/wp-json\/wp\/v2\/product"}],"about":[{"href":"https:\/\/grappa.no\/no\/wp-json\/wp\/v2\/types\/product"}],"replies":[{"embeddable":true,"href":"https:\/\/grappa.no\/no\/wp-json\/wp\/v2\/comments?post=890"}],"wp:featuredmedia":[{"embeddable":true,"href":"https:\/\/grappa.no\/no\/wp-json\/wp\/v2\/media\/27082"}],"wp:attachment":[{"href":"https:\/\/grappa.no\/no\/wp-json\/wp\/v2\/media?parent=890"}],"wp:term":[{"taxonomy":"product_brand","embeddable":true,"href":"https:\/\/grappa.no\/no\/wp-json\/wp\/v2\/product_brand?post=890"},{"taxonomy":"product_cat","embeddable":true,"href":"https:\/\/grappa.no\/no\/wp-json\/wp\/v2\/product_cat?post=890"},{"taxonomy":"product_tag","embeddable":true,"href":"https:\/\/grappa.no\/no\/wp-json\/wp\/v2\/product_tag?post=890"}],"curies":[{"name":"wp","href":"https:\/\/api.w.org\/{rel}","templated":true}]}}