{"id":869,"date":"2014-07-25T00:00:00","date_gmt":"2014-07-24T23:00:00","guid":{"rendered":"http:\/\/www.grappa.no\/albums\/uncategorized\/johan-daniel-and-johan-heinrich-berlin\/"},"modified":"2024-01-10T10:36:34","modified_gmt":"2024-01-10T09:36:34","slug":"johan-daniel-and-johan-heinrich-berlin","status":"publish","type":"product","link":"https:\/\/grappa.no\/no\/albums\/simax-classics\/johan-daniel-and-johan-heinrich-berlin\/","title":{"rendered":"Johan Daniel and Johan Heinrich Berlin"},"content":{"rendered":"<p><\/p>\n<p>Begynte norsk klassisk musikkliv her?<\/p>\n<p>Verdenspremiere p\u00e5 norsk orkestermusikk fra midten av 1700-tallet! Norsk Barokkorkester presenterer to blad Berlin \u2013 tysk musikerslekt som satt sitt tydelige preg i Trondheim. Fader Johan Daniel ble f\u00f8dt i datidens Pr\u00f8ysen, kom til Trondheim som stadsmusikant i 1737 og ble et veritabelt kraftsentrum for byens musikkliv. I tillegg til \u00e5 v\u00e6re organist ved b\u00e5de Nidarosdomen og V\u00e5r Frues Kirke skrev han musikk og musikkteoretiske og -pedagogiske verker, i 1744 den f\u00f8rste musikkl\u00e6reboken som kom ut i Danmark-Norge. Joahn Heinrichs Sinfonia i C tar steget n\u00e6rmere klassisismen, b\u00e5de formmessig og i instrumentasjon, og han er ogs\u00e5 tydelig inspirert av str\u00f8mninger fra italienske komponister.<\/p>\n<p>Det er forfriskende at den f\u00f8rste utgivelsen Norsk Barokkorkester gj\u00f8r under ledelse av Goltz er av noe s\u00e5 sjeldent som norsk barokkmusikk. Fremf\u00f8relsene er fantastisk friske og livsbejaende \u2013 som musikken selv. <\/p>\n<p>26. juli lanseres utgivelsen med konsert under Olavsfestdagene.<\/p>\n<p><!--more--><\/p>\n<p>Verdenspremiere p\u00e5 norsk orkestermusikk fra midten av 1700-tallet! Norsk Barokkorkester med sin kunstneriske leder Gottfried von der Goltz presenterer to blad Berlin \u2013 tysk musikerslekt som satt sitt tydelige preg i Trondheim. 26. juli lanseres utgivelsen med konsert under Olavsfestdagene.<\/p>\n<h4>Johan Daniel Berlin \u2013 komponist, brannmann og mere til<\/h4>\n<p>Fader JD ble f\u00f8dt i datidens Pr\u00f8ysen, kom til Trondheim som stadsmusikant i 1737 og ble et veritabelt kraftsentrum for byens musikkliv. I tillegg til \u00e5 v\u00e6re organist ved b\u00e5de Nidarosdomen og V\u00e5r Frues Kirke skrev han musikk og musikkteoretiske og -pedagogiske verker, i 1744 den f\u00f8rste musikkl\u00e6reboken som kom ut i Danmark-Norge. Videre ble han byens brannsjef i 1763, og likegodt inspekt\u00f8r for vanntilf\u00f8rsel \u00e5ret etter. Berlin ledet ogs\u00e5 byens harmoniske selskap, med konserter s\u00f8ndag ettermiddag. Verkene p\u00e5 denne innspillingen er sannsynligvis fra 1760-\u00e5rene, og er spennende eksempler p\u00e5 overgangen fra barokk til tidlig klassisisme. Coveret p\u00e5 utgivelsen viser \u00e9n av JDs mange oppfinnelser: i dette tilfellet tegningene til en innh\u00f8stingsmaskin som han designet sent i livet. Blant JDs mange elever finner vi blant annet L.M. Lindeman.<\/p>\n<h4>Johan Heinrich Berlin<\/h4>\n<p>Alle JDs s\u00f8nner ble musikere, men Johan Heinrich var uten tvil den mest suksessfulle. Han ble f\u00f8dt i Trondheim i 1741 og overtok posisjonen som organist i V\u00e5r Frues Kirke da faren gikk bort. JHs Sinfonia i C tar steget n\u00e6rmere klassisismen, b\u00e5de formmessig og i instrumentasjon, og han er ogs\u00e5 tydelig inspirert av str\u00f8mninger fra italienske komponister.<\/p>\n<h4>Norsk barokkorkester og Gottfried von der Goltz<\/h4>\n<p>Verdenspremierer p\u00e5 norsk orkestermusikk fra 1700-tallet er ikke hverdagskost. Det er spesielt gledelig at vi i dag har et sterkt ut\u00f8vermilj\u00f8 innenfor tidligmusikken ogs\u00e5 her i Norge. Norsk Barokkorkester ble etablert i 1988 som et av de f\u00f8rste frittst\u00e5ende tidligmusikk-ensemblene i Skandinavia. Dette er den f\u00f8rste utgivelsen Norsk Barokkorkester gj\u00f8r med sin meritterte kunstneriske leder Gottfried von der Goltz, som b\u00e5de er leder og fiolinsolist. Goltz har gjort en imponerende lang rekke innspillinger med Freiburger Barokkorkester. Zinke-solist er Alexandra Opsahl, som blant annet er medlem av &#8216;Dark Horse Consort&#8217; og kunstnerisk leder for Los Angeles tidlig-musikk gruppen &#8216;Tesserae&#8217;.<\/p>\n<p><\/p>","protected":false},"excerpt":{"rendered":"<p>I den tidlige norske kunstmusikkhistorien er den tyskf\u00f8dte komponist, oppfinner og gr\u00fcnder Johan Daniel Berlin sentral. Norsk Barokkorkester har tatt for seg det som finnes av hans orkesterverker, musikk som n\u00e5 spilles inn og utgis for aller f\u00f8rste gang.<\/p>\n","protected":false},"featured_media":27782,"comment_status":"closed","ping_status":"closed","template":"","meta":[],"product_brand":[],"product_cat":[180],"product_tag":[],"class_list":{"0":"post-869","1":"product","2":"type-product","3":"status-publish","4":"has-post-thumbnail","6":"product_cat-simax-classics","7":"product_shipping_class-cddvd-shipping","8":"uni_artist_tag-alexandra-opsahl","9":"uni_artist_tag-francois-eckert","10":"uni_artist_tag-gottfried-von-der-goltz","11":"uni_artist_tag-johan-daniel-berlin","12":"uni_artist_tag-johan-heinrich-berlin","13":"uni_artist_tag-norwegian-baroque-orchestra","14":"uni_main_artist_tag-norwegian-baroque-orchestra","15":"uni_artist_genre-early-music","16":"uni_artist_genre-nominated-for-norwegian-grammy-nominert-til-spellemannprisen","17":"uni_artist_genre-strings","18":"uni_artist_genre-world-premiere-recording","20":"first","21":"outofstock","22":"taxable","23":"shipping-taxable","24":"purchasable","25":"product-type-simple"},"_links":{"self":[{"href":"https:\/\/grappa.no\/no\/wp-json\/wp\/v2\/product\/869","targetHints":{"allow":["GET"]}}],"collection":[{"href":"https:\/\/grappa.no\/no\/wp-json\/wp\/v2\/product"}],"about":[{"href":"https:\/\/grappa.no\/no\/wp-json\/wp\/v2\/types\/product"}],"replies":[{"embeddable":true,"href":"https:\/\/grappa.no\/no\/wp-json\/wp\/v2\/comments?post=869"}],"wp:featuredmedia":[{"embeddable":true,"href":"https:\/\/grappa.no\/no\/wp-json\/wp\/v2\/media\/27782"}],"wp:attachment":[{"href":"https:\/\/grappa.no\/no\/wp-json\/wp\/v2\/media?parent=869"}],"wp:term":[{"taxonomy":"product_brand","embeddable":true,"href":"https:\/\/grappa.no\/no\/wp-json\/wp\/v2\/product_brand?post=869"},{"taxonomy":"product_cat","embeddable":true,"href":"https:\/\/grappa.no\/no\/wp-json\/wp\/v2\/product_cat?post=869"},{"taxonomy":"product_tag","embeddable":true,"href":"https:\/\/grappa.no\/no\/wp-json\/wp\/v2\/product_tag?post=869"}],"curies":[{"name":"wp","href":"https:\/\/api.w.org\/{rel}","templated":true}]}}