{"id":868,"date":"2014-08-15T00:00:00","date_gmt":"2014-08-14T23:00:00","guid":{"rendered":"http:\/\/www.grappa.no\/albums\/uncategorized\/ostsee-church-music-by-bertouch-theile-and-vierdanck\/"},"modified":"2019-02-22T16:05:14","modified_gmt":"2019-02-22T15:05:14","slug":"ostsee-church-music-by-bertouch-theile-and-vierdanck","status":"publish","type":"product","link":"https:\/\/grappa.no\/no\/albums\/simax-classics\/ostsee-church-music-by-bertouch-theile-and-vierdanck\/","title":{"rendered":"Ostsee \u2013 church music by Bertouch, Theile and Vierdanck"},"content":{"rendered":"<p><\/p>\n<p>Barokkmusikk fra \u00d8stersj\u00f8omr\u00e5det<\/p>\n<p>\u00d8stersj\u00f8en kalles gjerne &#8216;Nord-Europas middelhav&#8217;, og i de senere ti\u00e5r har man kartlagt hvordan notemateriale og musikalske stilretninger beveget seg i denne regionen. Komponistene Vierdanck, Theile og Bertouch hadde alle tre sin musikalske bakgrunn fra byer i Sachsen, og tilbrakte store deler av sitt yrkesaktive liv i bevegelse rundt i \u00d8stersj\u00f8omr\u00e5det. Georg von Bertouch (1668-1743) stod sterkt i det samtidige musikkmilj\u00f8et og brevvekslet bl.a med J.S. Bach. Han disputerte med en juridisk avhandling, ble senere yrkesmilit\u00e6r og skal ha deltatt i mer enn 22 slag. Kantatene p\u00e5 denne utgivelsen er ungdomsverk, mens de to sonatene ble til mens han var i kommandant p\u00e5 Akershus festning. Det unge fremadstormende ensemblet Trondheim Barokk har utviklet seg i samarbeid med ledende ut\u00f8vere som Andrew Parrott og Sigiswald Kuijken.<\/p>\n<p><!--more--><\/p>\n<p>Det spennende unge ensemblet Trondheim Barokk henter frem vakre og ukjente verker fra \u00d8stersj\u00f8ens musikkhistorie. Sammen med fremragende norske sangere presenterer de kirkekantater og sonater fra rundt 1700-tallet, blant annet skrevet av den profilerte kommandant Georg von Bertouch p\u00e5 Akershus festning. 17. august er det lanseringskonsert under Oslo Kammermusikkfestival \u2013 nettopp p\u00e5 Akershus festning!<\/p>\n<h4>Bertouch \u2013 kommandant ved Akershus festning 1719-40<\/h4>\n<p>Georg von Bertouch (1668-1743) stod sterkt i det samtidige musikkmilj\u00f8et og brevvekslet bl.a med J.S. Bach. Han disputerte med en juridisk avhandling, ble senere yrkesmilit\u00e6r i den Danske h\u00e6ren og skal ha deltatt i mer enn 22 slag. Kantatene p\u00e5 denne utgivelsen er ungdomsverk, mens de to sonatene ble til mens han var i kommandant p\u00e5 Akershus festning.<\/p>\n<h4>Vierdanck og Theile<\/h4>\n<p>Johann Vierdanck (1605-46) virket som organist og komponist i L\u00fcbeck, K\u00f8benhavn og Stralsund. Johann Theiles (1646-1724) betydning som komponist ligger i de kirkelige kantatene, der vi h\u00f8rer en h\u00f8yt utviklet ferdighet innen kontrapunkt.<\/p>\n<h4>Trondheim Barokk med venner<\/h4>\n<p>Det unge fremadstormende ensemblet Trondheim Barokk har utviklet seg i samarbeid med ledende ut\u00f8vere som Andrew Parrott og Sigiswald Kuijken. De representer en nye generasjon av &#8216;tidligmusikkut\u00f8vere&#8217;, og har allerede bak seg turn\u00e9er og festivaler i Europa og Latin-Amerika. Sangsolistene p\u00e5 denne utgivelsen har ogs\u00e5 stor aktivitet: Ingeborg Dalheim er medlem av det anerkjente ensemblet Les Arts Florissants, Marianne Beate Kielland opptrer jevnlig med dirigenter som Jordi Savall og Fabio Biondi, og Nj\u00e5l Sparbo har bl.a vunnet Kristen Flagstads pris for sitt kunstneriske arbeid.<\/p>\n<p><\/p>","protected":false},"excerpt":{"rendered":"<p>Det unge fremadstormende ensemblet Trondheim Barokk har utviklet seg i samarbeid med ledende ut\u00f8vere som Andrew Parrott og Sigiswald Kuijken.<\/p>\n","protected":false},"featured_media":27779,"comment_status":"closed","ping_status":"open","template":"","meta":[],"product_brand":[],"product_cat":[180],"product_tag":[],"class_list":{"0":"post-868","1":"product","2":"type-product","3":"status-publish","4":"has-post-thumbnail","6":"product_cat-simax-classics","7":"product_shipping_class-cddvd-shipping","8":"uni_artist_tag-francois-eckert","9":"uni_artist_tag-georg-von-bertouch","10":"uni_artist_tag-ingeborg-dalheim","11":"uni_artist_tag-johann-theile","12":"uni_artist_tag-johann-vierdanck","13":"uni_artist_tag-marianne-beate-kielland","14":"uni_artist_tag-njal-sparbo","15":"uni_artist_tag-trondheim-barokk","16":"uni_main_artist_tag-trondheim-barokk","17":"uni_artist_genre-chamber-music","18":"uni_artist_genre-church-music","19":"uni_artist_genre-early-music","20":"uni_artist_genre-original-performance-practice","21":"uni_artist_genre-song-with-orchestra","23":"first","24":"instock","25":"taxable","26":"shipping-taxable","27":"purchasable","28":"product-type-simple"},"_links":{"self":[{"href":"https:\/\/grappa.no\/no\/wp-json\/wp\/v2\/product\/868","targetHints":{"allow":["GET"]}}],"collection":[{"href":"https:\/\/grappa.no\/no\/wp-json\/wp\/v2\/product"}],"about":[{"href":"https:\/\/grappa.no\/no\/wp-json\/wp\/v2\/types\/product"}],"replies":[{"embeddable":true,"href":"https:\/\/grappa.no\/no\/wp-json\/wp\/v2\/comments?post=868"}],"wp:featuredmedia":[{"embeddable":true,"href":"https:\/\/grappa.no\/no\/wp-json\/wp\/v2\/media\/27779"}],"wp:attachment":[{"href":"https:\/\/grappa.no\/no\/wp-json\/wp\/v2\/media?parent=868"}],"wp:term":[{"taxonomy":"product_brand","embeddable":true,"href":"https:\/\/grappa.no\/no\/wp-json\/wp\/v2\/product_brand?post=868"},{"taxonomy":"product_cat","embeddable":true,"href":"https:\/\/grappa.no\/no\/wp-json\/wp\/v2\/product_cat?post=868"},{"taxonomy":"product_tag","embeddable":true,"href":"https:\/\/grappa.no\/no\/wp-json\/wp\/v2\/product_tag?post=868"}],"curies":[{"name":"wp","href":"https:\/\/api.w.org\/{rel}","templated":true}]}}