{"id":867,"date":"2012-11-23T00:00:00","date_gmt":"2012-11-22T23:00:00","guid":{"rendered":"http:\/\/www.grappa.no\/albums\/uncategorized\/christmas-tales\/"},"modified":"2016-08-16T09:05:51","modified_gmt":"2016-08-16T08:05:51","slug":"christmas-tales","status":"publish","type":"product","link":"https:\/\/grappa.no\/no\/albums\/grappa\/christmas-tales\/","title":{"rendered":"Christmas Tales"},"content":{"rendered":"<p><\/p>\n<p>Alexander Rybak utgir nytt julealbum: Christmas Tales<\/p>\n<p>I et studio i Gjerdrum har det v\u00e6rt julestemning siden midtsommer. Her har Alexander Rybak jobbet med \u00e5rets juleplate \u2013 og resultatet er blitt en varm, organisk og morsom juleplate. Med American Christmas Carols som tema har Alexander plukket frem sine st\u00f8rste favoritter og satt p\u00e5 sin egen signatur. Han har b\u00e5de arrangert alle l\u00e5ter p\u00e5 nytt,og spiller selv hele strykeorkesteret. Alexander har jobbet tett med produsenten fra viseplaten sin \u00b4Visa vid vindens \u00e4ngar\u00b4 (2011), og Knut Bj\u00f8rnar Asphol har bidratt med godt \u00f8re for rike detaljer og invitert inn en fantastisk vokal- og bl\u00e5segruppe som rikt fargelegger platen. To gjester tok ogs\u00e5 toget til Nittedal: Didrik Solli-Tangen og Annsofi bidrar p\u00e5 to duetter. L\u00e5ten med Didrik er skrevet av Rybak spesielt for denne platen. Dette er en juleplate for hele familien som minner oss p\u00e5 gleden ved \u00e5 v\u00e6re sammen og feire jul; \u00e5 synge sammen og leke sammen. \u00b4Christmas Tales\u00b4 er en plate \u00e5 bli glad i og glad av.<\/p>\n<p>I \u00e5r er Alexander ny og velkommen gjest p\u00e5 v\u00e5r mest tradisjonsrike juleturn\u00e9, Stille Natt. Turneen g\u00e5r over hele landet fra 26. november.<\/p>\n<p><!--more--><\/p>\n<p>23.november 2012 kommer Alexander Rybaks nye juleplate&quot;Christmas Tales&quot;<\/p>\n<h4>American Christmas Carols<\/h4>\n<p>Med American Christmas Carols som tema har Alexander plukket frem sine st\u00f8rste favoritter og satt p\u00e5 sin egen signatur. Han har b\u00e5de arrangert alle l\u00e5ter p\u00e5 nytt,og spiller selv hele strykeorkesteret. Alexander har jobbet tett med produsenten fra viseplaten sin \u00b4Visa vid vindens \u00e4ngar\u00b4 (2011), og Knut Bj\u00f8rnar Asphol har bidratt med godt \u00f8re for rike detaljer og invitert inn en fantastisk vokal- og bl\u00e5segruppe som rikt fargelegger platen.<\/p>\n<h4>Duetter<\/h4>\n<p>To gjester tok ogs\u00e5 turen til studio; Didrik Solli-Tangen og Annsofi bidrar p\u00e5 to duetter. L\u00e5ten med Didrik er skrevet av Rybak spesielt for denne platen. Dette er en juleplate for hele familien som minner oss p\u00e5 gleden ved \u00e5 v\u00e6re sammen og feire jul; \u00e5 synge sammen og leke sammen. \u00b4Christmas Tales\u00b4 er en plate \u00e5 bli glad i og glad av.<\/p>\n<h4>Stille Natt &#8211; juleturn\u00e9<\/h4>\n<p>I \u00e5r er Alexander ny og velkommen gjest p\u00e5 v\u00e5r mest tradisjonsrike juleturn\u00e9, Stille Natt. Turneen g\u00e5r over hele landet fra 26. november.<\/p>\n<p>Alexander har alltid mange baller i luften, og parallellt med juleplate i Norge jobber og spiller han over hele Europa. Rybak har i l\u00f8pet av \u00e5ret bla hatt konserter i Irland, Lithauen, Polen, Romania, Belgia, Nederland, Hviterussland, Russland, Serbia, Ukrania, Aserbadjan, Danmark og Sverige.<br \/>\nI Norge har han spilt for utsolgte hus over hele landet sammen med lokale Kulturskoler, og hatt sukess med \u00e5rets sommershow sammen med Elisabeth Andreassen og Didrik Solli-Tangen.<\/p>\n<p><\/p>","protected":false},"excerpt":{"rendered":"<p>Dette er en juleplate for hele familien som minner oss p\u00e5 gleden ved \u00e5 v\u00e6re sammen og feire jul; \u00e5 synge sammen og leke sammen. \u00b4Christmas Tales\u00b4 er en plate \u00e5 bli glad i og glad av.<\/p>\n","protected":false},"featured_media":27080,"comment_status":"closed","ping_status":"open","template":"","meta":[],"product_brand":[],"product_cat":[6],"product_tag":[],"class_list":{"0":"post-867","1":"product","2":"type-product","3":"status-publish","4":"has-post-thumbnail","6":"product_cat-grappa","7":"product_shipping_class-cddvd-shipping","8":"uni_artist_tag-alexander-rybak","9":"uni_artist_tag-amir-aly","10":"uni_artist_tag-ane-carmen-roggen","11":"uni_artist_tag-anine-kruse-skatrud","12":"uni_artist_tag-anja-eline-skybakmoen","13":"uni_artist_tag-annsofi-pettersen","14":"uni_artist_tag-barrat-dues-kammerorkester","15":"uni_artist_tag-borge-are-halvorsen","16":"uni_artist_tag-didrik-solli-tangen","17":"uni_artist_tag-felix-bernard","18":"uni_artist_tag-fennesz","19":"uni_artist_tag-frank-loesser","20":"uni_artist_tag-franz-gruber","21":"uni_artist_tag-hans-ole-hansen","22":"uni_artist_tag-haven-gillespie","23":"uni_artist_tag-hermund-nygard","24":"uni_artist_tag-ida-roggen","25":"uni_artist_tag-j-fred-coots","26":"uni_artist_tag-jay-livingston","27":"uni_artist_tag-jens-lindgard","28":"uni_artist_tag-jens-petter-antonsen","29":"uni_artist_tag-johnny-marks","30":"uni_artist_tag-jule-styne","31":"uni_artist_tag-knut-bjornar-asphol","32":"uni_artist_tag-leif-haugland","33":"uni_artist_tag-mel-torme","34":"uni_artist_tag-morten-midtlien","35":"uni_artist_tag-nils-thore-rosth","36":"uni_artist_tag-pernille-hogstad-stene","37":"uni_artist_tag-peter-zimney","38":"uni_artist_tag-petter-lindgard","39":"uni_artist_tag-ralph-blane","40":"uni_artist_tag-ray-evans","41":"uni_artist_tag-robert-engstrand","42":"uni_artist_tag-sean-lewis","43":"uni_artist_tag-staffan-william-olsson","44":"uni_artist_tag-torfinn-thorsen","45":"uni_artist_tag-walter-kent","46":"uni_main_artist_tag-alexander-rybak","47":"uni_artist_genre-christmas-music","49":"first","50":"instock","51":"taxable","52":"shipping-taxable","53":"purchasable","54":"product-type-simple"},"_links":{"self":[{"href":"https:\/\/grappa.no\/no\/wp-json\/wp\/v2\/product\/867","targetHints":{"allow":["GET"]}}],"collection":[{"href":"https:\/\/grappa.no\/no\/wp-json\/wp\/v2\/product"}],"about":[{"href":"https:\/\/grappa.no\/no\/wp-json\/wp\/v2\/types\/product"}],"replies":[{"embeddable":true,"href":"https:\/\/grappa.no\/no\/wp-json\/wp\/v2\/comments?post=867"}],"wp:featuredmedia":[{"embeddable":true,"href":"https:\/\/grappa.no\/no\/wp-json\/wp\/v2\/media\/27080"}],"wp:attachment":[{"href":"https:\/\/grappa.no\/no\/wp-json\/wp\/v2\/media?parent=867"}],"wp:term":[{"taxonomy":"product_brand","embeddable":true,"href":"https:\/\/grappa.no\/no\/wp-json\/wp\/v2\/product_brand?post=867"},{"taxonomy":"product_cat","embeddable":true,"href":"https:\/\/grappa.no\/no\/wp-json\/wp\/v2\/product_cat?post=867"},{"taxonomy":"product_tag","embeddable":true,"href":"https:\/\/grappa.no\/no\/wp-json\/wp\/v2\/product_tag?post=867"}],"curies":[{"name":"wp","href":"https:\/\/api.w.org\/{rel}","templated":true}]}}