{"id":866,"date":"2012-11-23T00:00:00","date_gmt":"2012-11-22T23:00:00","guid":{"rendered":"http:\/\/www.grappa.no\/albums\/uncategorized\/diverse-artister-w-musikk-av-hans-w-brimi\/"},"modified":"2016-08-16T09:05:50","modified_gmt":"2016-08-16T08:05:50","slug":"diverse-artister-w-musikk-av-hans-w-brimi","status":"publish","type":"product","link":"https:\/\/grappa.no\/no\/albums\/heilo\/diverse-artister-w-musikk-av-hans-w-brimi\/","title":{"rendered":"Diverse artister: W. Musikk av Hans W. Brimi"},"content":{"rendered":"<p><\/p>\n<p>Musikk av Hans W. Brimi<\/p>\n<p>Dobbeltalbumet &quot;W. &#8211; Musikk av Hans W Brimi&quot; hyller den kjente spelemannen fra Garmo i Lom. Produsent og initiativtaker for prosjektet er s\u00f8nnes\u00f8nnen til Hans, felespilleren Aslak O. Brimi. I en mannsalder var Hans W. Brimi en ambassad\u00f8r for den lomske og ottadalske tradisjonsmusikken. Han regnes som en av de fremste folkemusikerene p\u00e5 1900-tallet og var ogs\u00e5 en betydelig formidler av felespillet. I tillegg til \u00e5 v\u00e6re en stor formidler av den tradisjonelle musikken var Brimi ogs\u00e5 en produktiv komponist, og stod selv bak n\u00e6rmere 60 sl\u00e5tter m.a. inspirert av myter og overtro, begivenheter og livet p\u00e5 garden Brimi og tilh\u00f8rende seter nord\u00f8st i Jotunheimen. P\u00e5 &quot;W &#8211; Musikk av Hans W. Brimi&quot; blir et knippe av hans fineste sl\u00e5tter nytolket av flere av de fremste ut\u00f8verne innen folkemusikksjangeren i Norge i dag: Gjermund Larsen Trio, Sigbj\u00f8rn Apeland og Nils \u00d8kland, Astrid Sulheim, Leif Ingvar Ran\u00f8ien, Per Anders Buen Garn\u00e5s, trioen H\u00e5tt, duoen Erlend Viken\/Aslak O. Brimi og Gudbrandsd\u00f8lenes Spelemanslag.<\/p>\n<p>Musikerne har f\u00e5tt frie t\u00f8yler til \u00e5 utforske og utfordre musikken p\u00e5 sin m\u00e5te. Hans W. Brimi var kjent for \u00e5 ha et romslig forhold til hva som var rett og galt i folkemusikken. I Arvid M\u00f8llers biografi \u201dDen vare tonen\u201d sier han selv: \u201dHver enkelt spelemann m\u00e5 tolke sl\u00e5tten ut fra seg selv (&#8230;) Spelemannen lever seg inn i sl\u00e5tten, gir noe av seg selv i spelet. Dette er folkemusikk!\u201d<\/p>\n<p>Utgivelsen inneholder ogs\u00e5 en remastret nyutgave av Hans W. Brimis soloalbum &quot;Hyljarhildring&quot; fra 1987. Han var 70 \u00e5r det \u00e5ret, og platen ble et musikalsk h\u00f8gdepunkt i spelemannslivet hans. Albumet best\u00e5r av 19 egne komposisjoner og ble innspilt i Rainbow Studio med teknikerne Jan Erik Kongshaug og Rune Lindquist. Albumet har tidligere kun v\u00e6rt tilgjengelig p\u00e5 LP. Til sammen gir disse to platene et bredt bilde av den store musikalske arven etter Hans W. Brimi.<\/p>\n<p>Lanseringskonsert p\u00e5 Riksscenen i Oslo 29. november med \u00d8kland\/Apeland, Viken\/Brimi og H\u00e5tt.<\/p>\n<p><!--more--><\/p>\n<p>Dobbeltalbumet &quot;W. &#8211; Musikk av Hans W Brimi&quot; hyller den kjente spelemannen fra Garmo i Lom. Produsent og initiativtaker for prosjektet er s\u00f8nnes\u00f8nnen til Hans, felespilleren Aslak O. Brimi.<\/p>\n<h4>Nytolkninger<\/h4>\n<p>P\u00e5 &quot;W &#8211; Musikk av Hans W. Brimi&quot; blir et knippe av hans fineste sl\u00e5tter nytolket av flere av de fremste ut\u00f8verne innen folkemusikksjangeren i Norge i dag: Gjermund Larsen Trio, Sigbj\u00f8rn Apeland og Nils \u00d8kland, Astrid Sulheim, Leif Ingvar Ran\u00f8ien, Per Anders Buen Garn\u00e5s, trioen H\u00e5tt, duoen Erlend Viken\/Aslak O. Brimi og Gudbrandsd\u00f8lenes Spelemanslag. Musikerne har f\u00e5tt frie t\u00f8yler til \u00e5 utforske og utfordre musikken p\u00e5 sin m\u00e5te. Hans W. Brimi var kjent for \u00e5 ha et romslig forhold til hva som var rett og galt i folkemusikken. I Arvid M\u00f8llers biografi \u201dDen vare tonen\u201d sier han selv: \u201dHver enkelt spelemann m\u00e5 tolke sl\u00e5tten ut fra seg selv (&#8230;) Spelemannen lever seg inn i sl\u00e5tten, gir noe av seg selv i spelet. Dette er folkemusikk!\u201d<\/p>\n<h4>Hyljarhildring<\/h4>\n<p>Utgivelsen inneholder ogs\u00e5 en remastret nyutgave av Hans W. Brimis soloalbum &quot;Hyljarhildring&quot; fra 1987. Han var 70 \u00e5r det \u00e5ret, og platen ble et musikalsk h\u00f8gdepunkt i spelemannslivet hans. Albumet best\u00e5r av 19 egne komposisjoner og ble innspilt i Rainbow Studio med teknikerne Jan Erik Kongshaug og Rune Lindquist. Albumet har tidligere kun v\u00e6rt tilgjengelig p\u00e5 LP. Til sammen gir disse to platene et bredt bilde av den store musikalske arven etter Hans W. Brimi.<\/p>\n<p>Lanseringskonsert p\u00e5 Riksscenen i Oslo 29. november med \u00d8kland\/Apeland, Viken\/Brimi og H\u00e5tt.<\/p>\n<h4><\/h4>\n<\/p>\n<p><\/p>","protected":false},"excerpt":{"rendered":"<p>Et knippe av Brimis fineste sl\u00e5tter nytolket av flere av de fremste ut\u00f8verne innen folkemusikksjangeren i Norge i dag.<\/p>\n","protected":false},"featured_media":27308,"comment_status":"closed","ping_status":"open","template":"","meta":[],"product_brand":[],"product_cat":[35],"product_tag":[],"class_list":{"0":"post-866","1":"product","2":"type-product","3":"status-publish","4":"has-post-thumbnail","6":"product_cat-heilo","7":"product_shipping_class-cddvd-shipping","8":"uni_artist_tag-anders-erik-roine","9":"uni_artist_tag-andreas-utnem","10":"uni_artist_tag-aslak-opsahl-brimi","11":"uni_artist_tag-astrid-sulheim","12":"uni_artist_tag-erlend-viken","13":"uni_artist_tag-gjermund-larsen","14":"uni_artist_tag-gjermund-larsen-trio","15":"uni_artist_tag-hans-w-brimi","16":"uni_artist_tag-leif-ingvar-ranoien","17":"uni_artist_tag-nils-okland","18":"uni_artist_tag-nils-oyvind-bergset","19":"uni_artist_tag-per-anders-buen-garnas","20":"uni_artist_tag-sigbjorn-apeland","21":"uni_artist_tag-sondre-meisfjord","22":"uni_main_artist_tag-hans-w-brimi","23":"uni_artist_genre-folk-music","25":"first","26":"instock","27":"taxable","28":"shipping-taxable","29":"purchasable","30":"product-type-simple"},"_links":{"self":[{"href":"https:\/\/grappa.no\/no\/wp-json\/wp\/v2\/product\/866","targetHints":{"allow":["GET"]}}],"collection":[{"href":"https:\/\/grappa.no\/no\/wp-json\/wp\/v2\/product"}],"about":[{"href":"https:\/\/grappa.no\/no\/wp-json\/wp\/v2\/types\/product"}],"replies":[{"embeddable":true,"href":"https:\/\/grappa.no\/no\/wp-json\/wp\/v2\/comments?post=866"}],"wp:featuredmedia":[{"embeddable":true,"href":"https:\/\/grappa.no\/no\/wp-json\/wp\/v2\/media\/27308"}],"wp:attachment":[{"href":"https:\/\/grappa.no\/no\/wp-json\/wp\/v2\/media?parent=866"}],"wp:term":[{"taxonomy":"product_brand","embeddable":true,"href":"https:\/\/grappa.no\/no\/wp-json\/wp\/v2\/product_brand?post=866"},{"taxonomy":"product_cat","embeddable":true,"href":"https:\/\/grappa.no\/no\/wp-json\/wp\/v2\/product_cat?post=866"},{"taxonomy":"product_tag","embeddable":true,"href":"https:\/\/grappa.no\/no\/wp-json\/wp\/v2\/product_tag?post=866"}],"curies":[{"name":"wp","href":"https:\/\/api.w.org\/{rel}","templated":true}]}}