{"id":865,"date":"2012-08-31T00:00:00","date_gmt":"2012-08-30T23:00:00","guid":{"rendered":"http:\/\/www.grappa.no\/albums\/uncategorized\/tunge-steiner\/"},"modified":"2016-08-16T09:05:50","modified_gmt":"2016-08-16T08:05:50","slug":"tunge-steiner","status":"publish","type":"product","link":"https:\/\/grappa.no\/no\/albums\/grappa\/tunge-steiner\/","title":{"rendered":"Tunge steiner"},"content":{"rendered":"<p><\/p>\n<p>&#8211; De Musikalske Dvergene er De Musikalske Dvergene \u2013 kort og godt!<\/p>\n<p>De Musikalske Dvergene ble startet h\u00f8sten 1980 og fikk etter hvert status som et omgjengelig og jordn\u00e6rt kultband! De har aldri lagt skjul p\u00e5 at de st\u00e5r med beina trygt plassert i tradisjonen av tekstbasert, rett frem rock \u2019n roll, men de er aldri blitt direkte sammenliknet med noen andre!<br \/>\n &#8211; De Musikalske Dvergene er De Musikalske Dvergene \u2013 kort og godt!<br \/>\nN\u00e5 kommer deres syvende album ; \u201dTunge Steiner\u201d.<br \/>\nP\u00e5 deres nyeste plate er det et tyngre og tydeligere rockeband som st\u00e5r frem. Det skyldes dels at de har f\u00e5tt med to nye medlemmer siden forrige plate (Tom Harry Halvorsen og Willy Korneliussen), og dels et \u00f8nske om \u00e5 finne nye veier inn til l\u00e5tene. De \u00f8nsket nye impulser og nye \u00f8rer!<br \/>\nEtter dr\u00f8yt tretti \u00e5r har De Musikalske Dvergene rukket \u00e5 gi ut 6 plater, og de har f\u00e5tt gode kritikker for alle sammen! Fem av platene har hatt eget materiale, mens en ble laget sammen med Frode Aln\u00e6s og besto av norske versjoner av sanger av The Kinks. I forbindelse med markeringen av v\u00e5rt 30\u00e5rs jubileum h\u00f8sten 2010 ga de ut sin f\u00f8rste LP &#8211; \u201dEn klase bananer og en enkel seng\u201d &#8211; p\u00e5 nytt.<br \/>\n\u201dTunge Steiner\u201d \u2013 b\u00e5de p\u00e5 cd og vinyl.<\/p>\n<p><!--more--><\/p>\n<p>\u201dKonkret, rett frem, tekst basert norsk rock\u201d er ord som er brukt til \u00e5 beskrive De Musikalske Dvergene. De hadde sin f\u00f8rste opptreden i en roman (\u201dDen som lever ved sverd\u201d Erling Gjelsvik 1981), skrev sin egen fiktive biografi (\u201dDMD \u2013 Ned Abels All\u00e9\u201d \u2013 Eide Forlag) s\u00e5 tidlig som i 1991 &#8211; og har gitt ut 6 plater.<\/p>\n<h4>Et inkluderende kultband!<\/h4>\n<p>De Musikalske Dvergene ble startet h\u00f8sten 1980 og fikk etter hvert status som et omgjengelig og jordn\u00e6rt kultband! De har aldri lagt skjul p\u00e5 at de st\u00e5r med beina trygt plassert i tradisjonen av tekst basert, rett frem rock \u2019n roll, men de er aldri blitt direkte sammenliknet med noen andre!<br \/>\nDe Musikalske Dvergene er De Musikalske Dvergene \u2013 kort og godt!<br \/>\nDe har en klippefast tro p\u00e5 at hvis de lager jordn\u00e6r rett frem rock om vanlige ting, og synger slik de snakker, s\u00e5 vil folk skj\u00f8nne hva det er de snakker om. Derfor har de hardnakket fortsatt med \u00e5 levere en stadig st\u00f8rre samling sorgmuntre og selvironiske sanger om hverdagens fortredeligheter, sanger som passer til sm\u00e5 og store konserter, som allsang p\u00e5 vorspiel, &#8211; fest og &#8211; nachspiel, eller som lydspor til oppvasken.<\/p>\n<h4>Utgivelser<\/h4>\n<p>Etter dr\u00f8yt tretti \u00e5r har De Musikalske Dvergene rukket \u00e5 gi ut 6 plater, og f\u00e5tt gode kritikker for alle sammen! Fem av platene har hatt eget materiale, mens en ble laget sammen med Frode Aln\u00e6s og besto av norske versjoner av sanger av The Kinks. I forbindelse med markeringen av gruppens 30\u00e5rs jubileum h\u00f8sten 2010 ga vi ut sin f\u00f8rste LP &#8211; \u201dEn klase bananer og en enkel seng\u201d &#8211; p\u00e5 nytt. \u2013 Denne utgivelsen er innkj\u00f8pt av Norsk Kulturr\u00e5d!<\/p>\n<h4>Tunge steiner<\/h4>\n<p>P\u00e5 \u201dTunge steiner\u201d er det et tyngre og tydeligere rockeband som st\u00e5r frem.  De startet arbeidet med platen for mer enn tre \u00e5r siden. Underveis skiftet de mannskap og fikk med Willy Korneliussen p\u00e5 trommer og Tom Harry Halvorsen p\u00e5 tangenter. De tok seg tid til \u00e5 la den nye besetningen bli varm i tr\u00f8yen, spilte inn en julesang, og f\u00f8lte seg etterhvert som et nytt band p\u00e5 leiting etter et fornyet utrykk. De gikk tilbake til listen med nye l\u00e5ter, fikk med seg Ole Reinert Berg-Olsen (ORBO &amp; The Longshots) som produsent, og s\u00e5 begynte ting \u00e5 leve sitt eget liv. Underveis pr\u00f8vde de \u00e5 n\u00e6rme seg hver sang fra ulike vinkler og s\u00e5 kastet de mesteparten ut vinduet n\u00e5r innspillingene f\u00f8rst var i gang. <\/p>\n<p>\u00abTunge steiner\u00bb er spilt inn hjemme i huset til tekniker Bj\u00f8rn Ivar Tysse (BiT Lydstudio) i l\u00f8pet av to korte uker forsommeren 2011. Foruten gruppen bidrar Ole Reinert Berg-Olsen og Ine Tumyr p\u00e5 flere spor. <\/p>\n<p>Innholdsmessig dekker sangene hele spekteret fra snorkende samboere til sp\u00f8kelser. Her er fortellinger om \u00abEn dame fra Odda\u00bb og \u00abBirger Karlsen\u00bb &#8211; som kanskje er den f\u00f8rste norske rockel\u00e5t om det \u00e5 stemple ut fra jobben for siste gang. Alle tekster og melodier er ogs\u00e5 denne gangen signert Helge Gr\u00f8nhaug, unntatt \u00abSelevandring\u00bb der teksten er skrevet p\u00e5 en serviett samen med Bo Gr\u00f8nnings\u00e6ter under en middag p\u00e5 \u00abVerftet\u00bb mens solen var p\u00e5 veg ned bak Ask\u00f8y og Hurtigruten var p\u00e5 veg inn fjorden. <\/p>\n<p>\u00abTunge steiner\u00bb er mikset av Ole Reinert Berg-Olsen og Erick Jaskowiak i Monkey Holler Studio, Nashville, TN og mastret av: Eric Conn og Don Cobb, Independent Mastering, Nashville, TN<\/p>\n<p><\/p>","protected":false},"excerpt":{"rendered":"<p>De Musikalske Dvergene er De Musikalske Dvergene \u2013 kort og godt!<\/p>\n","protected":false},"featured_media":27076,"comment_status":"closed","ping_status":"open","template":"","meta":[],"product_brand":[],"product_cat":[6],"product_tag":[],"class_list":{"0":"post-865","1":"product","2":"type-product","3":"status-publish","4":"has-post-thumbnail","6":"product_cat-grappa","7":"product_shipping_class-cddvd-shipping","8":"uni_artist_tag-b-gronningsaeter","9":"uni_artist_tag-de-musikalske-dvergene","10":"uni_artist_tag-helge-gronhaug","11":"uni_artist_tag-ine-tumyr","12":"uni_artist_tag-orbo-ole-reinert-berg-olsen","13":"uni_main_artist_tag-de-musikalske-dvergene","14":"uni_artist_genre-rock","16":"first","17":"instock","18":"taxable","19":"shipping-taxable","20":"purchasable","21":"product-type-simple"},"_links":{"self":[{"href":"https:\/\/grappa.no\/no\/wp-json\/wp\/v2\/product\/865","targetHints":{"allow":["GET"]}}],"collection":[{"href":"https:\/\/grappa.no\/no\/wp-json\/wp\/v2\/product"}],"about":[{"href":"https:\/\/grappa.no\/no\/wp-json\/wp\/v2\/types\/product"}],"replies":[{"embeddable":true,"href":"https:\/\/grappa.no\/no\/wp-json\/wp\/v2\/comments?post=865"}],"wp:featuredmedia":[{"embeddable":true,"href":"https:\/\/grappa.no\/no\/wp-json\/wp\/v2\/media\/27076"}],"wp:attachment":[{"href":"https:\/\/grappa.no\/no\/wp-json\/wp\/v2\/media?parent=865"}],"wp:term":[{"taxonomy":"product_brand","embeddable":true,"href":"https:\/\/grappa.no\/no\/wp-json\/wp\/v2\/product_brand?post=865"},{"taxonomy":"product_cat","embeddable":true,"href":"https:\/\/grappa.no\/no\/wp-json\/wp\/v2\/product_cat?post=865"},{"taxonomy":"product_tag","embeddable":true,"href":"https:\/\/grappa.no\/no\/wp-json\/wp\/v2\/product_tag?post=865"}],"curies":[{"name":"wp","href":"https:\/\/api.w.org\/{rel}","templated":true}]}}