{"id":864,"date":"2015-10-16T00:00:00","date_gmt":"2015-10-15T23:00:00","guid":{"rendered":"http:\/\/www.grappa.no\/albums\/uncategorized\/host-autumn-fall\/"},"modified":"2016-04-19T19:17:37","modified_gmt":"2016-04-19T18:17:37","slug":"host-autumn-fall","status":"publish","type":"product","link":"https:\/\/grappa.no\/no\/albums\/grappa\/host-autumn-fall\/","title":{"rendered":"H\u00f8st Autumn Fall"},"content":{"rendered":"<p><\/p>\n<p>Filmmusikk fra Jan Vard\u00f8en<\/p>\n<p>16.oktober har Jan Vard\u00f8en premiere p\u00e5 sin nye spillefilm &quot;H\u00f8st Atumn Fall&quot;. Grappa gir ut filmmusikken, og Jan Vard\u00f8en har selv komponert l\u00e5tene. Nils Petter Molv\u00e6r bidrar som sollist. <\/p>\n<p>I filmen &quot;H\u00f8st Autumn Fall&quot; debuterer Ingeborg Sundrehagen Raust\u00f8l som hovedrolleinnhaver, mens Helge Jordal og Sverre Anker Ousdal gjenforenes p\u00e5 film 30 \u00e5r etter &quot;Orions Belte&quot;. Det viktigste for Vard\u00f8en er \u00e5 benytte de rette ingrediensene i alt han gj\u00f8r, og i &quot;H\u00f8st Autumn Fall&quot; kombinerer han hovedstaden i sin fineste \u00e5rstid, med noen av v\u00e5re beste skuespillere.<\/p>\n<p><!--more--><\/p>\n<p>16. oktober har Jan Vard\u00f8en premiere p\u00e5 sin nye spillefilm &quot;H\u00f8st Atumn Fall&quot;. Grappa gir ut filmmusikken, og Jan Vard\u00f8en har selv komponert l\u00e5tene. Nils Petter Molv\u00e6r bidrar som sollist.<\/p>\n<h4>Jan Vard\u00f8en<\/h4>\n<p>Jan Vard\u00f8en er kjent som forfatter, musiker, kokk, gr\u00fcnder og regiss\u00f8r. I 2013 lagde han kortfilmen WORKING STIFF med Robert Skj\u00e6rstad i hovedrollen, og i 2014 kom spillefilmen HEART OF LIGHTNESS &#8211; S\u00d8VNL\u00d8S I LOFOTEN. P3 Filmpolitiet kalte den sistnevnte &quot;overraskende morsom, underholdende og tro om Ibsenske kvaliteter&quot;. Filmen hadde et stjernelag av britiske skuespillere, og ble en kulthit i Amerika, med visninger i over 13 byer organisert gjennom kinotjenesten Tugg.<\/p>\n<h4>De rette ingrediensene<\/h4>\n<p>Det viktigste for Vard\u00f8en er \u00e5 benytte seg av de rette ingrediensene i alt han gj\u00f8r. I H\u00d8ST kombinerer han hovedstaden i sin fineste \u00e5rstid, med noen av v\u00e5re beste skuespillere. &quot;Jeg pr\u00f8vde s\u00e5 godt jeg kunne \u00e5 f\u00e5 med Helge Jordal i den forrige filmen min, men det lot seg ikke gj\u00f8re. S\u00e5 da skrev jeg denne til ham i stedet. Det var aldri snakk om noen annen til rollen &#8211; Helge er en fantastisk skuespiller som jeg har savnet p\u00e5 det store lerretet&quot; sier Vard\u00f8en.<\/p>\n<h4><\/h4>\n<\/p>\n<p><\/p>","protected":false},"excerpt":{"rendered":"<p>16. oktober har Jan Vard\u00f8en premiere p\u00e5 sin nye spillefilm &quot;H\u00f8st Atumn Fall&quot;. Grappa gir ut filmmusikken, og Jan Vard\u00f8en har selv komponert l\u00e5tene. Nils Petter Molv\u00e6r bidrar som sollist.<\/p>\n","protected":false},"featured_media":27202,"comment_status":"closed","ping_status":"open","template":"","meta":[],"product_brand":[],"product_cat":[6],"product_tag":[],"class_list":{"0":"post-864","1":"product","2":"type-product","3":"status-publish","4":"has-post-thumbnail","6":"product_cat-grappa","7":"product_shipping_class-cddvd-shipping","8":"uni_artist_tag-jan-vardoen","9":"uni_main_artist_tag-jan-vardoen","10":"uni_artist_genre-soundtrack","12":"first","13":"instock","14":"taxable","15":"shipping-taxable","16":"purchasable","17":"product-type-simple"},"_links":{"self":[{"href":"https:\/\/grappa.no\/no\/wp-json\/wp\/v2\/product\/864","targetHints":{"allow":["GET"]}}],"collection":[{"href":"https:\/\/grappa.no\/no\/wp-json\/wp\/v2\/product"}],"about":[{"href":"https:\/\/grappa.no\/no\/wp-json\/wp\/v2\/types\/product"}],"replies":[{"embeddable":true,"href":"https:\/\/grappa.no\/no\/wp-json\/wp\/v2\/comments?post=864"}],"wp:featuredmedia":[{"embeddable":true,"href":"https:\/\/grappa.no\/no\/wp-json\/wp\/v2\/media\/27202"}],"wp:attachment":[{"href":"https:\/\/grappa.no\/no\/wp-json\/wp\/v2\/media?parent=864"}],"wp:term":[{"taxonomy":"product_brand","embeddable":true,"href":"https:\/\/grappa.no\/no\/wp-json\/wp\/v2\/product_brand?post=864"},{"taxonomy":"product_cat","embeddable":true,"href":"https:\/\/grappa.no\/no\/wp-json\/wp\/v2\/product_cat?post=864"},{"taxonomy":"product_tag","embeddable":true,"href":"https:\/\/grappa.no\/no\/wp-json\/wp\/v2\/product_tag?post=864"}],"curies":[{"name":"wp","href":"https:\/\/api.w.org\/{rel}","templated":true}]}}