{"id":862,"date":"2013-03-08T00:00:00","date_gmt":"2013-03-07T23:00:00","guid":{"rendered":"http:\/\/www.grappa.no\/albums\/uncategorized\/j-s-bach-the-english-suites-bwv-806-811\/"},"modified":"2019-02-22T16:05:10","modified_gmt":"2019-02-22T15:05:10","slug":"j-s-bach-the-english-suites-bwv-806-811","status":"publish","type":"product","link":"https:\/\/grappa.no\/no\/albums\/simax-classics\/j-s-bach-the-english-suites-bwv-806-811\/","title":{"rendered":"J.S. Bach: The English Suites BWV 806-811"},"content":{"rendered":"<p><\/p>\n<p>Bachs Engelske Suiter i drivende og innsiktsfulle tolkninger av Ketil Haugsand<\/p>\n<p>Haugsands innspillinger av komponister som Forqueray, Rameau og Bach her etablert ham blant de fremste fortolkere i dag. De engelske suitene innehar en s\u00e6rstilling i Bachs produksjon for cembalo, og det er ikke uten en viss \u00e6refrykt Haugsand har gitt seg i kast med prosjektet. En kapasitet som Albert Schweitzer forstod og analyserte de Engelske Suitene som selve kronen p\u00e5 verket i den senere delen av Bachs produksjon. Nyere Bach-forskning har vurderer dem anderledes, og Bach-eksperten Peter Watchorn har skrevet en interessant artikkel til denne utgivelsen om suitenes tilblivelse. De &#8216;Engelske&#8217; ser ut til \u00e5 v\u00e6re Bachs aller f\u00f8rste fors\u00f8k p\u00e5 \u00e5 komponere store suiter, noe som om mulig gj\u00f8r dem enda mer imponerende.<\/p>\n<p>Ketil Haugsand, professor ved Hochschule f\u00fcr Musik i K\u00f6ln, regnes blant v\u00e5r tids betydelige cembalister og tidligmusikk-personligheter.<\/p>\n<p><!--more--><\/p>\n<p>Johann Sebastian Bachs &#8216;Engelske Suiter&#8217; i drivende og innsiktsfulle tolkninger av Ketil Haugsand<\/p>\n<h4>Ikke sene verker \u2013 men tidlige!<\/h4>\n<p>En kapasitet som Albert Schweitzer forstod og analyserte de Engelske Suitene som selve kronen p\u00e5 verket i den senere delen av Bachs produksjon. Nyere Bach-forskning har vurderer dem anderledes, og Bach-eksperten Peter Watchorn har skrevet en interessant artikkel til denne utgivelsen om suitenes tilblivelse. De &#8216;Engelske&#8217; ser ut til \u00e5 v\u00e6re Bachs aller f\u00f8rste fors\u00f8k p\u00e5 \u00e5 komponere store suiter, noe som om mulig gj\u00f8r dem enda mer imponerende.<\/p>\n<h4>&#8216;Engelsk&#8217; stil?<\/h4>\n<p>Tilnavnet denne suitesamlingen har f\u00e5tt er ogs\u00e5 et lite mysterium. I alle kopier fra f\u00f8rste del av 1700 tallet kalles den bare &#8216;suites avec preludes&#8217;, og stykkene er slett ikke i noen &#8216;engelsk stil&#8217;, men heller i en kombinasjon av fransk, italiensk og tysk stil. Forklaringen p\u00e5 tilnavnet kan ligge i at stykkene ble satt sammen til de suitene vi n\u00e5 kjenner i 1717, da Bach mottok en bestilling fra en engelsk &#8216;nobelman&#8217;. F\u00f8rst i samlingen setter han en suite helt i fransk stil \u2013 skrevet noen \u00e5r f\u00f8r han &#8216;oppdaget&#8217; den italienske musikken. Bach bruker videre fem italiensk-inspirerte konsertsatser han allerede har klare som f\u00f8rstesatser og komponerer videre fem sekvenser med franske danser.<\/p>\n<h4>\u00abKanskje alderen spiller inn?\u00bb Haugsand om sin egen Bach-fortolkning<\/h4>\n<p>\u00abDet at man er blitt eldre, har fjernet mange tidligere fordommer og utidige behov for \u00e5 uttrykke pre-fabrikert &#8216;antatt korrekthet&#8217; innen tolkningen &#8211; noe som resulterer i et mye friere musikalsk uttrykk: Hvis en Courante vitterlig er &#8216;fransk&#8217;, hvorfor da ikke bibeholde de uttrykk og kvaliteter som naturlig nok tilkommer den?<\/p>\n<p>For, hvis komponisten har formet dem s\u00e5 bra og s\u00e5 kunnig, f\u00e5r man anta at han kjente genren fullt ut og visste hvordan de skulle spilles, eller hur? Det var franske musikere &#8216;over alt&#8217; &#8211; Bach m\u00e5 ha h\u00f8rt dem og \u00f8yeblikkelig sanset hvordan de spilte. Ellers ville han aldri ha skrevet &#8216;deres musikk&#8217; s\u00e5 suverent som han gjorde. Vi vet jo at han skrev italienske konserter bedre enn italienerne (- Vivaldi er ikke akkurat skrekkelig vanskelig \u00e5 toppe &#8211; unnskyld!) &#8211; og hvis han hadde Dieupart&#8217;s suiter og Couperin&#8217;s pi\u00e9ces liggende, var det heller ingen kompliserte koder \u00e5 knekke for den unge Bach, m\u00e5 vite.\u00bb<\/p>\n<p><\/p>","protected":false},"excerpt":{"rendered":"<p>\u2013 Bare skaff deg denne innspillingen av Bachs \u00abEngelske suiter\u00bb med Ketil Haugsand [Egil Baumann \/ Klassekampen]<\/p>\n","protected":false},"featured_media":27777,"comment_status":"closed","ping_status":"open","template":"","meta":[],"product_brand":[],"product_cat":[180],"product_tag":[],"class_list":{"0":"post-862","1":"product","2":"type-product","3":"status-publish","4":"has-post-thumbnail","6":"product_cat-simax-classics","7":"product_shipping_class-cddvd-shipping","8":"uni_artist_tag-francois-eckert","9":"uni_artist_tag-johann-sebastian-bach","10":"uni_artist_tag-ketil-haugsand","11":"uni_main_artist_tag-ketil-haugsand","12":"uni_artist_genre-complete","13":"uni_artist_genre-early-music","15":"first","16":"instock","17":"taxable","18":"shipping-taxable","19":"purchasable","20":"product-type-simple"},"_links":{"self":[{"href":"https:\/\/grappa.no\/no\/wp-json\/wp\/v2\/product\/862","targetHints":{"allow":["GET"]}}],"collection":[{"href":"https:\/\/grappa.no\/no\/wp-json\/wp\/v2\/product"}],"about":[{"href":"https:\/\/grappa.no\/no\/wp-json\/wp\/v2\/types\/product"}],"replies":[{"embeddable":true,"href":"https:\/\/grappa.no\/no\/wp-json\/wp\/v2\/comments?post=862"}],"wp:featuredmedia":[{"embeddable":true,"href":"https:\/\/grappa.no\/no\/wp-json\/wp\/v2\/media\/27777"}],"wp:attachment":[{"href":"https:\/\/grappa.no\/no\/wp-json\/wp\/v2\/media?parent=862"}],"wp:term":[{"taxonomy":"product_brand","embeddable":true,"href":"https:\/\/grappa.no\/no\/wp-json\/wp\/v2\/product_brand?post=862"},{"taxonomy":"product_cat","embeddable":true,"href":"https:\/\/grappa.no\/no\/wp-json\/wp\/v2\/product_cat?post=862"},{"taxonomy":"product_tag","embeddable":true,"href":"https:\/\/grappa.no\/no\/wp-json\/wp\/v2\/product_tag?post=862"}],"curies":[{"name":"wp","href":"https:\/\/api.w.org\/{rel}","templated":true}]}}