{"id":860,"date":"2012-11-23T00:00:00","date_gmt":"2012-11-22T23:00:00","guid":{"rendered":"http:\/\/www.grappa.no\/albums\/uncategorized\/julestemning-i-nidarosdomen\/"},"modified":"2016-04-19T19:17:33","modified_gmt":"2016-04-19T18:17:33","slug":"julestemning-i-nidarosdomen","status":"publish","type":"product","link":"https:\/\/grappa.no\/no\/albums\/grappa\/julestemning-i-nidarosdomen\/","title":{"rendered":"Julestemning i Nidarosdomen"},"content":{"rendered":"<p><\/p>\n<p>Ny julecd fra Nidarosdomens Guttekor &#8211; med venner<\/p>\n<p>Nidarosdomens Guttekor, med dirigent Bj\u00f8rn Moe, inviterer oss b\u00e5de til \u00e5 lytte og til \u00e5 synge med p\u00e5 sin nye juleplate \u201cJulestemning i Nidarosdomen\u201d. Julens sanger fremf\u00f8rt av Nidarosdomens Guttekor er en lang og koselig tradisjon i advents- og juletiden, og p\u00e5 \u00e5rets juleplate har de ogs\u00e5 f\u00e5tt med seg en rekke av landets fremste artister, alle fra Tr\u00f8ndelag. \u00c5ge Aleksandersen er solist p\u00e5 l\u00e5ten \u201cTrondheimsnatt\u201d, Bjarne Br\u00f8ndbo synger \u201cMitt hjerte alltid vanker\u201d og leser juleevangeliet, som ogs\u00e5 var hans f\u00f8rste opptreden som 11-\u00e5ring. Harald Bj\u00f8rk\u00f8y fremf\u00f8rer den vakre \u201cO Hellige Natt\u201d og Henning Sommerro synger sin egenkomponerte sang, \u201cDen Fattige Gud\u201d. I tillegg har de med seg Arve Tellefsen som de ogs\u00e5 hvert \u00e5r holder en rekke julekonserter med \u2013 alltid for fullsatte hus. Med musikere rekruttert fra Trondheim Symfoniorkester har dette blitt en juleplate med et frodig repertoar. Med \u201cJulestemning i Nidarosdomen\u201d \u00f8nsker Nidarosdomens Guttekor \u00e5 la de kjente julesangene lyde p\u00e5 nytt. Og kanskje lar vi oss overraske over nye toner?<\/p>\n<p><!--more--><\/p>\n<p>Ny julecd fra Nidarosdomens Guttekor \u2013 med venner<\/p>\n<h4>Gjester &#8211; en rekke av landets fremste artister<\/h4>\n<p>Julens sanger fremf\u00f8rt av Nidarosdomens Guttekor er en lang og koselig tradisjon i advents- og juletiden, og p\u00e5 \u00e5rets juleplate har de ogs\u00e5 f\u00e5tt med seg en rekke av landets fremste artister, alle fra Tr\u00f8ndelag. \u00c5ge Aleksandersen er solist p\u00e5 l\u00e5ten \u201cTrondheimsnatt\u201d , Bjarne Br\u00f8ndbo synger \u201cMitt hjerte alltid vanker\u201d og leser juleevangeliet, som ogs\u00e5 var hans f\u00f8rste opptreden som 11-\u00e5ring. Harald Bj\u00f8rk\u00f8y fremf\u00f8rer den vakre \u201cO Hellige Natt\u201d og Henning Sommerro synger sin egenkomponerte sang, \u201cDen Fattige Gud\u201d. I tillegg har de med seg Arve Tellefsen som de ogs\u00e5 hvert \u00e5r holder en rekke julekonserter med \u2013 alltid for fullsatte hus.<\/p>\n<h4>Julestemning i Nidarosdomen<\/h4>\n<p>Med musikere rekruttert fra Trondheim Symfoniorkester har dette blitt en juleplate med et frodig repertoar. Med \u201cJulestemning i Nidarosdomen\u201d \u00f8nsker Nidarosdomens Guttekor \u00e5 la de kjente julesangene lyde p\u00e5 nytt. Og kanskje lar vi oss overraske over nye toner?<\/p>\n<h4><\/h4>\n<\/p>\n<p><\/p>","protected":false},"excerpt":{"rendered":"<p>Med \u201cJulestemning i Nidarosdomen\u201d \u00f8nsker Nidarosdomens Guttekor \u00e5 la de kjente julesangene lyde p\u00e5 nytt. Og kanskje lar vi oss overraske over nye toner?<\/p>\n","protected":false},"featured_media":27064,"comment_status":"closed","ping_status":"open","template":"","meta":[],"product_brand":[],"product_cat":[6],"product_tag":[],"class_list":{"0":"post-860","1":"product","2":"type-product","3":"status-publish","4":"has-post-thumbnail","6":"product_cat-grappa","7":"product_shipping_class-cddvd-shipping","8":"uni_artist_tag-adolphe-c-adam","9":"uni_artist_tag-age-aleksandersen","10":"uni_artist_tag-arnulf-johansen","11":"uni_artist_tag-arve-tellefsen","12":"uni_artist_tag-bjarne-brondbo","13":"uni_artist_tag-bjorn-moe","14":"uni_artist_tag-camille-saint-saens","15":"uni_artist_tag-carl-andreas-naess","16":"uni_artist_tag-emmy-kohler","17":"uni_artist_tag-erling-with-aasgard","18":"uni_artist_tag-frode-alnaes","19":"uni_artist_tag-frode-hoff","20":"uni_artist_tag-gard-wedo","21":"uni_artist_tag-gordon-thornett","22":"uni_artist_tag-gunnar-pedersen","23":"uni_artist_tag-gustav-holst","24":"uni_artist_tag-harald-bjorkoy","25":"uni_artist_tag-henning-sommerro","26":"uni_artist_tag-isak-demelash-brenne","27":"uni_artist_tag-l-m-lindeman","28":"uni_artist_tag-nidaros-symfoniorkester","29":"uni_artist_tag-the-nidaros-catherdral-boys-choir","30":"uni_artist_tag-trad","31":"uni_artist_tag-trygve-hoff","32":"uni_artist_tag-vegard-landaas","33":"uni_main_artist_tag-arve-tellefsen","34":"uni_artist_genre-choir","35":"uni_artist_genre-christmas-music","36":"uni_artist_genre-easy-listening","37":"uni_artist_genre-religious","39":"first","40":"instock","41":"taxable","42":"shipping-taxable","43":"purchasable","44":"product-type-simple"},"_links":{"self":[{"href":"https:\/\/grappa.no\/no\/wp-json\/wp\/v2\/product\/860","targetHints":{"allow":["GET"]}}],"collection":[{"href":"https:\/\/grappa.no\/no\/wp-json\/wp\/v2\/product"}],"about":[{"href":"https:\/\/grappa.no\/no\/wp-json\/wp\/v2\/types\/product"}],"replies":[{"embeddable":true,"href":"https:\/\/grappa.no\/no\/wp-json\/wp\/v2\/comments?post=860"}],"wp:featuredmedia":[{"embeddable":true,"href":"https:\/\/grappa.no\/no\/wp-json\/wp\/v2\/media\/27064"}],"wp:attachment":[{"href":"https:\/\/grappa.no\/no\/wp-json\/wp\/v2\/media?parent=860"}],"wp:term":[{"taxonomy":"product_brand","embeddable":true,"href":"https:\/\/grappa.no\/no\/wp-json\/wp\/v2\/product_brand?post=860"},{"taxonomy":"product_cat","embeddable":true,"href":"https:\/\/grappa.no\/no\/wp-json\/wp\/v2\/product_cat?post=860"},{"taxonomy":"product_tag","embeddable":true,"href":"https:\/\/grappa.no\/no\/wp-json\/wp\/v2\/product_tag?post=860"}],"curies":[{"name":"wp","href":"https:\/\/api.w.org\/{rel}","templated":true}]}}