{"id":859,"date":"2012-10-19T00:00:00","date_gmt":"2012-10-18T23:00:00","guid":{"rendered":"http:\/\/www.grappa.no\/albums\/uncategorized\/manesjuk\/"},"modified":"2016-08-16T08:49:54","modified_gmt":"2016-08-16T07:49:54","slug":"manesjuk","status":"publish","type":"product","link":"https:\/\/grappa.no\/no\/albums\/grappa\/manesjuk\/","title":{"rendered":"M\u00e5nesjuk"},"content":{"rendered":"<p><\/p>\n<p>Hilde Louise Asbj\u00f8rnsen hyller m\u00e5nen<\/p>\n<p>Hilde Louise Asbj\u00f8rnsens sjette album er en hyllest og en b\u00f8nn til m\u00e5nen om \u00e5 slippe \u00e5 gi etter, servert i en mix av jazz, pop og rock, med en tvist burlesque. Platen lanseres p\u00e5 Grappa Musikkforlag den 19. oktober, med p\u00e5f\u00f8lgende Norgesturn\u00e9 og Oslo-konsert p\u00e5 Rockefeller 25. november. L\u00e5tene ble unnfanget p\u00e5 et loft i SoHo, NYC, og utarbeidet i eget studio i M\u00f8llergata, Oslo. Asbj\u00f8rnsen har videref\u00f8rt samarbeidet med bandet bak \u00abSound Your Horn\u00bb(2008) og \u00abNever Ever Going Back\u00bb(2010), med produsent Anders Aarum bak spakene, og gitarist Svein Erik Martinsen \u00c5nestad som nytt tilskudd. Etter 10 \u00e5r p\u00e5 scenen som kabaret-skuespiller og jazz-sangerinne leverer Hilde Louise Asbj\u00f8rnsen n\u00e5 sitt f\u00f8rste album p\u00e5 dialekt. Besetningen best\u00e5r av all verdens tangenter, kontrabass, trommer, perkusjon, banjo, strykere og en mektig Gretsch-gitar.<\/p>\n<p><!--more--><\/p>\n<p>\u00abOm \u00e5 g\u00e5 i blinde, om \u00e5 be til han der oppe og han der nede, om \u00e5 k\u00f8yre alt for fort.\u00bb Hilde Louise Asbj\u00f8rnsens 6. album er en hyllest og en b\u00f8nn til m\u00e5nen om \u00e5 slippe \u00e5 gi etter, servert i en mix av jazz, pop og rock, med en tvist burlesque. Platen lanseres p\u00e5 Grappa Musikkforlag den 19. oktober, med p\u00e5f\u00f8lgende Norgesturn\u00e8 og Oslo-konsert p\u00e5 Rockefeller 25. november.<\/p>\n<h4>P\u00e5 dialekt<\/h4>\n<p>Etter 10 \u00e5r p\u00e5 scenen som kabaret-skuespiller og jazz-sangerinne leverer Hilde Louise Asbj\u00f8rnsen n\u00e5 sitt f\u00f8rste album p\u00e5 dialekt. Besetningen best\u00e5r av all verdens tangenter, kontrabass, trommer, perkusjon, banjo, strykere og en mektig Gretsch-gitar.<\/p>\n<h4>New York<\/h4>\n<p>Hilde Louise om prosjektet; &quot;Ei intens skrive-reise til New York gav meg avstand og ro til \u00e5 finne \u00abpennen\u00bb p\u00e5 nytt p\u00e5 eigen dialekt. Det var ein vanskeleg prosess, etter 5 solo-plater p\u00e5 engelsk, \u00e5 skulle finne mitt musikalske uttrykk igjen, i eit spr\u00e5k med heilt andre referansar. Tematisk handlar det om villfarne draumar, om \u00e5 sleppe taket og gi etter, og \u00e5 fors\u00f8ke \u00e5 finne tilbake etterp\u00e5.  I studio Oslo har eg, bandet og produsent Anders Aarum gjennomg\u00e5tt ein lang prosess med utarbeiing av musikken. Eg kjenner at dette er eit album som gir sterkare gjenklang i mine innerste referansar enn nokon gong tidlegare. Dette er rett og slett mitt soundtrack.\u00bb<\/p>\n<h4><\/h4>\n<\/p>\n<p><\/p>","protected":false},"excerpt":{"rendered":"<p>Etter 10 \u00e5r p\u00e5 scenen som kabaret-skuespiller og jazz-sangerinne leverer Hilde Louise Asbj\u00f8rnsen n\u00e5 sitt f\u00f8rste album p\u00e5 dialekt.<\/p>\n","protected":false},"featured_media":27073,"comment_status":"closed","ping_status":"open","template":"","meta":[],"product_brand":[],"product_cat":[6],"product_tag":[],"class_list":{"0":"post-859","1":"product","2":"type-product","3":"status-publish","4":"has-post-thumbnail","6":"product_cat-grappa","7":"product_shipping_class-cddvd-shipping","8":"uni_artist_tag-anders-aarum","9":"uni_artist_tag-atle-nymo","10":"uni_artist_tag-bjarke-falgren","11":"uni_artist_tag-hans-martin-austestad","12":"uni_artist_tag-hilde-louise-asbjornsen","13":"uni_artist_tag-jens-fossum","14":"uni_artist_tag-julie-dahle-aagard","15":"uni_artist_tag-karin-okkenhaug-seim","16":"uni_artist_tag-klaus-robert-blomvik","17":"uni_artist_tag-svein-erik-martinsen-anestad","18":"uni_main_artist_tag-hilde-louise-asbjornsen","19":"uni_artist_genre-jazz","20":"uni_artist_genre-pop","21":"uni_artist_genre-rock","23":"first","24":"instock","25":"taxable","26":"shipping-taxable","27":"purchasable","28":"product-type-simple"},"_links":{"self":[{"href":"https:\/\/grappa.no\/no\/wp-json\/wp\/v2\/product\/859","targetHints":{"allow":["GET"]}}],"collection":[{"href":"https:\/\/grappa.no\/no\/wp-json\/wp\/v2\/product"}],"about":[{"href":"https:\/\/grappa.no\/no\/wp-json\/wp\/v2\/types\/product"}],"replies":[{"embeddable":true,"href":"https:\/\/grappa.no\/no\/wp-json\/wp\/v2\/comments?post=859"}],"wp:featuredmedia":[{"embeddable":true,"href":"https:\/\/grappa.no\/no\/wp-json\/wp\/v2\/media\/27073"}],"wp:attachment":[{"href":"https:\/\/grappa.no\/no\/wp-json\/wp\/v2\/media?parent=859"}],"wp:term":[{"taxonomy":"product_brand","embeddable":true,"href":"https:\/\/grappa.no\/no\/wp-json\/wp\/v2\/product_brand?post=859"},{"taxonomy":"product_cat","embeddable":true,"href":"https:\/\/grappa.no\/no\/wp-json\/wp\/v2\/product_cat?post=859"},{"taxonomy":"product_tag","embeddable":true,"href":"https:\/\/grappa.no\/no\/wp-json\/wp\/v2\/product_tag?post=859"}],"curies":[{"name":"wp","href":"https:\/\/api.w.org\/{rel}","templated":true}]}}