{"id":858,"date":"2013-09-13T00:00:00","date_gmt":"2013-09-12T23:00:00","guid":{"rendered":"http:\/\/www.grappa.no\/albums\/uncategorized\/iranian-woman\/"},"modified":"2016-08-11T10:32:09","modified_gmt":"2016-08-11T09:32:09","slug":"iranian-woman","status":"publish","type":"product","link":"https:\/\/grappa.no\/no\/albums\/heilo\/iranian-woman\/","title":{"rendered":"Iranian Woman"},"content":{"rendered":"<p><\/p>\n<p>En hyllest til, og feiring av, den kvinnelige stemmen av Iran<\/p>\n<p>Musikken i Iran har lidd forf\u00f8lgelse gjennom store deler av sin eksistens, og har ogs\u00e5 derfor en sterk historie av overlevelse. Den har funnet veien gjennom artistene som har jobbet for \u00e5 bevare og videref\u00f8re denne uts\u00f8kte musikken, og s\u00f8rget for dens overlevelse opp gjennom \u00e5rene. Den fortsetter \u00e5 leve og utvikle seg takk til de kvinnene som presenteres her p\u00e5 dette albumet, som  hengivent har vedlikeholdt og utvidet tradisjonen gjennom deres opptredener over hele verden. <\/p>\n<p>Fuuse Mousiqi WOMAN serien presenterer stemmene og musikken av samtidens kvinner som er kunstneriske b\u00e6rere av sine urfolks- og forfedrenes musikkform og kulturarv. Det er en hyllest til, og feiring av, den kvinnelige stemmen; stemmen til mor, s\u00f8ster, datter, stemmen av historie, natur, kreativitet, liv, medf\u00f8lelse og fremtid.<\/p>\n<p><!--more--><\/p>\n<p>Fuuse Mousiqi WOMAN serien presenterer stemmene og musikken av samtidens kvinner som er kunstneriske b\u00e6rere av sine urfolk- og forfedrenes musikkform og kulturarv.<\/p>\n<h4>Musikkens historie i Iran<\/h4>\n<p>Musikken i Iran har lidd forf\u00f8lgelse gjennom store deler av sin eksistens, og har ogs\u00e5 derfor en sterk historie av overlevelse. Den har funnet veien gjennom artistene som har jobbet for \u00e5 bevare og videref\u00f8re denne uts\u00f8kte musikken, og s\u00f8rget for dens overlevelse opp gjennom gjennom \u00e5rene. Den fortsetter \u00e5 leve og utvikle seg takk til de kvinnene som presenteres her p\u00e5 dette albumet, som  hengivent har vedlikeholdt og utvidet tradisjonen gjennom deres opptredener og aktivisme over hele verden.<\/p>\n<h4>En feiring av, og hyllest til, den kvinnelige stemmen av Iran<\/h4>\n<p>Fuuse Mousiqi WOMAN serien presenterer stemmene og musikken av samtidens kvinner som er kunstneriske b\u00e6rere av sine urfolks- og forfedrenes musikkform og kulturarv. Det er en hyllest til, og feiring av, den kvinnelige stemmen; stemmen til mor, s\u00f8ster, datter, stemmen av historie, natur, kreativitet, liv, medf\u00f8lelse og fremtid.<\/p>\n<h4>Stemmene til samtidens kvinner<\/h4>\n<p>\u00abWOMAN serien er min m\u00e5te \u00e5 hedre og feire kvinner p\u00e5, og min personlige utforskning gjennom lokal, tradisjonell musikk fra deres landomr\u00e5der. Denne antologien danner en hyllest til kvinnene i Iran, spesielt deres mot, og til den uts\u00f8kte og musikalsk rike arven av Iran. Det er med stolthet, ydmykhet og dyp f\u00f8lelse av takknemlighet og beundring at jeg her presenterer stemmene til samtidens iranske kvinner.\u00bb &#8211; Deeyah.<\/p>\n<p><\/p>","protected":false},"excerpt":{"rendered":"<p>Grunnlagt av norsk-pakistanske artisten Deeyah, en prisvinnende film- og musikkskaper, er Fuuse Mousiqi et musikkselskap med en sosial samvittighet f\u00f8dt ut av fusjonen av lidenskap for musikk, kunst og aktivisme. Inspirasjonen og hensikten bak Fuuse Mousiqi er \u00e5 utforske krysningspunktene mellom selvutfoldelse og aktivisme, for \u00e5 innse at ethvert personlig uttrykk har en politisk og universell dimensjon. V\u00e5re stemmer er kilden til v\u00e5r makt, enten uttrykt gjennom tale eller sang.<\/p>\n","protected":false},"featured_media":27303,"comment_status":"closed","ping_status":"open","template":"","meta":[],"product_brand":[],"product_cat":[35],"product_tag":[],"class_list":{"0":"post-858","1":"product","2":"type-product","3":"status-publish","4":"has-post-thumbnail","6":"product_cat-heilo","7":"product_shipping_class-cddvd-shipping","8":"uni_artist_tag-ali-boustan","9":"uni_artist_tag-ali-rahimi","10":"uni_artist_tag-amir-siavashpoor","11":"uni_artist_tag-atabak-elyasi","12":"uni_artist_tag-ava-ayoubi","13":"uni_artist_tag-azam-ali","14":"uni_artist_tag-babak-abaee","15":"uni_artist_tag-bamdad-maleki","16":"uni_artist_tag-behnam-javid","17":"uni_artist_tag-behrang-baghaee","18":"uni_artist_tag-benjamin-wittma","19":"uni_artist_tag-carmen-rizzo","20":"uni_artist_tag-dastan-ensemble","21":"uni_artist_tag-dieter-hauer","22":"uni_artist_tag-erik-hillestad","23":"uni_artist_tag-esmaeil-sarkhosh","24":"uni_artist_tag-farahnaz-shaari","25":"uni_artist_tag-fariba-yavari","26":"uni_artist_tag-gjermund-silset","27":"uni_artist_tag-hasan-hadi-zarkani","28":"uni_artist_tag-hassan-moghaddam","29":"uni_artist_tag-hossein-alizadeh","30":"uni_artist_tag-iman-vaziri","31":"uni_artist_tag-jalal-amirpoursaeed","32":"uni_artist_tag-jamal-mohammadi","33":"uni_artist_tag-jamshied-sharifi","34":"uni_artist_tag-kayvan-saket","35":"uni_artist_tag-kenneth-ekornes","36":"uni_artist_tag-loga-ramin-torkian","37":"uni_artist_tag-mahdi-najafi","38":"uni_artist_tag-mahsa-vahdat","39":"uni_artist_tag-mamak-khadem","40":"uni_artist_tag-marc-shulman","41":"uni_artist_tag-marjan-vahdat","42":"uni_artist_tag-mohammad-khaladyan","43":"uni_artist_tag-moshtagh-feizyabi","44":"uni_artist_tag-naghmeh-gholami","45":"uni_artist_tag-nima-niktab","46":"uni_artist_tag-nima-youshij","47":"uni_artist_tag-omar-faruk-tekbilek","48":"uni_artist_tag-pari-isazadeh","49":"uni_artist_tag-pari-maleki","50":"uni_artist_tag-parissa","51":"uni_artist_tag-pasha-hanjani","52":"uni_artist_tag-pouria-akhavass","53":"uni_artist_tag-raha","54":"uni_artist_tag-reza-asgarzadeh","55":"uni_artist_tag-reza-sadredini","56":"uni_artist_tag-roubik-haroutunian","57":"uni_artist_tag-rumi","58":"uni_artist_tag-said-farajpoori","59":"uni_artist_tag-sepideh-raissadat","60":"uni_artist_tag-shadzi","61":"uni_artist_tag-shervin-mohajer","62":"uni_artist_tag-siamak-jahangiry","63":"uni_artist_tag-sina-khoshk-bijari","64":"uni_artist_tag-siroos-jamali","65":"uni_artist_tag-sohil-sun-ahmadi","66":"uni_artist_tag-sussan-deyhim","67":"uni_artist_tag-traditional","68":"uni_artist_tag-yasna-khoshfekr","69":"uni_artist_genre-iranian-music","70":"uni_artist_genre-world-music","72":"first","73":"instock","74":"taxable","75":"shipping-taxable","76":"purchasable","77":"product-type-simple"},"_links":{"self":[{"href":"https:\/\/grappa.no\/no\/wp-json\/wp\/v2\/product\/858","targetHints":{"allow":["GET"]}}],"collection":[{"href":"https:\/\/grappa.no\/no\/wp-json\/wp\/v2\/product"}],"about":[{"href":"https:\/\/grappa.no\/no\/wp-json\/wp\/v2\/types\/product"}],"replies":[{"embeddable":true,"href":"https:\/\/grappa.no\/no\/wp-json\/wp\/v2\/comments?post=858"}],"wp:featuredmedia":[{"embeddable":true,"href":"https:\/\/grappa.no\/no\/wp-json\/wp\/v2\/media\/27303"}],"wp:attachment":[{"href":"https:\/\/grappa.no\/no\/wp-json\/wp\/v2\/media?parent=858"}],"wp:term":[{"taxonomy":"product_brand","embeddable":true,"href":"https:\/\/grappa.no\/no\/wp-json\/wp\/v2\/product_brand?post=858"},{"taxonomy":"product_cat","embeddable":true,"href":"https:\/\/grappa.no\/no\/wp-json\/wp\/v2\/product_cat?post=858"},{"taxonomy":"product_tag","embeddable":true,"href":"https:\/\/grappa.no\/no\/wp-json\/wp\/v2\/product_tag?post=858"}],"curies":[{"name":"wp","href":"https:\/\/api.w.org\/{rel}","templated":true}]}}