{"id":856,"date":"2013-04-26T00:00:00","date_gmt":"2013-04-25T23:00:00","guid":{"rendered":"http:\/\/www.grappa.no\/albums\/uncategorized\/unni-lovlid-lux\/"},"modified":"2016-08-16T08:50:57","modified_gmt":"2016-08-16T07:50:57","slug":"unni-lovlid-lux","status":"publish","type":"product","link":"https:\/\/grappa.no\/no\/albums\/heilo\/unni-lovlid-lux\/","title":{"rendered":"Unni L\u00f8vlid: Lux"},"content":{"rendered":"<p><\/p>\n<p>Religi\u00f8se folketonar i nye klanglandskap<\/p>\n<p>&#8211; L\u00f8vlid\u00b4s voice is pure and direct, completely at ease with all the changing moods.  &#8211; Fiona Talkington, BBC<\/p>\n<p>Unni L\u00f8vlids f\u00f8rst albumutgjeving p\u00e5 fem \u00e5r, LUX, er b\u00e5de modig, utfordrande og n\u00e5delaust vakker p\u00e5 same tid. Hennar forrige album \u00abRite\u00bb bestod av eigenkomponerte l\u00e5ter i eit slags eksperimentelt elektronika-landsk\u00e5p, og fekk str\u00e5lande kritikkar b\u00e5de her heime og ute. P\u00e5 \u00abLUX\u00bb bringer ho religi\u00f8se folketonar og ein b\u00e5nsull fr\u00e5 Sogn og Fjordane inn i heilt nye klanglandskap. S\u00e5ngaren Unni L\u00f8vlid er ein av v\u00e5re mest profilerte ut\u00f8varar innen folkemusikken, men ho har heilt sidan ho var student ogs\u00e5 arbeidd med samtidsmusikk.<br \/>\nP\u00e5 \u00abLUX\u00bb m\u00f8tar Unnis n\u00e6re og jorda formidling av dei ofte m\u00f8rke og mektige religi\u00f8se folketonane samtidsmusikkens klanglege utforskartrang. Tekstar det lille mennesket, om d\u00f8d og om h\u00e5p. Inn i dette prosjektet har ho har invitert med den Spellemannvinnande og virtuose samtidsbassisten og venen H\u00e5kon Thelin (Poing, Oslo Sinfonietta, Ensemble Modern), som ho har arbeidd tett med i ei \u00e5rrekkje. Sentrale p\u00e5 albumet er ogs\u00e5 duoen Draup som spelar p\u00e5 glas, og bidreg med  ein n\u00e6r utanomjordisk stemning.<\/p>\n<p><!--more--><\/p>\n<p>Unni L\u00f8vlids f\u00f8rst albumutgjeving p\u00e5 fem \u00e5r, LUX, er b\u00e5de modig, utfordrande og n\u00e5delaust vakker p\u00e5 same tid. Hennar forrige album \u00abRite\u00bb bestod av eigenkomponerte l\u00e5ter i eit slags eksperimentelt elektronika-landsk\u00e5p, og fekk str\u00e5lande kritikkar b\u00e5de her heime og ute. P\u00e5 \u00abLUX\u00bb bringer ho religi\u00f8se folketonar og ein b\u00e5nsull fr\u00e5 Sogn og Fjordane inn i heilt nye klanglandskap.<\/p>\n<h4>LUX<\/h4>\n<p>P\u00e5 \u00abLUX\u00bb m\u00f8tar Unnis n\u00e6re og jorda formidling av dei ofte m\u00f8rke og mektige religi\u00f8se folketonane samtidsmusikkens klanglege utforskartrang. Tekstar det lille mennesket, om d\u00f8d og om h\u00e5p. Inn i dette prosjektet har ho har invitert med den Spellemannvinnande og virtuose samtidsbassisten og venen H\u00e5kon Thelin (Poing, Oslo Sinfonietta, Ensemble Modern), som ho har arbeidd tett med i ei \u00e5rrekkje. <\/p>\n<p>I omslagsteksten skriv H\u00e5kon: \u00abTil tross for Unni si ofte langsomme og sanselege kommunikasjon av teksten, forblir melodiane gl\u00f8dande, som om orda h\u00f8yrer til p\u00e5 jorda og melodien strekkjer seg inn i en himmel fylt med lyst. Og, for meg er det aller vakresta med sangen til Unni at eg alltid f\u00f8ler stemmen hennar i seg sj\u00f8lv smilar og kaster varmt lys over tonen.\u00bb <\/p>\n<p>Sentrale p\u00e5 albumet er ogs\u00e5 duoen Draup som spelar p\u00e5 glas, og bidreg med  ein n\u00e6r utanomjordisk stemning. Unni har ogs\u00e5 invitert inn den profilerte samtidskomponsiten Jon \u00d8yvind N\u00e6ss som har laga skrive arrangementet til Ned i Vester.<\/p>\n<h4><\/h4>\n<p><h4><\/h4>\n<\/p>\n<p><\/p>","protected":false},"excerpt":{"rendered":"<p>&#8211; L\u00f8vlids voice is pure and direct, completely at ease with all the changing moods.  &#8211; Fiona Talkington, BBC<\/p>\n","protected":false},"featured_media":27306,"comment_status":"closed","ping_status":"open","template":"","meta":[],"product_brand":[],"product_cat":[35],"product_tag":[],"class_list":{"0":"post-856","1":"product","2":"type-product","3":"status-publish","4":"has-post-thumbnail","6":"product_cat-heilo","7":"product_shipping_class-cddvd-shipping","8":"uni_artist_tag-hakon-thelin","9":"uni_artist_tag-liv-jorun-bergset","10":"uni_artist_tag-randi-merete-roset","11":"uni_artist_tag-trad","12":"uni_artist_tag-unni-lovlid","13":"uni_main_artist_tag-unni-lovlid","14":"uni_artist_genre-folk-music","16":"first","17":"instock","18":"taxable","19":"shipping-taxable","20":"purchasable","21":"product-type-simple"},"_links":{"self":[{"href":"https:\/\/grappa.no\/no\/wp-json\/wp\/v2\/product\/856","targetHints":{"allow":["GET"]}}],"collection":[{"href":"https:\/\/grappa.no\/no\/wp-json\/wp\/v2\/product"}],"about":[{"href":"https:\/\/grappa.no\/no\/wp-json\/wp\/v2\/types\/product"}],"replies":[{"embeddable":true,"href":"https:\/\/grappa.no\/no\/wp-json\/wp\/v2\/comments?post=856"}],"wp:featuredmedia":[{"embeddable":true,"href":"https:\/\/grappa.no\/no\/wp-json\/wp\/v2\/media\/27306"}],"wp:attachment":[{"href":"https:\/\/grappa.no\/no\/wp-json\/wp\/v2\/media?parent=856"}],"wp:term":[{"taxonomy":"product_brand","embeddable":true,"href":"https:\/\/grappa.no\/no\/wp-json\/wp\/v2\/product_brand?post=856"},{"taxonomy":"product_cat","embeddable":true,"href":"https:\/\/grappa.no\/no\/wp-json\/wp\/v2\/product_cat?post=856"},{"taxonomy":"product_tag","embeddable":true,"href":"https:\/\/grappa.no\/no\/wp-json\/wp\/v2\/product_tag?post=856"}],"curies":[{"name":"wp","href":"https:\/\/api.w.org\/{rel}","templated":true}]}}