{"id":851,"date":"2012-06-01T00:00:00","date_gmt":"2012-05-31T23:00:00","guid":{"rendered":"http:\/\/www.grappa.no\/albums\/uncategorized\/langt-sakte-tog\/"},"modified":"2016-08-16T08:50:35","modified_gmt":"2016-08-16T07:50:35","slug":"langt-sakte-tog","status":"publish","type":"product","link":"https:\/\/grappa.no\/no\/albums\/grappa\/langt-sakte-tog\/","title":{"rendered":"Langt sakte tog"},"content":{"rendered":"<p><\/p>\n<p>Nytt album fra Levi Henriksen og Thomas M\u00e5rud<\/p>\n<p>F\u00e5 ting er mer myteomspunnet og besunget i rock, country- og bluemusikken enn toget. Toget som tar deg av sted, toget som tar deg hjem, toget som setter livet ditt i bevegelse selv om du ofte ikke kommer deg lenger bort enn tilbake. Og mens mange av de klassiske temaene fra rockemusikken i 2012 har noe lett datert over seg, er toget fortsatt tidl\u00f8st. S\u00e5 lenge det finnes folk som plukker opp gitarer, vil det alltid finnes sanger om tog og den dragningen det har p\u00e5 folk som \u00f8nsker seg et helt annet sted. P\u00e5 Levi Henriksen og Thomas M\u00e5ruds fjerde plate \u00abLangt sakte tog\u00bb er toget den r\u00f8de tr\u00e5den. Med seg har de backingmusikere fra Bra landsens folk, og nettopp dette bandnavnet \u2013 hentet fra en novelle av dronningen av s\u00f8rstatsgotikk, Flannery O\u2019Connor \u2013 sier mye om innstillingen p\u00e5 dette albumet n\u00e5r det gjelder \u00e5 skrive tekster og tenke musikk. Plata er spilt inn p\u00e5 Varalden Samfunnshus p\u00e5 Finnskogen, og som flere av The Band og Rolling Stones sine utgivelser, s\u00f8ker den \u00e5 dyrke det \u00e5 g\u00e5 i et slags kunstnerisk eksil, \u00e5 meisle ut rockemusikk som tydelig er preget av omgivelsene og m\u00e5ten den ble spilt inn p\u00e5.<\/p>\n<p><!--more--><\/p>\n<p>Det g\u00e5r et langt sakte tog gjennom livet \u2013 Levi Henriksen og Thomas M\u00e5ruds fjerde album.<\/p>\n<h4>Toget som en r\u00f8d tr\u00e5d<\/h4>\n<p>P\u00e5 Levi Henriksen og Thomas M\u00e5ruds fjerde plate \u00abLangt sakte tog\u00bb er toget den r\u00f8de tr\u00e5den. Fra \u00e5pningssporet \u00abJeg har l\u00e6rt meg \u00e5 se toget g\u00e5\u00bb der hovedpersonen har gjort den dyrkj\u00f8pte erfaringen at det er fullt mulig \u00e5 reise seg til fant, til det avsluttende tittelsporet der toget blir brukt som en religi\u00f8s metafor. For det er n\u00e5 engang slik at n\u00e5r det gjelder tog, s\u00e5 er det ikke alltid viktigst \u00e5 vite n\u00e5r toget g\u00e5r, det er vel s\u00e5 vesentlig \u00e5 vite hvor det skal. \u00abLangt sakte tog\u00bb er den andre plata der Henriksen og M\u00e5rud har med seg sine backingmusikere i Bra Landsens Folk, og nettopp navnet p\u00e5 dette bandet \u2013 hentet fra en novelle skrevet av dronningen av s\u00f8rstatsgotikk, Flannery O\u2019Connor \u2013 sier mye om innstillingen p\u00e5 dette albumet b\u00e5de n\u00e5r det gjelder \u00e5 skrive tekster og tenke musikk.<\/p>\n<h4>Kunstnerisk eksil<\/h4>\n<p>Plata er spilt inn p\u00e5 Varalden Samfunnshus p\u00e5 Finnskogen, og som flere av The Band og Rolling Stones sine utgivelser, s\u00f8ker den \u00e5 dyrke det \u00e5 g\u00e5 i et slags kunstnerisk eksil, til \u00e5 meisle ut rockemusikk som tydelig er preget av omgivelsene og m\u00e5ten den ble spilt inn p\u00e5. De forskjellige sangene er alle fors\u00f8kt unnfanget i den klassiske m\u00e5ten \u00e5 tenke rock, slik det var den gang musikk kunne v\u00e6re morsom samtidig som den likevel kunne bety noe. Inspirasjonen fra 70-tallet og en felles forkj\u00e6rlighet for s\u00f8rstatsrock kan anes svevende over sanger som \u00abFaller, faller\u00bb og \u00abTil desember. P\u00e5 \u00abLangt sakte tog\u00bb er det ogs\u00e5 klart for en aldri s\u00e5 liten verdenspremiere for Henriksen og M\u00e5rud. \u00abUten deg er jorda flat\u00bb er nemlig f\u00f8rste gang p\u00e5 sju \u00e5r der de to har steget ut av sin vante roller n\u00e5r det gjelder hvem som skriver tekst og hvem som skriver melodi. Resultatet er blitt en av de mest radiovennlige l\u00e5tene de to har skrevet s\u00e5 langt.<\/p>\n<h4>Med jernbanen som hav<\/h4>\n<p>Levi Henriksen, Thomas M\u00e5rud og Bra Landsens Folk har sin base i Kongsvinger, og liker sp\u00f8kefullt \u00e5 kalle sin egen musikk for stasjonsbyrock og p\u00e5st\u00e5r hardnakket at de alle snakker stasjonsbynorsk. Og med det mener de kanskje \u00e5 si at de bekjenner seg til den s\u00e6regne rastl\u00f8sheten som legger seg i folk som vokser opp langs jernbaneskinnene, og siden Kongsvinger ligger i et av landets to fylker uten egen kystlinje, ser bandet rett og slett p\u00e5 jernbanen som sitt hav.<\/p>\n<p><\/p>","protected":false},"excerpt":{"rendered":"<p>\u2013 Forfatteren og bandet hans har levert sitt mest helhetlige &#8211; og beste &#8211; album. [5 Dagbladet]<\/p>\n","protected":false},"featured_media":27079,"comment_status":"closed","ping_status":"open","template":"","meta":[],"product_brand":[],"product_cat":[6],"product_tag":[],"class_list":{"0":"post-851","1":"product","2":"type-product","3":"status-publish","4":"has-post-thumbnail","6":"product_cat-grappa","7":"product_shipping_class-cddvd-shipping","8":"uni_artist_tag-anders-hunstad","9":"uni_artist_tag-botan-ronhovde","10":"uni_artist_tag-erik-johannessen","11":"uni_artist_tag-finn-lilleseth","12":"uni_artist_tag-karen-therese-ugelvik","13":"uni_artist_tag-lars-erik-westby","14":"uni_artist_tag-levi-henriksen","15":"uni_artist_tag-morten-andreassen","16":"uni_artist_tag-ola-welo","17":"uni_artist_tag-peder-oiseth","18":"uni_artist_tag-thomas-marud","19":"uni_main_artist_tag-levi-henriksen","20":"uni_artist_genre-rock","22":"first","23":"instock","24":"taxable","25":"shipping-taxable","26":"purchasable","27":"product-type-simple"},"_links":{"self":[{"href":"https:\/\/grappa.no\/no\/wp-json\/wp\/v2\/product\/851","targetHints":{"allow":["GET"]}}],"collection":[{"href":"https:\/\/grappa.no\/no\/wp-json\/wp\/v2\/product"}],"about":[{"href":"https:\/\/grappa.no\/no\/wp-json\/wp\/v2\/types\/product"}],"replies":[{"embeddable":true,"href":"https:\/\/grappa.no\/no\/wp-json\/wp\/v2\/comments?post=851"}],"wp:featuredmedia":[{"embeddable":true,"href":"https:\/\/grappa.no\/no\/wp-json\/wp\/v2\/media\/27079"}],"wp:attachment":[{"href":"https:\/\/grappa.no\/no\/wp-json\/wp\/v2\/media?parent=851"}],"wp:term":[{"taxonomy":"product_brand","embeddable":true,"href":"https:\/\/grappa.no\/no\/wp-json\/wp\/v2\/product_brand?post=851"},{"taxonomy":"product_cat","embeddable":true,"href":"https:\/\/grappa.no\/no\/wp-json\/wp\/v2\/product_cat?post=851"},{"taxonomy":"product_tag","embeddable":true,"href":"https:\/\/grappa.no\/no\/wp-json\/wp\/v2\/product_tag?post=851"}],"curies":[{"name":"wp","href":"https:\/\/api.w.org\/{rel}","templated":true}]}}