{"id":850,"date":"2012-11-09T00:00:00","date_gmt":"2012-11-08T23:00:00","guid":{"rendered":"http:\/\/www.grappa.no\/albums\/uncategorized\/frode-haltli-arne-nordheim-complete-accordion-works\/"},"modified":"2019-02-22T16:05:02","modified_gmt":"2019-02-22T15:05:02","slug":"frode-haltli-arne-nordheim-complete-accordion-works","status":"publish","type":"product","link":"https:\/\/grappa.no\/no\/albums\/simax-classics\/frode-haltli-arne-nordheim-complete-accordion-works\/","title":{"rendered":"Frode Haltli: Arne Nordheim Complete Accordion Works"},"content":{"rendered":"<p><\/p>\n<p>Komplett Arne Nordheim av Frode Haltli<\/p>\n<p>Frode Haltli tolker Arne Nordheim! Nordheims stykker for akkordeon er n\u00e5 samlet p\u00e5 \u00e9n utgivelse for aller f\u00f8rste gang. Det er en hyllest til v\u00e5r tids st\u00f8rste norske komponist, som gjennom sine verker for akkordeon revolusjonerer v\u00e5rt syn p\u00e5 hva et trekkspill kan v\u00e6re. Nordheim henter ut b\u00e5de dionosauriske prust og klanger som fra ren elektronikk, og Frode Haltli setter ny standard for hvordan denne musikken kan klinge.<\/p>\n<p>Nordheims stykker har en selvf\u00f8lgelig plass som internasjonale standardverk for akkordeon. Likevel er det f\u00f8rste gang de er samlet. N\u00e5r de s\u00e5 attp\u00e5til fortolkes av en kunstner med Haltlis naturlige tilstedev\u00e6relse og sensitivitet, ja da h\u00f8rer vi virkelig hvilken dybde og pasjon musikken rommer.<\/p>\n<p>Frode Haltli (f. 1975) begynte \u00e5 spille trekkspill som 7-\u00e5ring. Debutalbumet \u00abLooking on Darkness\u00bb ble utgitt p\u00e5 ECM i 2002 og mottok Spelemannprisen i kategorien \u2018samtidsmusikk\u2019. Han har v\u00e6rt solist med orkestre over hele verden, og opptr\u00e5dt med samme selvf\u00f8lgelighet p\u00e5 samtidsfestivaler i Warsawa, Witten og Huddersfield som p\u00e5 internasjonal kammermusikk-, jazz- og folkemusikkfestivaler.<\/p>\n<p><!--more--><\/p>\n<p>Frode Haltli tolker Arne Nordheim! Nordheims stykker for akkordeon er n\u00e5 samlet p\u00e5 \u00e9n utgivelse for aller f\u00f8rste gang. Det er en hyllest til v\u00e5r tids st\u00f8rste norske komponist, som gjennom sine verker for akkordeon revolusjonerer v\u00e5rt syn p\u00e5 hva et trekkspill kan v\u00e6re. Nordheim henter ut b\u00e5de dionosauriske prust og klanger som fra ren elektronikk, og Frode Haltli setter ny standard for hvordan denne musikken kan klinge.<\/p>\n<h4>\u00abOm jeg kan skrive et verk for akvarium?\u00bb, utbryt Arne Nordheim.<\/h4>\n<p>Sitatet er gjengitt av den danske mester-akkordeonisten Mogens Ellegaard, som p\u00e5 en d\u00e5rlig telefonlinje i 1967 ville invitere Nordheim til \u00e5 skrive sitt aller f\u00f8rste verk for akkordeon. Nye og ukjente klangmuligheter kunne selvf\u00f8lgelig ikke Nordheim si nei til, og dette banet veien for hele fem stykker for instrumentet. Ellegaard dukker ogs\u00e5 opp p\u00e5 denne innspillingen, i form av at tape-sporet p\u00e5 Dinosauros er spilt inn av nettopp ham.<\/p>\n<h4>Fortolkningsmuligheter i Nordheims partiturer<\/h4>\n<p>Haltli skriver selv i tekstheftet hvordan han er opptatt av \u00e5 vise hvilket stort fortolkningsmessig rom som ligger i Arne Nordheims musikk. Han har i stor grad g\u00e5tt tilbake til Nordheims opprinnelige partiturer i dette arbeidet, heller enn de offisielle &#8216;gjennompr\u00f8vede&#8217; utgavene, nettopp for \u00e5 kunne dra fordeler av \u00e5 v\u00e6re mer fristilt. Gitaristen Raoul Bj\u00f6rkenheim og perkusjonisten Hans-Kristian Kjos S\u00f8rensen bidrar til fulle i Signals, og Kringkastingsorkesteret under ledelse av Christian Eggen gir Spur den rette Nordheimske &#8216;d\u00e5men&#8217;.<\/p>\n<h4>Frode Haltli<\/h4>\n<p>Frode Haltli (f. 1975) begynte \u00e5 spille trekkspill som 7-\u00e5ring. Debutalbumet \u00abLooking on Darkness\u00bb ble utgitt p\u00e5 ECM i 2002 og mottok Spelemannprisen i kategorien \u2018samtidsmusikk\u2019.<br \/>\nHan har v\u00e6rt solist med orkestre over hele verden, og opptr\u00e5dt med samme selvf\u00f8lgelighet p\u00e5 samtidsfestivaler i Warsawa, Witten og Huddersfield som p\u00e5 internasjonal kammermusikk-, jazz- og folkemusikkfestivaler.<\/p>\n<p>Utgivelsen lanseres i Norge 10. november i Oslo Domkirke, der Frode Haltli spiller SPUR sammen med Kringkastingsorkesteret og deres nye sjefdirigent Miguel Harth-Bedoya.<\/p>\n<p>24. November lanseres platen med konsert under Huddersfield Contemporary Music Festival. Her spiller Haltli SPUR med Scottish Symphony Orchestra under ledelse av Mathias Pintscher.<\/p>\n<p><\/p>","protected":false},"excerpt":{"rendered":"<p>Nordheim henter ut b\u00e5de dionosauriske prust og klanger som fra ren elektronikk, og Frode Haltli setter ny standard for hvordan denne musikken kan klinge.<\/p>\n","protected":false},"featured_media":27774,"comment_status":"closed","ping_status":"open","template":"","meta":[],"product_brand":[],"product_cat":[180],"product_tag":[],"class_list":{"0":"post-850","1":"product","2":"type-product","3":"status-publish","4":"has-post-thumbnail","6":"product_cat-simax-classics","7":"product_shipping_class-cddvd-shipping","8":"uni_artist_tag-arne-nordheim","9":"uni_artist_tag-christian-eggen","10":"uni_artist_tag-frode-haltli","11":"uni_artist_tag-geoff-miles","12":"uni_artist_tag-hans-kristian-kjos-sorensen","13":"uni_artist_tag-norwegian-radio-orchestra","14":"uni_artist_tag-raoul-bjorkenheim","15":"uni_main_artist_tag-christian-eggen","16":"uni_artist_genre-chamber-music","17":"uni_artist_genre-concerto","18":"uni_artist_genre-contemporary-music","19":"uni_artist_genre-electronic","20":"uni_artist_genre-nominated-for-norwegian-grammy-nominert-til-spellemannprisen","22":"first","23":"instock","24":"taxable","25":"shipping-taxable","26":"purchasable","27":"product-type-simple"},"_links":{"self":[{"href":"https:\/\/grappa.no\/no\/wp-json\/wp\/v2\/product\/850","targetHints":{"allow":["GET"]}}],"collection":[{"href":"https:\/\/grappa.no\/no\/wp-json\/wp\/v2\/product"}],"about":[{"href":"https:\/\/grappa.no\/no\/wp-json\/wp\/v2\/types\/product"}],"replies":[{"embeddable":true,"href":"https:\/\/grappa.no\/no\/wp-json\/wp\/v2\/comments?post=850"}],"wp:featuredmedia":[{"embeddable":true,"href":"https:\/\/grappa.no\/no\/wp-json\/wp\/v2\/media\/27774"}],"wp:attachment":[{"href":"https:\/\/grappa.no\/no\/wp-json\/wp\/v2\/media?parent=850"}],"wp:term":[{"taxonomy":"product_brand","embeddable":true,"href":"https:\/\/grappa.no\/no\/wp-json\/wp\/v2\/product_brand?post=850"},{"taxonomy":"product_cat","embeddable":true,"href":"https:\/\/grappa.no\/no\/wp-json\/wp\/v2\/product_cat?post=850"},{"taxonomy":"product_tag","embeddable":true,"href":"https:\/\/grappa.no\/no\/wp-json\/wp\/v2\/product_tag?post=850"}],"curies":[{"name":"wp","href":"https:\/\/api.w.org\/{rel}","templated":true}]}}