{"id":846,"date":"2012-06-01T00:00:00","date_gmt":"2012-05-31T23:00:00","guid":{"rendered":"http:\/\/www.grappa.no\/albums\/uncategorized\/robert-smith-hald-thou-mayest\/"},"modified":"2016-08-16T08:50:34","modified_gmt":"2016-08-16T07:50:34","slug":"robert-smith-hald-thou-mayest","status":"publish","type":"product","link":"https:\/\/grappa.no\/no\/albums\/grappa\/robert-smith-hald-thou-mayest\/","title":{"rendered":"Robert Smith-Hald &#8211; Thou Mayest"},"content":{"rendered":"<p><\/p>\n<p>Robert Smith-Hald med nytt eksplosivt album! <\/p>\n<p>Norsk Amerikanske Robert Smith-Hald debuterte til glitrende anmeldelser med indiealbumet \u201cInnocence Said\u201d I 2009 med terningkast 5 i Dagblad, hyppig radiorotasjon og hedersplass i NRK musikkjournalist B\u00e5rd Ose&#8217;s bok \u201cDe 100 beste plater fra Bergen\u201d. Robert f\u00f8lger dette n\u00e5 opp med det eksplosive albumet \u201cThou Mayest\u201d spilt inn i 16 Ton Studio i Nashville Tennessee. Albumet i Americana sjangeren (Folk-rock) slippes 1 juni av Grappa.<\/p>\n<p><!--more--><\/p>\n<p>Norsk Amerikanske Robert Smith-Hald er klar med sitt andre album. &quot;Thou Mayest&quot; er et americana, folk-rock album og slippes 1 juni av Grappa.<\/p>\n<h4>&quot;There&#8217;s a black wind blowing, and it&#8217;s haunting you so bad..&quot;<\/h4>\n<p>Tittell\u00e5ten er inspirert av John Steinbeck&#8217;s episk roman \u201cEast of Eden\u201d , en delvis selvbiografisk roman som ogs\u00e5 tar for seg Steinbeck&#8217;s forhold til Gud og tro, om menneskets evne til \u00e5 skille mellom godt og vondt, og om valgene en tar i livet og hvordan det former deg. &quot;There&#8217;s a black wind blowing, and it&#8217;s haunting you so bad..&quot; (Thou Mayest)<br \/>\n&quot; That&#8217;s the best opening line I ever heard man.  Man I wish I had written that!&quot;  &#8211; Reese Wynans (Double Trouble)  fra innspillingen i Nashville.<\/p>\n<h4>Legendarisk rockestudio<\/h4>\n<p>&quot;Thou Mayest&quot; ble spilt inn i det legendariske rockestudioet 16 Ton i musikkhovedstaden Nashville. Grammy nominert Erick Jaskowiak og Spillemannsprisvinnende Orbo er produsenter.  De fikk med seg John Prine&#8217;s trommis Paul Griffith, Taylor Swift&#8217;s bassist Tim Marks, Fats Kaplin p\u00e5 fele , og legenden Reese Wynans (Double Trouble- Stevie Ray Vaughan) p\u00e5 Hammond B3 og Piano.  Faktum er at Thou Mayest ble spilt inn i ekstraordin\u00e6re omgivelser og med ekstraordin\u00e6re mennesker. Nashville og byens talentfulle musikere gjorde den til et eksepsjonelt album.<br \/>\n&quot;The best music experience I ever had&quot; &#8211; Robert Smith-Hald.<\/p>\n<h4><\/h4>\n<\/p>\n<p><\/p>","protected":false},"excerpt":{"rendered":"<p>Robert Smith-Hald debuterte til glitrende anmeldelser med indiealbumet &quot;Innocence Said&quot; i 2009 , n\u00e5 f\u00f8lger han opp med det eksplosive albumet &quot;Thou Mayest&quot;.<\/p>\n","protected":false},"featured_media":27075,"comment_status":"closed","ping_status":"open","template":"","meta":[],"product_brand":[],"product_cat":[6],"product_tag":[],"class_list":{"0":"post-846","1":"product","2":"type-product","3":"status-publish","4":"has-post-thumbnail","6":"product_cat-grappa","7":"product_shipping_class-cddvd-shipping","8":"uni_artist_tag-angela-primm","9":"uni_artist_tag-erick-jaskowiak","10":"uni_artist_tag-fats-kaplin","11":"uni_artist_tag-gale-mayes","12":"uni_artist_tag-ine-tumyr","13":"uni_artist_tag-lisa-torres","14":"uni_artist_tag-orbo-ole-reinert-berg-olsen","15":"uni_artist_tag-paul-griffith","16":"uni_artist_tag-reese-wynans","17":"uni_artist_tag-robert-smith-hald","18":"uni_artist_tag-stephanie-lambring","19":"uni_artist_tag-tim-marks","20":"uni_artist_tag-vegard-henanger","21":"uni_main_artist_tag-robert-smith-hald","22":"uni_artist_genre-country","23":"uni_artist_genre-rhythm-and-blues","24":"uni_artist_genre-rock","26":"first","27":"instock","28":"taxable","29":"shipping-taxable","30":"purchasable","31":"product-type-simple"},"_links":{"self":[{"href":"https:\/\/grappa.no\/no\/wp-json\/wp\/v2\/product\/846","targetHints":{"allow":["GET"]}}],"collection":[{"href":"https:\/\/grappa.no\/no\/wp-json\/wp\/v2\/product"}],"about":[{"href":"https:\/\/grappa.no\/no\/wp-json\/wp\/v2\/types\/product"}],"replies":[{"embeddable":true,"href":"https:\/\/grappa.no\/no\/wp-json\/wp\/v2\/comments?post=846"}],"wp:featuredmedia":[{"embeddable":true,"href":"https:\/\/grappa.no\/no\/wp-json\/wp\/v2\/media\/27075"}],"wp:attachment":[{"href":"https:\/\/grappa.no\/no\/wp-json\/wp\/v2\/media?parent=846"}],"wp:term":[{"taxonomy":"product_brand","embeddable":true,"href":"https:\/\/grappa.no\/no\/wp-json\/wp\/v2\/product_brand?post=846"},{"taxonomy":"product_cat","embeddable":true,"href":"https:\/\/grappa.no\/no\/wp-json\/wp\/v2\/product_cat?post=846"},{"taxonomy":"product_tag","embeddable":true,"href":"https:\/\/grappa.no\/no\/wp-json\/wp\/v2\/product_tag?post=846"}],"curies":[{"name":"wp","href":"https:\/\/api.w.org\/{rel}","templated":true}]}}