{"id":845,"date":"2012-06-01T00:00:00","date_gmt":"2012-05-31T23:00:00","guid":{"rendered":"http:\/\/www.grappa.no\/albums\/uncategorized\/dead-mans-shoes\/"},"modified":"2016-08-16T08:50:32","modified_gmt":"2016-08-16T07:50:32","slug":"dead-mans-shoes","status":"publish","type":"product","link":"https:\/\/grappa.no\/no\/albums\/grappa\/dead-mans-shoes\/","title":{"rendered":"Dead Man&#8217;s Shoes"},"content":{"rendered":"<p><\/p>\n<p>The Lucky Bullets &#8211; Dead Man&#8217;s Shoes<\/p>\n<p>Det startet med en Negroni, en bar og en prat\u2026 <\/p>\n<p>Og n\u00e5 er de klare med sitt ferske album ; \u201dDead Man\u2019s Shoes\u201d og ikke minst for \u00e5 sette standaren for norsk rockabilly.<\/p>\n<p>Mange kjenner igjen disse unge mennene fra Melodi Grand Prix 2011 hvor de deltok med l\u00e5ten \u201dFire Below\u201d. Etter \u00e5 ha tenkt \u201dhvorfor ikke\u201d stod de plutselig p\u00e5 scenen og slo til med 3.plass i finalen. Et eventyr av bragd fra et band med snevert innslagsfelt.<br \/>\nDette ble den nye starten og bandet turnerte land og strand for \u00e5 dekke behovet publikum og arrang\u00f8rer ville ha.<\/p>\n<p>Platen &quot;Dead Man&#8217;s Shoes&quot; gis ut 1. juni 2012 og er en intrikat plate, stappfull av referanser og nyvinninger fra en svunnen tid.<\/p>\n<p><!--more--><\/p>\n<p>Det startet med en Negroni, en bar og en prat\u2026 <\/p>\n<p>Og n\u00e5 er de klare med sitt ferske album ; \u201dDead Man\u2019s Shoes\u201d og ikke minst for \u00e5 sette standaren for norsk rockabilly.<\/p>\n<h4>Et eventyr<\/h4>\n<p>Mange kjenner igjen disse unge mennene fra Melodi Grand Prix 2011 hvor de deltok med l\u00e5ten \u201dFire Below\u201d. Etter \u00e5 ha tenkt \u201dhvorfor ikke\u201d stod de plutselig p\u00e5 scenen og slo til med 3.plass i finalen. Et eventyr av bragd fra et band med snevert innslagsfelt.<\/p>\n<h4>Referanser og nyvinninger fra en svunnen tid<\/h4>\n<p>Dette ble den nye starten og bandet turnerte land og strand for \u00e5 dekke behovet publikum og arrang\u00f8rer ville ha. Utlandet merket seg dette og n\u00e5r de f\u00f8rst trodde de hadde solgt seg tok europas st\u00f8rste autentiske rockabillyfestival kontakt og booket dem inn til storscenen. Nok en gang det f\u00f8rste norske rockabilly band til \u00e5 spille p\u00e5 en slik scene.<\/p>\n<p>\u201dDead Man\u2019s Shoes\u201d er en intrikat plate, stappfull av referanser og nyvinninger fra en svunnen tid.<\/p>\n<h4><\/h4>\n<\/p>\n<p><\/p>","protected":false},"excerpt":{"rendered":"<p>The Lucky Bullets gir ut platen &quot;Dead Man&#8217;s Shoes&quot; og er klare for \u00e5 sette standaren for norsk Rockabilly<\/p>\n","protected":false},"featured_media":27077,"comment_status":"closed","ping_status":"open","template":"","meta":[],"product_brand":[],"product_cat":[6],"product_tag":[],"class_list":{"0":"post-845","1":"product","2":"type-product","3":"status-publish","4":"has-post-thumbnail","6":"product_cat-grappa","7":"product_shipping_class-cddvd-shipping","8":"uni_artist_tag-arnie-norse","9":"uni_artist_tag-bendik-brenne","10":"uni_artist_tag-erik-berntsen","11":"uni_artist_tag-gene-pitney","12":"uni_artist_tag-knud-kleppe","13":"uni_artist_tag-lyndon-riley","14":"uni_artist_tag-palma-a-kleppe","15":"uni_artist_tag-peter-lundell","16":"uni_artist_tag-reidar-larsen","17":"uni_artist_tag-the-lucky-bullets","18":"uni_artist_tag-tore-beretzky","19":"uni_main_artist_tag-the-lucky-bullets","20":"uni_artist_genre-blues","21":"uni_artist_genre-country","22":"uni_artist_genre-rock","23":"uni_artist_genre-rockabilly","24":"uni_artist_genre-roots","26":"first","27":"instock","28":"taxable","29":"shipping-taxable","30":"purchasable","31":"product-type-simple"},"_links":{"self":[{"href":"https:\/\/grappa.no\/no\/wp-json\/wp\/v2\/product\/845","targetHints":{"allow":["GET"]}}],"collection":[{"href":"https:\/\/grappa.no\/no\/wp-json\/wp\/v2\/product"}],"about":[{"href":"https:\/\/grappa.no\/no\/wp-json\/wp\/v2\/types\/product"}],"replies":[{"embeddable":true,"href":"https:\/\/grappa.no\/no\/wp-json\/wp\/v2\/comments?post=845"}],"wp:featuredmedia":[{"embeddable":true,"href":"https:\/\/grappa.no\/no\/wp-json\/wp\/v2\/media\/27077"}],"wp:attachment":[{"href":"https:\/\/grappa.no\/no\/wp-json\/wp\/v2\/media?parent=845"}],"wp:term":[{"taxonomy":"product_brand","embeddable":true,"href":"https:\/\/grappa.no\/no\/wp-json\/wp\/v2\/product_brand?post=845"},{"taxonomy":"product_cat","embeddable":true,"href":"https:\/\/grappa.no\/no\/wp-json\/wp\/v2\/product_cat?post=845"},{"taxonomy":"product_tag","embeddable":true,"href":"https:\/\/grappa.no\/no\/wp-json\/wp\/v2\/product_tag?post=845"}],"curies":[{"name":"wp","href":"https:\/\/api.w.org\/{rel}","templated":true}]}}