{"id":843,"date":"2012-10-05T00:00:00","date_gmt":"2012-10-04T23:00:00","guid":{"rendered":"http:\/\/www.grappa.no\/albums\/uncategorized\/ivar-grydeland-bathymetric-modes\/"},"modified":"2018-08-30T09:06:43","modified_gmt":"2018-08-30T08:06:43","slug":"bathymetric-modes","status":"publish","type":"product","link":"https:\/\/grappa.no\/no\/albums\/hubro\/bathymetric-modes\/","title":{"rendered":"Bathymetric Modes"},"content":{"rendered":"<p><\/p>\n<p>Personlig instrumentalplate<\/p>\n<p>Batymetri = topografi som beskriver forhold under vann. Et batymetrisk kart gir informasjon om bunnforholdene i havet eller en innsj\u00f8, som for eksempel dybde. <\/p>\n<p>Bathymetric Modes er solodebuten til en av v\u00e5re favorittmusikere; Ivar Grydeland. Han er kanskje mest kjent som medlem i de improvisasjonsbaserte bandene Huntsville, Ballrogg og Dans Les Arbres (ECM), men spiller ogs\u00e5 med den idiosynkratiske popartisten Hanne Hukkelberg og rockebandet Last Heat. <\/p>\n<p>Tanken om \u00e5 gj\u00f8re et soloprosjekt har brukt mange \u00e5r p\u00e5 \u00e5 modnes og innspillingen har foreg\u00e5tt over lang tid. Resultat er en varm og personlig instrumentalplate som viser nye sider av musikeren Ivar Grydeland.<\/p>\n<p><!--more--><\/p>\n<p>Batymetri = topografi som beskriver forhold under vann. Et batymetrisk kart gir informasjon om bunnforholdene i havet eller en innsj\u00f8, som for eksempel dybde.<\/p>\n<h4>Personlig instrumentalmusikk<\/h4>\n<p>Tanken om \u00e5 gj\u00f8re et soloprosjekt har brukt mange \u00e5r p\u00e5 \u00e5 modnes og innspillingen har foreg\u00e5tt over lang tid. Resultat er en varm og personlig instrumentalplate som viser nye sider av musikeren Ivar Grydeland. Albumet best\u00e5r av seks komposisjoner fra perioden 2007-2011. De to gitardrevne og melodiske \u00e5pningsl\u00e5tene etterf\u00f8lges av mer abstrakte og klangfokuserte komposisjoner der den kompakte grafiske synthesizeren Tenori-on spille en sentral rolle. \u201cSynthens utforming, begrensninger og muligheter innbyr til  minimalistisk repetitiv m\u00f8nstermusikk \u201d, sier Ivar. \u201dUt i fra denne digitale lydveven av repetisjonen har jeg pr\u00f8vd \u00e5 hente ut og forsterke melodier og stemninger med forskjellige akustiske instrumenter.\u201d Musikken p\u00e5 \u201dBathymetric Modes\u201d er sterkt billedskapende og beveger seg mellom dynamisk drivende og mer duvende og statiske komposisjoner.<br \/>\nAlbumet vil appelere b\u00e5de til fans av Jim O\u00b4Rourke og Terry Riley.<\/p>\n<h4><\/h4>\n<p><h4><\/h4>\n<\/p>\n<p><\/p>","protected":false},"excerpt":{"rendered":"<p>Tanken om \u00e5 gj\u00f8re et soloprosjekt har brukt mange \u00e5r p\u00e5 \u00e5 modnes og innspillingen har foreg\u00e5tt over lang tid. Resultat er en varm og personlig instrumentalplate som viser nye sider av musikeren Ivar Grydeland.<\/p>\n","protected":false},"featured_media":27368,"comment_status":"closed","ping_status":"open","template":"","meta":[],"product_brand":[],"product_cat":[36],"product_tag":[],"class_list":{"0":"post-843","1":"product","2":"type-product","3":"status-publish","4":"has-post-thumbnail","6":"product_cat-hubro","7":"product_shipping_class-cddvd-shipping","8":"uni_artist_tag-ivar-grydeland","9":"uni_main_artist_tag-ivar-grydeland","11":"first","12":"instock","13":"taxable","14":"shipping-taxable","15":"purchasable","16":"product-type-simple"},"_links":{"self":[{"href":"https:\/\/grappa.no\/no\/wp-json\/wp\/v2\/product\/843","targetHints":{"allow":["GET"]}}],"collection":[{"href":"https:\/\/grappa.no\/no\/wp-json\/wp\/v2\/product"}],"about":[{"href":"https:\/\/grappa.no\/no\/wp-json\/wp\/v2\/types\/product"}],"replies":[{"embeddable":true,"href":"https:\/\/grappa.no\/no\/wp-json\/wp\/v2\/comments?post=843"}],"wp:featuredmedia":[{"embeddable":true,"href":"https:\/\/grappa.no\/no\/wp-json\/wp\/v2\/media\/27368"}],"wp:attachment":[{"href":"https:\/\/grappa.no\/no\/wp-json\/wp\/v2\/media?parent=843"}],"wp:term":[{"taxonomy":"product_brand","embeddable":true,"href":"https:\/\/grappa.no\/no\/wp-json\/wp\/v2\/product_brand?post=843"},{"taxonomy":"product_cat","embeddable":true,"href":"https:\/\/grappa.no\/no\/wp-json\/wp\/v2\/product_cat?post=843"},{"taxonomy":"product_tag","embeddable":true,"href":"https:\/\/grappa.no\/no\/wp-json\/wp\/v2\/product_tag?post=843"}],"curies":[{"name":"wp","href":"https:\/\/api.w.org\/{rel}","templated":true}]}}