{"id":829,"date":"2008-03-10T00:00:00","date_gmt":"2008-03-09T23:00:00","guid":{"rendered":"http:\/\/www.grappa.no\/albums\/uncategorized\/hardcore-piano\/"},"modified":"2016-12-15T11:48:14","modified_gmt":"2016-12-15T10:48:14","slug":"hardcore-piano","status":"publish","type":"product","link":"https:\/\/grappa.no\/no\/albums\/blue-mood-records\/hardcore-piano\/","title":{"rendered":"Hardcore Piano"},"content":{"rendered":"<p><\/p>\n<p>Musikalsk medisin fra Dr Bekken<\/p>\n<p>Dr Bekken har gjennom de siste \u00e5rene bemerket seg som en velkjent underholder p\u00e5 blues og jazzklubber. Han fikk for alvoret \u00f8ynene opp p\u00e5 anmelderne med sitt forrige album, Flood street, som fikk terningkast 6 i blant annet Aftenposten! Hardcore Piano er Bekkens 6. album, og denne gangen blander han inn en del klassisk bluespiano, der arven etter blant andre Professor Longhair og James Booker st\u00e5r sterkt, med egne lyriske komposisjoner. Gjennom 11 instrumentale pianol\u00e5ter blir vi med doktoren p\u00e5 et dypdykk i den bl\u00e5 musikkens sjel: innspilt live, i et opptak, uten miksing. Bekken er en sv\u00e6rt dyktig liveartist, og denne formen for smal pianomusikk h\u00f8rer strengt tatt ikke hjemme p\u00e5 plate, med mindre man utgir p\u00e5 Blue Mood Records. Resultatet er en utgivelse som er unik i norsk sammenheng \u2013 en musikalsk vidunderkur som gj\u00f8r underverker for \u00f8rene s\u00e5vel som for sjelen.<\/p>\n<p><!--more--><\/p>\n<h4><\/h4>\n<\/p>\n<h4><\/h4>\n<p><h4><\/h4>\n<\/p>\n<p><\/p>","protected":false},"excerpt":{"rendered":"<p>\u2013 Du verden s\u00e5 fint det er at det finnes slike som han her hjemme som tar vare p\u00e5 denne tradisjonen. [Side2]<\/p>\n","protected":false},"featured_media":26883,"comment_status":"closed","ping_status":"open","template":"","meta":[],"product_brand":[],"product_cat":[51],"product_tag":[],"class_list":{"0":"post-829","1":"product","2":"type-product","3":"status-publish","4":"has-post-thumbnail","6":"product_cat-blue-mood-records","7":"product_shipping_class-cddvd-shipping","8":"uni_artist_tag-dr-bekken","9":"uni_main_artist_tag-dr-bekken","10":"uni_artist_genre-blues","11":"uni_artist_genre-piano","13":"first","14":"instock","15":"taxable","16":"shipping-taxable","17":"purchasable","18":"product-type-simple"},"_links":{"self":[{"href":"https:\/\/grappa.no\/no\/wp-json\/wp\/v2\/product\/829","targetHints":{"allow":["GET"]}}],"collection":[{"href":"https:\/\/grappa.no\/no\/wp-json\/wp\/v2\/product"}],"about":[{"href":"https:\/\/grappa.no\/no\/wp-json\/wp\/v2\/types\/product"}],"replies":[{"embeddable":true,"href":"https:\/\/grappa.no\/no\/wp-json\/wp\/v2\/comments?post=829"}],"wp:featuredmedia":[{"embeddable":true,"href":"https:\/\/grappa.no\/no\/wp-json\/wp\/v2\/media\/26883"}],"wp:attachment":[{"href":"https:\/\/grappa.no\/no\/wp-json\/wp\/v2\/media?parent=829"}],"wp:term":[{"taxonomy":"product_brand","embeddable":true,"href":"https:\/\/grappa.no\/no\/wp-json\/wp\/v2\/product_brand?post=829"},{"taxonomy":"product_cat","embeddable":true,"href":"https:\/\/grappa.no\/no\/wp-json\/wp\/v2\/product_cat?post=829"},{"taxonomy":"product_tag","embeddable":true,"href":"https:\/\/grappa.no\/no\/wp-json\/wp\/v2\/product_tag?post=829"}],"curies":[{"name":"wp","href":"https:\/\/api.w.org\/{rel}","templated":true}]}}