{"id":815,"date":"2012-09-28T00:00:00","date_gmt":"2012-09-27T23:00:00","guid":{"rendered":"http:\/\/www.grappa.no\/albums\/uncategorized\/bach-and-telemann-concertos-for-viola-and-bassoon\/"},"modified":"2019-02-22T16:04:55","modified_gmt":"2019-02-22T15:04:55","slug":"bach-and-telemann-concertos-for-viola-and-bassoon","status":"publish","type":"product","link":"https:\/\/grappa.no\/no\/albums\/simax-classics\/bach-and-telemann-concertos-for-viola-and-bassoon\/","title":{"rendered":"Bach and Telemann concertos for Viola and Bassoon"},"content":{"rendered":"<p><\/p>\n<p>Uh\u00f8rt J.S. Bach!<\/p>\n<p>En utgivelse som kanskje peker nese til purister innen tidligmusikkbevegelsen: Med solister i verdensklasse omformer de &#8216;historiske sannheter&#8217; fra selveste J.S. Bach. Selv mener de at de videref\u00f8rer praksisen som r\u00e5det p\u00e5 komponistens tid og byr p\u00e5 til n\u00e5 uh\u00f8rte versjoner av Bachs musikk.<\/p>\n<p>V\u00e5r egen super-bratsjist Lars Anders Tomter videref\u00f8rer innspillingen av Mozarts klarinettkonsert i bratsj-versjon, og med seg har han en sensasjonell fagottist; den estiske Martin Kuuskmann. Ikke bare transkriberer de solokonserter til sine egne instrumenter, de setter ogs\u00e5 sammen en konsert basert p\u00e5 fragmenter og deler fra andre stykker. Alts\u00e5 mye p\u00e5 samme m\u00e5ten som Bach selv gjorde :-). 1B1 (Ensemble Bjergsted 1) er et (for)rykende ferskt orkester som har blitt til i det store kunstneriske overskuddet musikkaktiviteten i Stavanger gir. Siden etableringen i 2008 har orkesteret rukket \u00e5 gj\u00f8re konsertprosjekter med bl.a. Hilliard Ensemble, Clemens Hagen, Benjamin Schmid og Steve Reich.<\/p>\n<p><!--more--><\/p>\n<p>1B1 CD-debuterer med en utgivelse som kanskje peker nese til purister innen tidligmusikkbevegelsen. Med solister i verdensklasse omformer de &#8216;historiske sannheter&#8217; fra selveste J.S. Bach. Selv mener de at de videref\u00f8rer praksisen som r\u00e5det p\u00e5 komponistens tid og byr p\u00e5 til n\u00e5 uh\u00f8rte versjoner av Bachs musikk.<\/p>\n<h4>Bach-konserter<\/h4>\n<p>Bach skrev 14 solokonserter for cembalo rundt 1740 i Leipzig. Det vil si: det er som cembalokonserter de har blitt best kjent \u2013 egentlig er de arrangementer av konserter for andre instrumenter som var skrevet s\u00e5 tidlig som 1708. I m\u00f8tet med det fantastiske musikerne Collegium Musicum omarbeidet Bach sine gamle konserter til nye verker, helt standard prosedyre for alle komponister p\u00e5 denne tiden.<\/p>\n<h4>Tomter og Kuuskmann videref\u00f8rer praksis og utfordrer autentisiteten<\/h4>\n<p>V\u00e5r egen super-bratsjist Lars Anders Tomter videref\u00f8rer innspillingen av Mozarts klarinettkonsert i bratsj-versjon, og med seg har han en sensasjonell fagottist; den estiske Martin Kuuskmann. Ikke bare transkriberer de solokonserter til sine egne instrumenter, de setter ogs\u00e5 sammen en konsert basert p\u00e5 fragmenter og deler fra andre stykker. Alts\u00e5 mye p\u00e5 samme m\u00e5ten som Bach selv gjorde \ud83d\ude42<\/p>\n<h4>Nytt orkester i Stavanger med CD-debut<\/h4>\n<p>1B1 (Ensemble Bjergsted 1) er et (for)rykende ferskt orkester som har blitt til i det store kunstneriske overskuddet musikkaktiviteten i Stavanger gir. Siden etableringen i 2008 har orkesteret rukket \u00e5 gj\u00f8re konsertprosjekter med bl.a. Hilliard Ensemble, Clemens Hagen, Benjamin Schmid og Steve Reich. Grunnlegger og kunstnerisk leder, Jan Bj\u00f8ranger, har en fremtredende posisjon i Norsk musikkliv, b\u00e5de som ut\u00f8ver og pedagog og er ogs\u00e5 en ettertraktet leder for topp europeiske ensembler som Camerata Salzburg og Scottish Chamber Orchestra.<\/p>\n<p>23. september presenterer Tomter, Kuuskmann og 1B1 utgivelsen med konsert i Stavangers nye konserthus og avslutter med dette konserthusets ti dager lange \u00abhouswarming\u00bb<\/p>\n<p><\/p>","protected":false},"excerpt":{"rendered":"<p>Tomter, Kuuskmann og 1B1 peker nese til puristene! Uh\u00f8rte versjoner av Bachs musikk.<\/p>\n","protected":false},"featured_media":27772,"comment_status":"closed","ping_status":"open","template":"","meta":[],"product_brand":[],"product_cat":[180],"product_tag":[],"class_list":{"0":"post-815","1":"product","2":"type-product","3":"status-publish","4":"has-post-thumbnail","6":"product_cat-simax-classics","7":"product_shipping_class-cddvd-shipping","8":"uni_artist_tag-1b1","9":"uni_artist_tag-georg-philipp-telemann","10":"uni_artist_tag-jan-bjoranger","11":"uni_artist_tag-johann-sebastian-bach","12":"uni_artist_tag-lars-anders-tomter","13":"uni_artist_tag-martin-kuuskmann","14":"uni_artist_tag-sean-lewis","15":"uni_main_artist_tag-1b1","16":"uni_artist_genre-concerto","17":"uni_artist_genre-early-music","18":"uni_artist_genre-orchestral","19":"uni_artist_genre-world-premiere-recording","21":"first","22":"instock","23":"taxable","24":"shipping-taxable","25":"purchasable","26":"product-type-simple"},"_links":{"self":[{"href":"https:\/\/grappa.no\/no\/wp-json\/wp\/v2\/product\/815","targetHints":{"allow":["GET"]}}],"collection":[{"href":"https:\/\/grappa.no\/no\/wp-json\/wp\/v2\/product"}],"about":[{"href":"https:\/\/grappa.no\/no\/wp-json\/wp\/v2\/types\/product"}],"replies":[{"embeddable":true,"href":"https:\/\/grappa.no\/no\/wp-json\/wp\/v2\/comments?post=815"}],"wp:featuredmedia":[{"embeddable":true,"href":"https:\/\/grappa.no\/no\/wp-json\/wp\/v2\/media\/27772"}],"wp:attachment":[{"href":"https:\/\/grappa.no\/no\/wp-json\/wp\/v2\/media?parent=815"}],"wp:term":[{"taxonomy":"product_brand","embeddable":true,"href":"https:\/\/grappa.no\/no\/wp-json\/wp\/v2\/product_brand?post=815"},{"taxonomy":"product_cat","embeddable":true,"href":"https:\/\/grappa.no\/no\/wp-json\/wp\/v2\/product_cat?post=815"},{"taxonomy":"product_tag","embeddable":true,"href":"https:\/\/grappa.no\/no\/wp-json\/wp\/v2\/product_tag?post=815"}],"curies":[{"name":"wp","href":"https:\/\/api.w.org\/{rel}","templated":true}]}}